{"id":8693,"date":"2019-11-28T13:13:44","date_gmt":"2019-11-28T12:13:44","guid":{"rendered":"https:\/\/fullsignature.eu\/?page_id=8693"},"modified":"2021-07-16T14:42:12","modified_gmt":"2021-07-16T12:42:12","slug":"firma-electronica-de-contratos-online-con-validacion-documental","status":"publish","type":"page","link":"https:\/\/fullsignature.eu\/index.php\/firma-electronica-de-contratos-online-con-validacion-documental\/","title":{"rendered":"Firma electr\u00f3nica de Contratos online con validaci\u00f3n documental"},"content":{"rendered":"<p>[vc_row][vc_column][rev_slider_vc alias=\u00bbfirma-contratos-validacion-documental\u00bb enable_paspartu=\u00bbno\u00bb][\/vc_column][\/vc_row][vc_row css=\u00bb.vc_custom_1611321505953{margin-top: 20px !important;}\u00bb][vc_column]<div class=\"mkdf-section-title-holder  mkdf-st-standard mkdf-st-title-left mkdf-st-normal-space \" >\n\t<div class=\"mkdf-st-inner\">\n\t\t\t\t\t<h1 class=\"mkdf-st-title\" style=\"color: #0059a3\">\n\t\t\t\tFirma electr\u00f3nica de contratos con validaci\u00f3n documental\t\t\t<\/h1>\n\t\t\t\t\t<\/div>\n<\/div>[vc_empty_space height=\u00bb10px\u00bb][vc_separator color=\u00bbcustom\u00bb style=\u00bbdotted\u00bb accent_color=\u00bb#f2006e\u00bb][vc_empty_space height=\u00bb10px\u00bb]<div class=\"mkdf-section-title-holder  mkdf-st-standard mkdf-st-title-left mkdf-st-normal-space \" >\n\t<div class=\"mkdf-st-inner\">\n\t\t\t\t\t\t\t<h3 class=\"mkdf-st-text\" style=\"color: #f2006e;margin-top: 0px\">\n\t\t\t\tFirma de contratos digitales con la m\u00e1xima garant\u00eda jur\u00eddica ofrecida por la validaci\u00f3n documental\t\t\t<\/h3>\n\t\t\t<\/div>\n<\/div>[vc_empty_space height=\u00bb15px\u00bb][\/vc_column][\/vc_row][vc_row css=\u00bb.vc_custom_1611321498291{margin-top: 20px !important;}\u00bb][vc_column width=\u00bb5\/6&#8243;][vc_row_inner][vc_column_inner][vc_column_text]<\/p>\n<p style=\"text-align: justify;\"><img class=\"size-medium wp-image-9929 alignleft\" src=\"https:\/\/fullsignature.eu\/wp-content\/uploads\/2021\/01\/img-lateral-izquierda-validacion-documental-245x300.png\" alt=\"\" width=\"300\" srcset=\"https:\/\/fullsignature.eu\/wp-content\/uploads\/2021\/01\/img-lateral-izquierda-validacion-documental-245x300.png 245w, https:\/\/fullsignature.eu\/wp-content\/uploads\/2021\/01\/img-lateral-izquierda-validacion-documental.png 500w\" sizes=\"(max-width: 245px) 100vw, 245px\" \/>Servicio de contratos electr\u00f3nicos que otorga la <strong>maxima seguridad en sus firmas mediante la subida documental del remitente, el destinatario y su posterior validaci\u00f3n<\/strong>.<\/p>\n<p>Con este servicio ofrecido de <strong><span style=\"color: #0059a3;\">Full Signature<\/span><\/strong> tendr\u00e1 la posibilidad de hacer <strong>firmar de uno a n contratos en manera digital y <span style=\"color: #0059a3;\">garantizada jur\u00eddicamente al 100%<\/span><\/strong>.<\/p>\n<p>El proceso es muy sencillo:<\/p>\n<ul>\n<li>Se env\u00eda el contrato y\/o el documento por eMail o SMS al destinatario.<\/li>\n<li>El cliente y\/o destinatario sube su documentaci\u00f3n (eDNI, NIE, Pasaporte, etc\u2026) que ser\u00e1 objeto de validaci\u00f3n.<\/li>\n<li>Se realiza la firma en manera \u00e1gil, c\u00f3moda y con la total validez legal.<\/li>\n<li>El cliente recibir\u00e1 copia\u00a0del contrato firmado y certificado.<\/li>\n<\/ul>\n<p>El contrato es un\u00a0<strong>contrato electr\u00f3nico certificado<\/strong>\u00a0que contiene toda la informaci\u00f3n de datos necesarios para la formalizaci\u00f3n del contrato y la program\u00e1tica de los procesos automatizados. Ademas, <span style=\"color: #0059a3;\"><strong>ofrece las mayores garant\u00edas<\/strong><\/span> en t\u00e9rminos de reconocimiento de los firmantes del documento digital, por lo tanto otorga a nuestros clientes la m\u00e1xima seguridad en relaci\u00f3n con la <strong>validez legal de los contratos firmados<\/strong>.[\/vc_column_text][\/vc_column_inner][\/vc_row_inner][\/vc_column][vc_column width=\u00bb1\/6&#8243; css=\u00bb.vc_custom_1576064504591{margin-left: 2% !important;}\u00bb][vc_single_image image=\u00bb9881&#8243; img_size=\u00bb\u00bb alignment=\u00bbcenter\u00bb][\/vc_column][vc_column width=\u00bb1\/6&#8243;][\/vc_column][\/vc_row][vc_row][vc_column][vc_empty_space height=\u00bb100px\u00bb][\/vc_column][\/vc_row]<\/p>\n","protected":false},"excerpt":{"rendered":"<p>[vc_row][vc_column][rev_slider_vc alias=\u00bbfirma-contratos-validacion-documental\u00bb enable_paspartu=\u00bbno\u00bb][\/vc_column][\/vc_row][vc_row css=\u00bb.vc_custom_1611321505953{margin-top: 20px !important;}\u00bb][vc_column][vc_empty_space height=\u00bb10px\u00bb][vc_separator color=\u00bbcustom\u00bb style=\u00bbdotted\u00bb accent_color=\u00bb#f2006e\u00bb][vc_empty_space height=\u00bb10px\u00bb][vc_empty_space height=\u00bb15px\u00bb][\/vc_column][\/vc_row][vc_row css=\u00bb.vc_custom_1611321498291{margin-top: 20px !important;}\u00bb][vc_column width=\u00bb5\/6&#8243;][vc_row_inner][vc_column_inner][vc_column_text] Servicio de contratos electr\u00f3nicos que otorga la maxima seguridad en sus firmas mediante la subida documental del remitente, el destinatario y su posterior validaci\u00f3n. [&hellip;]<\/p>\n","protected":false},"author":2,"featured_media":0,"parent":0,"menu_order":0,"comment_status":"closed","ping_status":"closed","template":"","meta":[],"_links":{"self":[{"href":"https:\/\/fullsignature.eu\/index.php\/wp-json\/wp\/v2\/pages\/8693"}],"collection":[{"href":"https:\/\/fullsignature.eu\/index.php\/wp-json\/wp\/v2\/pages"}],"about":[{"href":"https:\/\/fullsignature.eu\/index.php\/wp-json\/wp\/v2\/types\/page"}],"author":[{"embeddable":true,"href":"https:\/\/fullsignature.eu\/index.php\/wp-json\/wp\/v2\/users\/2"}],"replies":[{"embeddable":true,"href":"https:\/\/fullsignature.eu\/index.php\/wp-json\/wp\/v2\/comments?post=8693"}],"version-history":[{"count":17,"href":"https:\/\/fullsignature.eu\/index.php\/wp-json\/wp\/v2\/pages\/8693\/revisions"}],"predecessor-version":[{"id":10071,"href":"https:\/\/fullsignature.eu\/index.php\/wp-json\/wp\/v2\/pages\/8693\/revisions\/10071"}],"wp:attachment":[{"href":"https:\/\/fullsignature.eu\/index.php\/wp-json\/wp\/v2\/media?parent=8693"}],"curies":[{"name":"wp","href":"https:\/\/api.w.org\/{rel}","templated":true}]}}