{"id":8696,"date":"2019-11-28T13:14:48","date_gmt":"2019-11-28T12:14:48","guid":{"rendered":"https:\/\/fullsignature.eu\/?page_id=8696"},"modified":"2021-09-24T12:25:16","modified_gmt":"2021-09-24T10:25:16","slug":"firma-electronica-contratos-online-work-flow","status":"publish","type":"page","link":"https:\/\/fullsignature.eu\/index.php\/firma-electronica-contratos-online-work-flow\/","title":{"rendered":"Firma electr\u00f3nica de Contratos online con work flow"},"content":{"rendered":"<p>[vc_row][vc_column][rev_slider_vc alias=\u00bbfirma-electronica-de-contratos-work-flow\u00bb enable_paspartu=\u00bbno\u00bb][\/vc_column][\/vc_row][vc_row css=\u00bb.vc_custom_1611322214953{margin-top: 20px !important;}\u00bb][vc_column]<div class=\"mkdf-section-title-holder  mkdf-st-standard mkdf-st-title-left mkdf-st-normal-space \" >\n\t<div class=\"mkdf-st-inner\">\n\t\t\t\t\t<h1 class=\"mkdf-st-title\" style=\"color: #0059a3\">\n\t\t\t\tFirma electr\u00f3nica de contratos online con work flow\t\t\t<\/h1>\n\t\t\t\t\t<\/div>\n<\/div>[vc_empty_space height=\u00bb10px\u00bb][vc_separator color=\u00bbcustom\u00bb style=\u00bbdotted\u00bb accent_color=\u00bb#f2006e\u00bb][vc_empty_space height=\u00bb10px\u00bb]<div class=\"mkdf-section-title-holder  mkdf-st-standard mkdf-st-title-left mkdf-st-normal-space \" >\n\t<div class=\"mkdf-st-inner\">\n\t\t\t\t\t\t\t<h3 class=\"mkdf-st-text\" style=\"color: #f2006e;margin-top: 0px\">\n\t\t\t\tFirma de contratos \/ acuerdos digitales a medida con la m\u00e1xima seguridad jur\u00eddica en procesos de work flow.\t\t\t<\/h3>\n\t\t\t<\/div>\n<\/div>[vc_empty_space height=\u00bb15px\u00bb][\/vc_column][\/vc_row][vc_row css=\u00bb.vc_custom_1611322235894{margin-top: 20px !important;}\u00bb][vc_column width=\u00bb5\/6&#8243;][vc_column_text]<\/p>\n<p style=\"text-align: justify;\"><img loading=\"lazy\" class=\"size-medium wp-image-9942 alignleft\" src=\"https:\/\/fullsignature.eu\/wp-content\/uploads\/2021\/01\/lateral-izq-work-flow-500px-300x293.png\" alt=\"\" width=\"300\" height=\"293\" srcset=\"https:\/\/fullsignature.eu\/wp-content\/uploads\/2021\/01\/lateral-izq-work-flow-500px-300x293.png 300w, https:\/\/fullsignature.eu\/wp-content\/uploads\/2021\/01\/lateral-izq-work-flow-500px.png 500w\" sizes=\"(max-width: 300px) 100vw, 300px\" \/><span style=\"color: #0062af;\">Servicio de contratos online con work flow<\/span> que permiten automatizar las secuencia de acciones, actividades o tareas en le ejecuci\u00f3n del proceso de firma. Adem\u00e1s, permiten dar seguimiento a cada etapa del mismo y aportan las herramientas necesarias para su <span style=\"color: #0062af;\">control o gesti\u00f3n del flujo de trabajo<\/span>.<\/p>\n<p style=\"text-align: justify;\">Con este servicio ofrecido de <strong><span style=\"color: #0062af;\">Full Signature<\/span><\/strong> tendr\u00e1 la posibilidad de hacer firmar de uno a n contratos y\/o acuerdos por parte de uno a n firmantes, en manera <span style=\"color: #0062af;\">digital y garantizada jur\u00eddicamente<\/span> al 100%. Todo ello seg\u00fan sus propias necesidades, con un proceso creado ad hoc. para Ud.<\/p>\n<p style=\"text-align: justify;\">Adem\u00e1s, tendr\u00e1 la posibilidad de aplicar el sistema de firma work flow a cualquier proceso empresarial seg\u00fan sus necesidades. Tanto hacia el exterior cuanto hacia el interior de su organizaci\u00f3n.<\/p>\n<p style=\"text-align: justify;\">Una de las mayores ventajas consiste en que es Ud. quien decide el orden con el cual debe ser firmado un documento, por parte de los varios firmantes. Es decir, es Ud. quien determina y\/o prioriza los momentos en el que el documento tiene que ser firmado.<\/p>\n<p>El documento se consolida con la obtenci\u00f3n del ultima firma en orden de tiempo.<\/p>\n<p>Al proceso de firma con work flow se pueden aplicar nuestros tipos de firma electr\u00f3nica, seg\u00fan sus exigencias:[\/vc_column_text][\/vc_column][vc_column width=\u00bb1\/6&#8243; css=\u00bb.vc_custom_1576064504591{margin-left: 2% !important;}\u00bb][vc_single_image image=\u00bb9881&#8243; img_size=\u00bb\u00bb alignment=\u00bbcenter\u00bb][\/vc_column][vc_column width=\u00bb1\/6&#8243;][\/vc_column][\/vc_row][vc_row][vc_column][vc_empty_space]<div class=\"mkdf-section-title-holder  mkdf-st-standard mkdf-st-title-left mkdf-st-normal-space \" >\n\t<div class=\"mkdf-st-inner\">\n\t\t\t\t\t<h3 class=\"mkdf-st-title\" >\n\t\t\t\tTipos de Firma\t\t\t<\/h3>\n\t\t\t\t\t<\/div>\n<\/div>[vc_empty_space height=\u00bb10px\u00bb][vc_separator color=\u00bbcustom\u00bb style=\u00bbdotted\u00bb accent_color=\u00bb#f2006e\u00bb][vc_empty_space][\/vc_column][\/vc_row][vc_row dynamic_background_color_value=\u00bb#ffffff\u00bb][vc_column width=\u00bb1\/3&#8243; css=\u00bb.vc_custom_1575990535399{margin-right: 2% !important;}\u00bb]<div class=\"mkdf-elements-holder   mkdf-one-column  mkdf-responsive-mode-768 \" ><div class=\"mkdf-eh-item    \"  data-item-class=\"mkdf-eh-custom-6668\">\n\t<div class=\"mkdf-eh-item-inner\">\n\t\t<div class=\"mkdf-eh-item-content mkdf-eh-custom-6668\" >\n\t\t\t<div class=\"mkdf-animation-holder mkdf-grow-in\" data-animation=\"mkdf-grow-in\" data-animation-delay=\"\"><div class=\"mkdf-animation-inner\"><div class=\"mkdf-single-image-holder    \">\n    <div class=\"mkdf-si-inner\" >\n                                    <img width=\"700\" height=\"606\" src=\"https:\/\/fullsignature.eu\/wp-content\/uploads\/2019\/12\/contr-onl-2.png\" class=\"attachment-full size-full\" alt=\"\" loading=\"lazy\" srcset=\"https:\/\/fullsignature.eu\/wp-content\/uploads\/2019\/12\/contr-onl-2.png 700w, https:\/\/fullsignature.eu\/wp-content\/uploads\/2019\/12\/contr-onl-2-300x260.png 300w\" sizes=\"(max-width: 700px) 100vw, 700px\" \/>                        <\/div>\n<\/div><\/div><\/div>\t\t<\/div>\n\t<\/div>\n<\/div><\/div>[\/vc_column][vc_column width=\u00bb2\/3&#8243;][vc_column_text][\/vc_column_text][vc_empty_space][vc_row_inner][vc_column_inner width=\u00bb1\/2&#8243;]<div class=\"mkdf-elements-holder   mkdf-one-column  mkdf-responsive-mode-768 \" ><div class=\"mkdf-eh-item    \"  data-item-class=\"mkdf-eh-custom-6593\">\n\t<div class=\"mkdf-eh-item-inner\">\n\t\t<div class=\"mkdf-eh-item-content mkdf-eh-custom-6593\" >\n\t\t\t<div class=\"mkdf-iwt\">\n    <div class=\"mkdf-iwt-inner clearfix  mkdf-iwt-icon-left mkdf-iwt-icon-medium mkdf-iwt-show-regular-shadow mkdf-iwt-no-hover-shadow mkdf-iwt-no-hover-effect mkdf-iwt-show-border  \" style=\"padding: 15px\">\n        <div class=\"mkdf-iwt-icon\">\n                                                <img width=\"100\" height=\"70\" src=\"https:\/\/fullsignature.eu\/wp-content\/uploads\/2019\/12\/2-ic-proc-cod-otp-3.png\" class=\"attachment-full size-full\" alt=\"\" loading=\"lazy\" \/>                                                            <\/div>\n        <div class=\"mkdf-iwt-content\" style=\"padding-left: 20px\">\n                            <h4 class=\"mkdf-iwt-title\" style=\"margin-top: 9px\">\n                                        <span class=\"mkdf-iwt-title-text\">Firma Sencilla<\/span>\n                                    <\/h4>\n                                        <p class=\"mkdf-iwt-text\" style=\"margin-top: 11px\">Contrato Online Certificado<\/p>\n                    <\/div>\n    <\/div>\n<\/div>[vc_empty_space height=\u00bb15px\u00bb]<div class=\"mkdf-iwt\">\n    <div class=\"mkdf-iwt-inner clearfix  mkdf-iwt-icon-left mkdf-iwt-icon-medium mkdf-iwt-show-regular-shadow mkdf-iwt-no-hover-shadow mkdf-iwt-no-hover-effect mkdf-iwt-show-border  \" style=\"padding: 15px\">\n        <div class=\"mkdf-iwt-icon\">\n                                                <img width=\"70\" height=\"70\" src=\"https:\/\/fullsignature.eu\/wp-content\/uploads\/2019\/11\/i-llamada-2-70px.png\" class=\"attachment-full size-full\" alt=\"\" loading=\"lazy\" \/>                                                            <\/div>\n        <div class=\"mkdf-iwt-content\" >\n                            <h4 class=\"mkdf-iwt-title\" style=\"margin-top: 9px\">\n                                        <span class=\"mkdf-iwt-title-text\">Firma Biom\u00e9trica<\/span>\n                                    <\/h4>\n                                        <p class=\"mkdf-iwt-text\" style=\"margin-top: 11px\">Contrato de Voz Certificado<\/p>\n                    <\/div>\n    <\/div>\n<\/div>[vc_empty_space height=\u00bb15px\u00bb]\t\t<\/div>\n\t<\/div>\n<\/div><\/div>[\/vc_column_inner][vc_column_inner width=\u00bb1\/2&#8243;]<div class=\"mkdf-elements-holder   mkdf-one-column  mkdf-responsive-mode-768 \" ><div class=\"mkdf-eh-item    \"  data-item-class=\"mkdf-eh-custom-1085\">\n\t<div class=\"mkdf-eh-item-inner\">\n\t\t<div class=\"mkdf-eh-item-content mkdf-eh-custom-1085\" >\n\t\t\t<div class=\"mkdf-iwt\">\n    <div class=\"mkdf-iwt-inner clearfix  mkdf-iwt-icon-left mkdf-iwt-icon-medium mkdf-iwt-show-regular-shadow mkdf-iwt-no-hover-shadow mkdf-iwt-no-hover-effect mkdf-iwt-show-border  \" style=\"padding: 15px\">\n        <div class=\"mkdf-iwt-icon\">\n                                                <img width=\"70\" height=\"70\" src=\"https:\/\/fullsignature.eu\/wp-content\/uploads\/2019\/11\/i-firm-70px.png\" class=\"attachment-full size-full\" alt=\"\" loading=\"lazy\" \/>                                                            <\/div>\n        <div class=\"mkdf-iwt-content\" >\n                            <h4 class=\"mkdf-iwt-title\" style=\"margin-top: 9px\">\n                                        <span class=\"mkdf-iwt-title-text\">Firma Avanzada<\/span>\n                                    <\/h4>\n                                        <p class=\"mkdf-iwt-text\" style=\"margin-top: 11px\">Contrato Online Certificado<\/p>\n                    <\/div>\n    <\/div>\n<\/div>[vc_empty_space height=\u00bb15px\u00bb]<div class=\"mkdf-iwt\">\n    <div class=\"mkdf-iwt-inner clearfix  mkdf-iwt-icon-left mkdf-iwt-icon-medium mkdf-iwt-show-regular-shadow mkdf-iwt-no-hover-shadow mkdf-iwt-no-hover-effect mkdf-iwt-show-border  \" style=\"padding: 15px\">\n        <div class=\"mkdf-iwt-icon\">\n                                                <img width=\"70\" height=\"70\" src=\"https:\/\/fullsignature.eu\/wp-content\/uploads\/2019\/11\/i-dni-elect-70px.png\" class=\"attachment-full size-full\" alt=\"\" loading=\"lazy\" \/>                                                            <\/div>\n        <div class=\"mkdf-iwt-content\" >\n                            <h4 class=\"mkdf-iwt-title\" style=\"margin-top: 9px\">\n                                        <span class=\"mkdf-iwt-title-text\">Firma Cualificada<\/span>\n                                    <\/h4>\n                                        <p class=\"mkdf-iwt-text\" style=\"margin-top: 11px\">Contrato Online Certificado<\/p>\n                    <\/div>\n    <\/div>\n<\/div>[vc_empty_space height=\u00bb15px\u00bb]\t\t<\/div>\n\t<\/div>\n<\/div><\/div>[\/vc_column_inner][\/vc_row_inner][\/vc_column][\/vc_row][vc_row][vc_column][vc_empty_space height=\u00bb80px\u00bb]<div class=\"mkdf-section-title-holder  mkdf-st-standard mkdf-st-title-left mkdf-st-normal-space \" style=\"text-align: center\">\n\t<div class=\"mkdf-st-inner\">\n\t\t\t\t\t<h1 class=\"mkdf-st-title\" >\n\t\t\t\tBeneficios\t\t\t<\/h1>\n\t\t\t\t\t<\/div>\n<\/div>[vc_empty_space height=\u00bb10px\u00bb][vc_separator color=\u00bbcustom\u00bb style=\u00bbdotted\u00bb accent_color=\u00bb#f2006e\u00bb][vc_empty_space height=\u00bb80px\u00bb][\/vc_column][\/vc_row][vc_row row_content_width=\u00bbgrid\u00bb css=\u00bb.vc_custom_1574870167903{margin-bottom: 100px !important;}\u00bb dynamic_background_color_value=\u00bb#e5eeff\u00bb][vc_column]<div class=\"mkdf-item-showcase-holder clearfix\"><div class=\"mkdf-is-item mkdf-is-left\">\n\t<div class=\"mkdf-item-inner\">\n                <div class=\"mkdf-is-content\">\n\t\t\t\t\t<h4 class=\"mkdf-is-title\" >\n\t\t\t\t<a href=\"#\" target=\"_self\">\t\t\t\tVariedad de Firmas\t\t\t\t<\/a>\t\t\t<\/h4>\n\t\t\t\t\t\t\t<p class=\"mkdf-is-text\" >La mayor variedad de firmas electr\u00f3nicas.<\/p>\n\t\t        <\/div>\n        \t\t\t<div class=\"mkdf-is-icon\">\n\t\t\t\t\t\t\t<img width=\"49\" height=\"49\" src=\"https:\/\/fullsignature.eu\/wp-content\/uploads\/2019\/12\/1-ic-var-firm-2.png\" class=\"attachment-full size-full\" alt=\"\" loading=\"lazy\" \/>\t\t\t\t\t\t<\/div>\n    \t<\/div>\n<\/div><div class=\"mkdf-is-item mkdf-is-left\">\n\t<div class=\"mkdf-item-inner\">\n                <div class=\"mkdf-is-content\">\n\t\t\t\t\t<h4 class=\"mkdf-is-title\" >\n\t\t\t\t<a href=\"#\" target=\"_self\">\t\t\t\tContratos Electr\u00f3nicos\t\t\t\t<\/a>\t\t\t<\/h4>\n\t\t\t\t\t\t\t<p class=\"mkdf-is-text\" >La mayor variedad de contratos electr\u00f3nicos<\/p>\n\t\t        <\/div>\n        \t\t\t<div class=\"mkdf-is-icon\">\n\t\t\t\t\t\t\t<img width=\"49\" height=\"49\" src=\"https:\/\/fullsignature.eu\/wp-content\/uploads\/2019\/12\/2-ic-cont-elec.png\" class=\"attachment-full size-full\" alt=\"\" loading=\"lazy\" \/>\t\t\t\t\t\t<\/div>\n    \t<\/div>\n<\/div><div class=\"mkdf-is-item mkdf-is-left\">\n\t<div class=\"mkdf-item-inner\">\n                <div class=\"mkdf-is-content\">\n\t\t\t\t\t<h4 class=\"mkdf-is-title\" >\n\t\t\t\t<a href=\"#\" target=\"_self\">\t\t\t\tCertificaci\u00f3n Electr\u00f3nica\t\t\t\t<\/a>\t\t\t<\/h4>\n\t\t\t\t\t\t\t<p class=\"mkdf-is-text\" >La mayor gama de servicios de certificaci\u00f3n.<\/p>\n\t\t        <\/div>\n        \t\t\t<div class=\"mkdf-is-icon\">\n\t\t\t\t\t\t\t<img width=\"49\" height=\"49\" src=\"https:\/\/fullsignature.eu\/wp-content\/uploads\/2019\/12\/5-ic-val-legal.png\" class=\"attachment-full size-full\" alt=\"\" loading=\"lazy\" \/>\t\t\t\t\t\t<\/div>\n    \t<\/div>\n<\/div><div class=\"mkdf-is-item mkdf-is-left\">\n\t<div class=\"mkdf-item-inner\">\n                <div class=\"mkdf-is-content\">\n\t\t\t\t\t<h4 class=\"mkdf-is-title\" >\n\t\t\t\t<a href=\"#\" target=\"_self\">\t\t\t\tIdiomas &amp; Pa\u00edses\t\t\t\t<\/a>\t\t\t<\/h4>\n\t\t\t\t\t\t\t<p class=\"mkdf-is-text\" >28 paises &amp; 26 idiomas disponibles<\/p>\n\t\t        <\/div>\n        \t\t\t<div class=\"mkdf-is-icon\">\n\t\t\t\t\t\t\t<img width=\"49\" height=\"49\" src=\"https:\/\/fullsignature.eu\/wp-content\/uploads\/2019\/12\/4-ic-idiom-pais-2.png\" class=\"attachment-full size-full\" alt=\"\" loading=\"lazy\" \/>\t\t\t\t\t\t<\/div>\n    \t<\/div>\n<\/div><div class=\"mkdf-is-item mkdf-is-right\">\n\t<div class=\"mkdf-item-inner\">\n                    <div class=\"mkdf-is-icon\">\n\t\t\t\t\t\t\t\t\t<img width=\"49\" height=\"49\" src=\"https:\/\/fullsignature.eu\/wp-content\/uploads\/2019\/12\/5-ic-val-legal-4.png\" class=\"attachment-full size-full\" alt=\"\" loading=\"lazy\" \/>\t\t\t\t            <\/div>\n                <div class=\"mkdf-is-content\">\n\t\t\t\t\t<h4 class=\"mkdf-is-title\" >\n\t\t\t\t<a href=\"#\" target=\"_self\">\t\t\t\tTotal validez legal\t\t\t\t<\/a>\t\t\t<\/h4>\n\t\t\t\t\t\t\t<p class=\"mkdf-is-text\" >Seguridad jur\u00eddica vs eIDAS<\/p>\n\t\t        <\/div>\n        \t<\/div>\n<\/div><div class=\"mkdf-is-item mkdf-is-right\">\n\t<div class=\"mkdf-item-inner\">\n                    <div class=\"mkdf-is-icon\">\n\t\t\t\t\t\t\t\t\t<img width=\"49\" height=\"49\" src=\"https:\/\/fullsignature.eu\/wp-content\/uploads\/2019\/12\/6-ic-rel-prec-calid.png\" class=\"attachment-full size-full\" alt=\"\" loading=\"lazy\" \/>\t\t\t\t            <\/div>\n                <div class=\"mkdf-is-content\">\n\t\t\t\t\t<h4 class=\"mkdf-is-title\" >\n\t\t\t\t<a href=\"#\" target=\"_self\">\t\t\t\tRelaci\u00f3n Calidad \/ Precio\t\t\t\t<\/a>\t\t\t<\/h4>\n\t\t\t\t\t\t\t<p class=\"mkdf-is-text\" >Los mejores precios vs calidad vs seguridad<\/p>\n\t\t        <\/div>\n        \t<\/div>\n<\/div><div class=\"mkdf-is-item mkdf-is-right\">\n\t<div class=\"mkdf-item-inner\">\n                    <div class=\"mkdf-is-icon\">\n\t\t\t\t\t\t\t\t\t<img width=\"49\" height=\"49\" src=\"https:\/\/fullsignature.eu\/wp-content\/uploads\/2019\/12\/7-ic-cut-doc.png\" class=\"attachment-full size-full\" alt=\"\" loading=\"lazy\" \/>\t\t\t\t            <\/div>\n                <div class=\"mkdf-is-content\">\n\t\t\t\t\t<h4 class=\"mkdf-is-title\" >\n\t\t\t\t<a href=\"#\" target=\"_self\">\t\t\t\tCustodia documental\t\t\t\t<\/a>\t\t\t<\/h4>\n\t\t\t\t\t\t\t<p class=\"mkdf-is-text\" >Un m\u00ednimo de 6 a\u00f1os de custodia.<\/p>\n\t\t        <\/div>\n        \t<\/div>\n<\/div><div class=\"mkdf-is-item mkdf-is-right\">\n\t<div class=\"mkdf-item-inner\">\n                    <div class=\"mkdf-is-icon\">\n\t\t\t\t\t\t\t\t\t<img width=\"49\" height=\"49\" src=\"https:\/\/fullsignature.eu\/wp-content\/uploads\/2019\/12\/8-ic-sit-crit-2.png\" class=\"attachment-full size-full\" alt=\"\" loading=\"lazy\" \/>\t\t\t\t            <\/div>\n                <div class=\"mkdf-is-content\">\n\t\t\t\t\t<h4 class=\"mkdf-is-title\" >\n\t\t\t\t<a href=\"#\" target=\"_self\">\t\t\t\tEntornos cr\u00edticos\t\t\t\t<\/a>\t\t\t<\/h4>\n\t\t\t\t\t\t\t<p class=\"mkdf-is-text\" >M\u00e1xima disponibilidad y rendimiento.<\/p>\n\t\t        <\/div>\n        \t<\/div>\n<\/div><div class=\"mkdf-is-image\" style=\"margin-top: 0px\"><img width=\"555\" height=\"656\" src=\"https:\/\/fullsignature.eu\/wp-content\/uploads\/2019\/12\/movil-del-centro-beneficios-7.png\" class=\"attachment-full size-full\" alt=\"\" loading=\"lazy\" srcset=\"https:\/\/fullsignature.eu\/wp-content\/uploads\/2019\/12\/movil-del-centro-beneficios-7.png 555w, https:\/\/fullsignature.eu\/wp-content\/uploads\/2019\/12\/movil-del-centro-beneficios-7-254x300.png 254w\" sizes=\"(max-width: 555px) 100vw, 555px\" \/><\/div><\/div>[vc_empty_space height=\u00bb100px\u00bb][\/vc_column][\/vc_row][vc_row][vc_column][vc_column_text]<\/p>\n<p style=\"text-align: justify;\">Ofrecemos un servicio personalizado y adaptado a las necesidades de su negocio. Con los servicios de <span style=\"color: #0062af;\">firma electr\u00f3nica con work flow<\/span> podr\u00e1 agilizar sus acuerdos, aceptaciones \u00a0que necesite de una manera f\u00e1cil y r\u00e1pida con un ahorro de costes muy importante.<\/p>\n<p style=\"text-align: justify;\"><strong><span style=\"color: #0062af;\">Full Signature<\/span><\/strong> <span style=\"color: #0062af;\">es uno de los mayores servicios de firma electr\u00f3nica de contratos online<\/span> acorde con las necesidades de cada cliente y con la <strong><span style=\"color: #0062af;\">normativa eIDAS<\/span><\/strong>. De hecho, desarrolla proyectos a medida con una <span style=\"color: #0062af;\">alta fiabilidad, seguridad, escalabilidad y disponibilidad<\/span> mediante estrategias de firma electr\u00f3nica de contratos estando especializada en la <span style=\"color: #0062af;\">firma de contratos en dispositivos m\u00f3viles<\/span>.<\/p>\n<p style=\"text-align: justify;\"><span style=\"color: #0062af;\">Tercero de Confianza Europeo<\/span>, automatizaci\u00f3n y<span style=\"color: #0062af;\"> firma de contratos online con total validez legal<\/span>.<\/p>\n<p style=\"text-align: justify;\">Un\u00a0servicio r\u00e1pido, econ\u00f3mico y ecol\u00f3gico\u00a0a realizar desde sus portales y webs de su empresa. Adem\u00e1s ofrecemos, con todos nuestros productos, el servicio de\u00a0<span style=\"color: #0062af;\">Testimonio Notarial\u00a0bajo demanda<\/span>.<\/p>\n<p>[\/vc_column_text][\/vc_column][\/vc_row][vc_row][vc_column][vc_empty_space height=\u00bb100px\u00bb][\/vc_column][\/vc_row]<\/p>\n","protected":false},"excerpt":{"rendered":"<p>[vc_row][vc_column][rev_slider_vc alias=\u00bbfirma-electronica-de-contratos-work-flow\u00bb enable_paspartu=\u00bbno\u00bb][\/vc_column][\/vc_row][vc_row css=\u00bb.vc_custom_1611322214953{margin-top: 20px !important;}\u00bb][vc_column][vc_empty_space height=\u00bb10px\u00bb][vc_separator color=\u00bbcustom\u00bb style=\u00bbdotted\u00bb accent_color=\u00bb#f2006e\u00bb][vc_empty_space height=\u00bb10px\u00bb][vc_empty_space height=\u00bb15px\u00bb][\/vc_column][\/vc_row][vc_row css=\u00bb.vc_custom_1611322235894{margin-top: 20px !important;}\u00bb][vc_column width=\u00bb5\/6&#8243;][vc_column_text] Servicio de contratos online con work flow que permiten automatizar las secuencia de acciones, actividades o tareas en le ejecuci\u00f3n del proceso de firma. [&hellip;]<\/p>\n","protected":false},"author":2,"featured_media":0,"parent":0,"menu_order":0,"comment_status":"closed","ping_status":"closed","template":"","meta":[],"_links":{"self":[{"href":"https:\/\/fullsignature.eu\/index.php\/wp-json\/wp\/v2\/pages\/8696"}],"collection":[{"href":"https:\/\/fullsignature.eu\/index.php\/wp-json\/wp\/v2\/pages"}],"about":[{"href":"https:\/\/fullsignature.eu\/index.php\/wp-json\/wp\/v2\/types\/page"}],"author":[{"embeddable":true,"href":"https:\/\/fullsignature.eu\/index.php\/wp-json\/wp\/v2\/users\/2"}],"replies":[{"embeddable":true,"href":"https:\/\/fullsignature.eu\/index.php\/wp-json\/wp\/v2\/comments?post=8696"}],"version-history":[{"count":21,"href":"https:\/\/fullsignature.eu\/index.php\/wp-json\/wp\/v2\/pages\/8696\/revisions"}],"predecessor-version":[{"id":10182,"href":"https:\/\/fullsignature.eu\/index.php\/wp-json\/wp\/v2\/pages\/8696\/revisions\/10182"}],"wp:attachment":[{"href":"https:\/\/fullsignature.eu\/index.php\/wp-json\/wp\/v2\/media?parent=8696"}],"curies":[{"name":"wp","href":"https:\/\/api.w.org\/{rel}","templated":true}]}}