{"id":8698,"date":"2019-11-28T13:15:13","date_gmt":"2019-11-28T12:15:13","guid":{"rendered":"https:\/\/fullsignature.eu\/?page_id=8698"},"modified":"2021-07-21T15:05:04","modified_gmt":"2021-07-21T13:05:04","slug":"firma-electronica-de-consentimientos-medicos","status":"publish","type":"page","link":"https:\/\/fullsignature.eu\/index.php\/firma-electronica-de-consentimientos-medicos\/","title":{"rendered":"Firma electr\u00f3nica de Consentimientos M\u00e9dicos"},"content":{"rendered":"<p>[vc_row][vc_column][rev_slider_vc alias=\u00bbfirma-acuerdo-medico\u00bb enable_paspartu=\u00bbno\u00bb][\/vc_column][\/vc_row][vc_row css=\u00bb.vc_custom_1611568948786{margin-top: 20px !important;}\u00bb][vc_column]<div class=\"mkdf-section-title-holder  mkdf-st-standard mkdf-st-title-left mkdf-st-normal-space \" >\n\t<div class=\"mkdf-st-inner\">\n\t\t\t\t\t<h1 class=\"mkdf-st-title\" style=\"color: #0059a3\">\n\t\t\t\tFirma de Acuerdos y Consentimientos M\u00e9dicos\t\t\t<\/h1>\n\t\t\t\t\t<\/div>\n<\/div>[vc_empty_space height=\u00bb10px\u00bb][vc_separator color=\u00bbcustom\u00bb style=\u00bbdotted\u00bb accent_color=\u00bb#f2006e\u00bb][vc_empty_space height=\u00bb10px\u00bb]<div class=\"mkdf-section-title-holder  mkdf-st-standard mkdf-st-title-left mkdf-st-normal-space \" >\n\t<div class=\"mkdf-st-inner\">\n\t\t\t\t\t\t\t<h3 class=\"mkdf-st-text\" style=\"color: #f2006e;margin-top: 0px\">\n\t\t\t\tFirma digital de Acuerdos y Consentimientos M\u00e9dicos con total validez legal. Firma Digital aut\u00f3grafa y\/o huella dactilar o a distancia por SMS o eMail certificado.\t\t\t<\/h3>\n\t\t\t<\/div>\n<\/div>[vc_empty_space height=\u00bb15px\u00bb][\/vc_column][\/vc_row][vc_row css=\u00bb.vc_custom_1611568977888{margin-top: 20px !important;}\u00bb][vc_column width=\u00bb5\/6&#8243;][vc_column_text]<\/p>\n<p style=\"text-align: justify;\"><img class=\"size-medium wp-image-9963 alignleft\" src=\"https:\/\/fullsignature.eu\/wp-content\/uploads\/2021\/01\/izq-consentimientos-medicos-500px-250x300.png\" alt=\"\" width=\"300\" srcset=\"https:\/\/fullsignature.eu\/wp-content\/uploads\/2021\/01\/izq-consentimientos-medicos-500px-250x300.png 250w, https:\/\/fullsignature.eu\/wp-content\/uploads\/2021\/01\/izq-consentimientos-medicos-500px.png 500w\" sizes=\"(max-width: 250px) 100vw, 250px\" \/>Este servicio desarrolla e integra las\u00a0<strong><span style=\"color: #0059a3;\">soluciones de firma electr\u00f3nica<\/span><\/strong>\u00a0de\u00a0<strong>Avisos Certificados<\/strong>\u00a0todo tipo de\u00a0<strong>Acuerdos, aceptaciones y consentimientos m\u00e9dicos informados<\/strong>\u00a0con\u00a0validez legal.<\/p>\n<p style=\"text-align: justify;\">El proceso se realiza mediante\u00a0<strong>Apps<\/strong>\u00a0aportadas por<strong>\u00a0Avisos Certificados<\/strong>\u00a0o mediante integraciones<strong>\u00a0WS API Rest<\/strong>. El cliente visualiza, en el\u00a0<strong><span style=\"color: #0059a3;\">dispositivo m\u00f3vil<\/span><\/strong>, el documento, presupuesto, contrato y\/o acuerdo a firmar con sus datos personales introducidos o por rellenar. El sistema se conecta v\u00eda\u00a0<strong><span style=\"color: #0059a3;\">Web Services (API) con el Cloud<\/span><\/strong>\u00a0de Avisos Certificados y manda una\u00a0<strong><span style=\"color: #0059a3;\">copia electr\u00f3nica<\/span><\/strong>\u00a0del contrato por eMail o SMS al cliente si fuera necesario.<\/p>\n<h4>FIRMA DE ACUERDOS Y ACEPTACIONES<\/h4>\n<p style=\"text-align: justify;\">Podr\u00e1 automatizar\u00a0procesos de\u00a0<strong><span style=\"color: #0059a3;\">firma electr\u00f3nica de<\/span><\/strong>\u00a0<strong>Acuerdos<\/strong>\u00a0<strong><span style=\"color: #0059a3;\">de prestaci\u00f3n de servicios, presupuestos, mandatos con reconocimientos de honorarios,<\/span><\/strong> etc. Asimismo en su vertiente de\u00a0<strong>Aceptaciones<\/strong>\u00a0podr\u00e1 g\u00e9stionar las entregas de producto y\/o servicios prestados.<\/p>\n<p>[\/vc_column_text][\/vc_column][vc_column width=\u00bb1\/6&#8243; css=\u00bb.vc_custom_1576064504591{margin-left: 2% !important;}\u00bb][vc_single_image image=\u00bb8574&#8243; img_size=\u00bb\u00bb alignment=\u00bbcenter\u00bb][\/vc_column][vc_column width=\u00bb1\/6&#8243;][\/vc_column][\/vc_row][vc_row][vc_column][vc_column_text]<\/p>\n<h4>FIRMA DE CONSENTIMIENTOS M\u00c9DICOS<\/h4>\n<p style=\"text-align: justify;\">La firma electr\u00f3nica de <strong>Consentimientos M\u00e9dicos Informados<\/strong> es un servicio de valor para el \u00e1rea sanitaria. <strong>No es suficiente<\/strong> <span style=\"color: #f2006e;\">como prueba ante un juicio la firma en un dispositivo de software<\/span> <strong>y es necesario <span style=\"color: #0059a3;\">que el proceso de firma sea certificado electr\u00f3nicamente<\/span><\/strong>, por un<strong> Tercero de Confianza<\/strong>, aportanto <strong><span style=\"color: #0059a3;\">certidumbre legal con prueba fehaciente<\/span><\/strong> en todo el proceso. Adem\u00e1s, el <strong>Consentimiento M\u00e9dico Informado<\/strong> forma parte del <strong>derecho<\/strong> del<strong> paciente <span style=\"color: #0059a3;\">a recibir la informaci\u00f3n adecuada sobre una actuaci\u00f3n m\u00e9dica y sus implicaciones<\/span><\/strong> para poder decidir libremente si se somete a ella o no.<\/p>\n<p style=\"text-align: justify;\">Recoger el consentimiento informado a trav\u00e9s de la firma electr\u00f3nica posibilita poder <strong><span style=\"color: #0059a3;\">suprimir el papel en el historial m\u00e9dico y conservarlo en soporte digital.<\/span> <\/strong>La firma electr\u00f3nica proporciona ventajas desde el punto de vista econ\u00f3mico, de seguridad y de eficiencia en la gesti\u00f3n del consentimiento informado de un paciente.<\/p>\n<p>Entre las<strong> principales ventajas<\/strong> destacamos las siguientes:<\/p>\n<ul>\n<li><strong><span style=\"color: #0059a3;\">Precios competitivos<\/span><\/strong><\/li>\n<li><strong><span style=\"color: #0059a3;\">Gran ahorro de costes operativos<\/span><\/strong><\/li>\n<li><strong><span style=\"color: #0059a3;\">Firma Multicanal:<\/span><\/strong> todos los canales de comunicaci\u00f3n<\/li>\n<li><strong><span style=\"color: #0059a3;\">Multidispositivo<\/span> <\/strong>firma en Tablets, Smartphone o PC<\/li>\n<li><strong><span style=\"color: #0059a3;\">Excelencia<\/span><\/strong> en sus <strong><span style=\"color: #0059a3;\">operaciones internas<\/span><\/strong><\/li>\n<li><strong><span style=\"color: #0059a3;\">Total seguridad<\/span><\/strong><\/li>\n<li>Plena <strong><span style=\"color: #0059a3;\">validez jur\u00eddica<\/span> <\/strong>a nivel Europeo<\/li>\n<li><strong><span style=\"color: #0059a3;\">Importante ahorro<\/span> <\/strong>de tiempo y dinero<\/li>\n<li>Plena <strong><span style=\"color: #0059a3;\">validez legal<\/span><\/strong> acorde con la normativa europea<\/li>\n<li><strong><span style=\"color: #0059a3;\">Acceso<\/span> <\/strong>en tiempo real las <strong><span style=\"color: #0059a3;\">24 horas<\/span><\/strong><\/li>\n<\/ul>\n<p><strong>Automatizaci\u00f3n<\/strong> de<strong><span style=\"color: #0059a3;\"> procesos empresariales<\/span><\/strong> con certificaci\u00f3n electr\u00f3nica mediante API Rest o Web Services<br \/>\nCinco a\u00f1os de<strong><span style=\"color: #0059a3;\"> custodia<\/span><\/strong> por ley ampliables en funci\u00f3n de necesidades<\/p>\n<p style=\"text-align: justify;\">Ofrecemos un <strong>servicio personalizado y adaptado<\/strong> a las necesidades de su negocio. Con los servicios de firma electr\u00f3nica podr\u00e1 agilizar sus <strong>Acuerdos, Aceptaciones y Consentimientos M\u00e9dicos<\/strong> que necesite de una manera<strong><span style=\"color: #0059a3;\"> f\u00e1cil y r\u00e1pida<\/span><\/strong> con un<strong><span style=\"color: #0059a3;\"> ahorro de costes muy importante<\/span><\/strong>.<\/p>\n<p style=\"text-align: justify;\">Para redes de cl\u00ednicas con m\u00faltiples sedes como son las<strong> Franquicias o Corporaciones Sanitarias<\/strong> creamos servicios de alto valor a\u00f1adido <strong><span style=\"color: #0059a3;\">con una gesti\u00f3n integral de sus servicios digitales<\/span><\/strong>.<\/p>\n<p>[\/vc_column_text][vc_empty_space height=\u00bb50px\u00bb][\/vc_column][\/vc_row]<\/p>\n","protected":false},"excerpt":{"rendered":"<p>[vc_row][vc_column][rev_slider_vc alias=\u00bbfirma-acuerdo-medico\u00bb enable_paspartu=\u00bbno\u00bb][\/vc_column][\/vc_row][vc_row css=\u00bb.vc_custom_1611568948786{margin-top: 20px !important;}\u00bb][vc_column][vc_empty_space height=\u00bb10px\u00bb][vc_separator color=\u00bbcustom\u00bb style=\u00bbdotted\u00bb accent_color=\u00bb#f2006e\u00bb][vc_empty_space height=\u00bb10px\u00bb][vc_empty_space height=\u00bb15px\u00bb][\/vc_column][\/vc_row][vc_row css=\u00bb.vc_custom_1611568977888{margin-top: 20px !important;}\u00bb][vc_column width=\u00bb5\/6&#8243;][vc_column_text] Este servicio desarrolla e integra las\u00a0soluciones de firma electr\u00f3nica\u00a0de\u00a0Avisos Certificados\u00a0todo tipo de\u00a0Acuerdos, aceptaciones y consentimientos m\u00e9dicos informados\u00a0con\u00a0validez legal. El proceso se realiza mediante\u00a0Apps\u00a0aportadas por\u00a0Avisos [&hellip;]<\/p>\n","protected":false},"author":2,"featured_media":0,"parent":0,"menu_order":0,"comment_status":"closed","ping_status":"closed","template":"","meta":[],"_links":{"self":[{"href":"https:\/\/fullsignature.eu\/index.php\/wp-json\/wp\/v2\/pages\/8698"}],"collection":[{"href":"https:\/\/fullsignature.eu\/index.php\/wp-json\/wp\/v2\/pages"}],"about":[{"href":"https:\/\/fullsignature.eu\/index.php\/wp-json\/wp\/v2\/types\/page"}],"author":[{"embeddable":true,"href":"https:\/\/fullsignature.eu\/index.php\/wp-json\/wp\/v2\/users\/2"}],"replies":[{"embeddable":true,"href":"https:\/\/fullsignature.eu\/index.php\/wp-json\/wp\/v2\/comments?post=8698"}],"version-history":[{"count":32,"href":"https:\/\/fullsignature.eu\/index.php\/wp-json\/wp\/v2\/pages\/8698\/revisions"}],"predecessor-version":[{"id":10161,"href":"https:\/\/fullsignature.eu\/index.php\/wp-json\/wp\/v2\/pages\/8698\/revisions\/10161"}],"wp:attachment":[{"href":"https:\/\/fullsignature.eu\/index.php\/wp-json\/wp\/v2\/media?parent=8698"}],"curies":[{"name":"wp","href":"https:\/\/api.w.org\/{rel}","templated":true}]}}