{"id":8708,"date":"2019-11-28T13:18:06","date_gmt":"2019-11-28T12:18:06","guid":{"rendered":"https:\/\/fullsignature.eu\/?page_id=8708"},"modified":"2021-01-26T12:37:08","modified_gmt":"2021-01-26T11:37:08","slug":"smart-money","status":"publish","type":"page","link":"https:\/\/fullsignature.eu\/index.php\/smart-money\/","title":{"rendered":"Smart Money"},"content":{"rendered":"<p>[vc_row][vc_column][rev_slider_vc alias=\u00bbsmart-money\u00bb enable_paspartu=\u00bbno\u00bb][\/vc_column][\/vc_row][vc_row css=\u00bb.vc_custom_1611247560653{margin-top: 20px !important;}\u00bb][vc_column][vc_single_image image=\u00bb9500&#8243; img_size=\u00bb260&#215;71&#8243;][vc_empty_space height=\u00bb10px\u00bb]<div class=\"mkdf-section-title-holder  mkdf-st-standard mkdf-st-title-left mkdf-st-normal-space \" >\n\t<div class=\"mkdf-st-inner\">\n\t\t\t\t\t<h2 class=\"mkdf-st-title\" style=\"color: #0059a3\">\n\t\t\t\tSmart Money \u2013 Dinero Inteligente\t\t\t<\/h2>\n\t\t\t\t\t<\/div>\n<\/div>[vc_empty_space height=\u00bb10px\u00bb][vc_separator color=\u00bbcustom\u00bb style=\u00bbdotted\u00bb accent_color=\u00bb#f2006e\u00bb][vc_empty_space height=\u00bb10px\u00bb]<div class=\"mkdf-section-title-holder  mkdf-st-standard mkdf-st-title-left mkdf-st-normal-space \" >\n\t<div class=\"mkdf-st-inner\">\n\t\t\t\t\t\t\t<h3 class=\"mkdf-st-text\" style=\"color: #f2006e;margin-top: 0px\">\n\t\t\t\tServicios automatizados mediante contratos inteligentes, cobros &amp; pagos y recobro\t\t\t<\/h3>\n\t\t\t<\/div>\n<\/div>[vc_empty_space height=\u00bb20px\u00bb][\/vc_column][\/vc_row][vc_row css=\u00bb.vc_custom_1611247572744{margin-top: 20px !important;}\u00bb][vc_column width=\u00bb5\/6&#8243;][vc_row_inner][vc_column_inner][vc_column_text]<strong><img class=\"size-medium wp-image-9772 alignleft\" src=\"https:\/\/fullsignature.eu\/wp-content\/uploads\/2019\/12\/img-lateral-izquierda-smart-money-3.png\" alt=\"\" width=\"220\" \/>Smart Money<\/strong>\u00a0son\u00a0<strong><span style=\"color: #0059a3;\">soluciones automatizadas<\/span><\/strong> para empresas, despachos profesionales e instituciones que permiten controlar\u00a0los <strong><span style=\"color: #0059a3;\">procesos de contrataci\u00f3n &amp; afiliaci\u00f3n, facturaci\u00f3n, cobros &amp; pagos y recobro amistoso prejudicial<\/span><\/strong>.<\/p>\n<p><strong><span style=\"color: #0059a3;\">Nuestros servicios<\/span><\/strong>\u00a0pueden ser\u00a0<strong><span style=\"color: #0059a3;\">integrales<\/span><\/strong> o bien\u00a0<strong><span style=\"color: #0059a3;\">parciales<\/span><\/strong>\u00a0de acuerdo a las necesidades del cliente.<\/p>\n<p>El\u00a0proceso\u00a0<strong>Smart Money<\/strong>\u00a0<strong><span style=\"color: #0059a3;\">inicia con los contratos inteligentes<\/span><\/strong>.[\/vc_column_text][\/vc_column_inner][\/vc_row_inner][\/vc_column][vc_column width=\u00bb1\/6&#8243; css=\u00bb.vc_custom_1610101241654{margin-left: 2% !important;}\u00bb offset=\u00bbvc_hidden-sm vc_hidden-xs\u00bb][vc_single_image image=\u00bb8574&#8243; img_size=\u00bb\u00bb][vc_empty_space][\/vc_column][vc_column width=\u00bb1\/6&#8243;][\/vc_column][\/vc_row][vc_row][vc_column][vc_row_inner][vc_column_inner width=\u00bb1\/2&#8243;][vc_empty_space height=\u00bb20px\u00bb][vc_single_image image=\u00bb9774&#8243; img_size=\u00bb\u00bb][vc_empty_space height=\u00bb10px\u00bb][vc_separator color=\u00bbcustom\u00bb style=\u00bbdotted\u00bb accent_color=\u00bb#f2006e\u00bb][vc_empty_space height=\u00bb20px\u00bb][vc_column_text]<img class=\"size-full wp-image-9783 alignleft\" src=\"https:\/\/fullsignature.eu\/wp-content\/uploads\/2021\/01\/home-smart-contracts-250-2.png\" alt=\"\" width=\"220\" \/><br \/>\nLos\u00a0<strong>Smart Contracts\u00a0<\/strong>son\u00a0<strong><span style=\"color: #0059a3;\">contratos electr\u00f3nicos automatizados<\/span><\/strong>\u00a0que se implementan acorde con las necesidades de cada cliente. Permiten gestionar de uno a millones de\u00a0<strong><span style=\"color: #0059a3;\">procesos de contrataci\u00f3n y afiliaci\u00f3n<\/span><\/strong>.<\/p>\n<p>El contrato es un\u00a0<strong>contrato electr\u00f3nico <\/strong>que contiene toda la informaci\u00f3n y documentos para la formalizaci\u00f3n del mismo.<\/p>\n<p>Mediante\u00a0<strong><span style=\"color: #0059a3;\">eMail o SMS Certificado<\/span><\/strong>\u00a0se\u00a0env\u00eda al potencial cliente para su<strong>\u00a0firma online<\/strong>.[\/vc_column_text][\/vc_column_inner][vc_column_inner width=\u00bb1\/2&#8243;][vc_empty_space height=\u00bb20px\u00bb][vc_single_image image=\u00bb9790&#8243; img_size=\u00bb248&#215;70&#8243;][vc_empty_space height=\u00bb10px\u00bb][vc_separator color=\u00bbcustom\u00bb style=\u00bbdotted\u00bb accent_color=\u00bb#f2006e\u00bb][vc_empty_space height=\u00bb20px\u00bb][vc_column_text]<img class=\"size-full wp-image-9783 alignleft\" src=\"https:\/\/fullsignature.eu\/wp-content\/uploads\/2021\/01\/img-lateral-izquierdo-smart-billing-250.png\" alt=\"\" width=\"220\" \/><br \/>\n<strong>Smart Billing<\/strong> (<strong><span style=\"color: #0059a3;\">Automatizaci\u00f3n inteligente de facturas<\/span><\/strong>) Las facturas son\u00a0<strong><span style=\"color: #0059a3;\">enviadas electr\u00f3nicamente<\/span><\/strong>\u00a0al cliente final y quedan a su disposici\u00f3n en el \u00e1rea de cliente de\u00a0<strong>Smart Money,<\/strong>\u00a0o bien, en los\u00a0<strong>Customer Portals<\/strong>. Los env\u00edos pueden ser por cualquier canal de contacto, normalmente mediante\u00a0<strong><span style=\"color: #0059a3;\">eMail Certificado<\/span><\/strong>, y siempre llevan un control de recepci\u00f3n como\u00a0<strong><span style=\"color: #0059a3;\">prueba de entrega fehaciente<\/span><\/strong>.[\/vc_column_text][\/vc_column_inner][\/vc_row_inner][vc_row_inner][vc_column_inner width=\u00bb1\/2&#8243;][vc_empty_space height=\u00bb20px\u00bb][vc_single_image image=\u00bb9796&#8243; img_size=\u00bb325&#215;74&#8243;][vc_empty_space height=\u00bb10px\u00bb][vc_separator color=\u00bbcustom\u00bb style=\u00bbdotted\u00bb accent_color=\u00bb#f2006e\u00bb][vc_empty_space height=\u00bb20px\u00bb][vc_column_text]<img class=\"size-full wp-image-9783 alignleft\" src=\"https:\/\/fullsignature.eu\/wp-content\/uploads\/2021\/01\/img-lateral-izquierdo-smart-charges-250.png\" alt=\"\" width=\"220\" \/><br \/>\n<strong>Smart Payments\u00a0<\/strong>brinda la oportunidad de\u00a0<strong><span style=\"color: #0059a3;\">realizar cobros y pagos inteligentes de manera autom\u00e1tica<\/span><\/strong>.<\/p>\n<p>Ya sea mediante\u00a0<strong>TPV\u00b4s, Recibos domiciliados o Transferencias bancarias.\u00a0\u00a0<\/strong>A nivel del \u00e1rea SEPA, el sistema ejecutar\u00e1\u00a0<strong><span style=\"color: #0059a3;\">procesos de cobro masivo, personalizados puntuales o peri\u00f3dicos<\/span><\/strong>.[\/vc_column_text][\/vc_column_inner][vc_column_inner width=\u00bb1\/2&#8243;][vc_empty_space height=\u00bb20px\u00bb][vc_single_image image=\u00bb10049&#8243; img_size=\u00bb\u00bb][vc_empty_space height=\u00bb10px\u00bb][vc_separator color=\u00bbcustom\u00bb style=\u00bbdotted\u00bb accent_color=\u00bb#f2006e\u00bb][vc_empty_space height=\u00bb20px\u00bb][vc_column_text]<img class=\"size-full wp-image-9783 alignleft\" src=\"https:\/\/fullsignature.eu\/wp-content\/uploads\/2020\/01\/img-lateral-izquierdo-smart-recovery.png\" alt=\"\" width=\"270\" \/><strong>Smart Recovery<\/strong> es la soluci\u00f3n para realizar el Recobro online <strong><span style=\"color: #0059a3;\">certificado amistoso<\/span><\/strong> con expediente electr\u00f3nico prejudicial en caso de ser necesario.[\/vc_column_text][\/vc_column_inner][\/vc_row_inner][\/vc_column][\/vc_row][vc_row][vc_column][vc_empty_space height=\u00bb100px\u00bb][\/vc_column][\/vc_row]<\/p>\n","protected":false},"excerpt":{"rendered":"<p>[vc_row][vc_column][rev_slider_vc alias=\u00bbsmart-money\u00bb enable_paspartu=\u00bbno\u00bb][\/vc_column][\/vc_row][vc_row css=\u00bb.vc_custom_1611247560653{margin-top: 20px !important;}\u00bb][vc_column][vc_single_image image=\u00bb9500&#8243; img_size=\u00bb260&#215;71&#8243;][vc_empty_space height=\u00bb10px\u00bb][vc_empty_space height=\u00bb10px\u00bb][vc_separator color=\u00bbcustom\u00bb style=\u00bbdotted\u00bb accent_color=\u00bb#f2006e\u00bb][vc_empty_space height=\u00bb10px\u00bb][vc_empty_space height=\u00bb20px\u00bb][\/vc_column][\/vc_row][vc_row css=\u00bb.vc_custom_1611247572744{margin-top: 20px !important;}\u00bb][vc_column width=\u00bb5\/6&#8243;][vc_row_inner][vc_column_inner][vc_column_text]Smart Money\u00a0son\u00a0soluciones automatizadas para empresas, despachos profesionales e instituciones que permiten controlar\u00a0los procesos de contrataci\u00f3n &amp; afiliaci\u00f3n, facturaci\u00f3n, cobros &amp; pagos y [&hellip;]<\/p>\n","protected":false},"author":2,"featured_media":0,"parent":0,"menu_order":0,"comment_status":"closed","ping_status":"closed","template":"","meta":[],"_links":{"self":[{"href":"https:\/\/fullsignature.eu\/index.php\/wp-json\/wp\/v2\/pages\/8708"}],"collection":[{"href":"https:\/\/fullsignature.eu\/index.php\/wp-json\/wp\/v2\/pages"}],"about":[{"href":"https:\/\/fullsignature.eu\/index.php\/wp-json\/wp\/v2\/types\/page"}],"author":[{"embeddable":true,"href":"https:\/\/fullsignature.eu\/index.php\/wp-json\/wp\/v2\/users\/2"}],"replies":[{"embeddable":true,"href":"https:\/\/fullsignature.eu\/index.php\/wp-json\/wp\/v2\/comments?post=8708"}],"version-history":[{"count":92,"href":"https:\/\/fullsignature.eu\/index.php\/wp-json\/wp\/v2\/pages\/8708\/revisions"}],"predecessor-version":[{"id":10051,"href":"https:\/\/fullsignature.eu\/index.php\/wp-json\/wp\/v2\/pages\/8708\/revisions\/10051"}],"wp:attachment":[{"href":"https:\/\/fullsignature.eu\/index.php\/wp-json\/wp\/v2\/media?parent=8708"}],"curies":[{"name":"wp","href":"https:\/\/api.w.org\/{rel}","templated":true}]}}