{"id":8710,"date":"2019-11-28T13:18:38","date_gmt":"2019-11-28T12:18:38","guid":{"rendered":"https:\/\/fullsignature.eu\/?page_id=8710"},"modified":"2021-07-16T15:09:53","modified_gmt":"2021-07-16T13:09:53","slug":"smart-contracts","status":"publish","type":"page","link":"https:\/\/fullsignature.eu\/index.php\/smart-contracts\/","title":{"rendered":"Smart Contracts"},"content":{"rendered":"<p>[vc_row][vc_column][rev_slider_vc alias=\u00bbfirma-contratos-inteligentes\u00bb enable_paspartu=\u00bbno\u00bb][\/vc_column][\/vc_row][vc_row css=\u00bb.vc_custom_1611243070564{margin-top: 20px !important;}\u00bb][vc_column]<div class=\"mkdf-section-title-holder  mkdf-st-standard mkdf-st-title-left mkdf-st-normal-space \" >\n\t<div class=\"mkdf-st-inner\">\n\t\t\t\t\t<h1 class=\"mkdf-st-title\" style=\"color: #0059a3\">\n\t\t\t\tSmart Contracts \u2013 Contratos Inteligentes\t\t\t<\/h1>\n\t\t\t\t\t<\/div>\n<\/div>[vc_empty_space height=\u00bb10px\u00bb][vc_separator color=\u00bbcustom\u00bb style=\u00bbdotted\u00bb accent_color=\u00bb#f2006e\u00bb][vc_empty_space height=\u00bb10px\u00bb]<div class=\"mkdf-section-title-holder  mkdf-st-standard mkdf-st-title-left mkdf-st-normal-space \" >\n\t<div class=\"mkdf-st-inner\">\n\t\t\t\t\t\t\t<h3 class=\"mkdf-st-text\" style=\"color: #f2006e;margin-top: 0px\">\n\t\t\t\tContratos electr\u00f3nicos inteligentes que procesan y ejecutan todo el circuito de facturaci\u00f3n, cobro y recobro mediante procesos certificados con validez legal\t\t\t<\/h3>\n\t\t\t<\/div>\n<\/div>[vc_empty_space height=\u00bb15px\u00bb][\/vc_column][\/vc_row][vc_row dynamic_background_color_value=\u00bb#ffffff\u00bb css=\u00bb.vc_custom_1611246183720{margin-top: 20px !important;}\u00bb][vc_column width=\u00bb5\/6&#8243;][vc_row_inner][vc_column_inner][vc_column_text]<\/p>\n<p class=\"mk-shortcode mk-fancy-title fancy-title-align-left simple-style \" style=\"text-align: justify;\"><strong><img class=\"size-medium wp-image-9820 alignleft\" src=\"https:\/\/fullsignature.eu\/wp-content\/uploads\/2021\/01\/img-lateral-izquierda-smart-contracts-logo-202x300.png\" alt=\"\" width=\"300\" srcset=\"https:\/\/fullsignature.eu\/wp-content\/uploads\/2021\/01\/img-lateral-izquierda-smart-contracts-logo-202x300.png 202w, https:\/\/fullsignature.eu\/wp-content\/uploads\/2021\/01\/img-lateral-izquierda-smart-contracts-logo.png 500w\" sizes=\"(max-width: 202px) 100vw, 202px\" \/>Smart Contracts<\/strong> son <strong><span style=\"color: #0059a3;\">servicios automatizados de emisi\u00f3n de contratos y recibos<\/span><\/strong> que permiten controlar en tiempo real <strong><span style=\"color: #0059a3;\">los procesos de contrataci\u00f3n &amp; afiliaci\u00f3n<\/span><\/strong>.<\/p>\n<p class=\"mk-shortcode mk-fancy-title fancy-title-align-left simple-style \" style=\"text-align: justify;\">Los <strong>Smart Contracts<\/strong> son <strong><span style=\"color: #0059a3;\">contratos electr\u00f3nicos automatizados<\/span><\/strong> que se implementan acorde con las necesidades de cada cliente. Permiten gestionar de uno a millones de <strong><span style=\"color: #0059a3;\">procesos de contrataci\u00f3n y afiliaci\u00f3n<\/span><\/strong>.<\/p>\n<p style=\"text-align: justify;\">El contrato es un <strong>contrato electr\u00f3nico certificado<\/strong> que contiene toda la informaci\u00f3n de datos necesarios para la formalizaci\u00f3n del contrato y la program\u00e1tica de los procesos automatizados.<\/p>\n<p style=\"text-align: justify;\">Mediante <strong><span style=\"color: #0059a3;\">eMail o SMS Certificado<\/span><\/strong> se env\u00eda al potencial cliente para su <strong>firma online<\/strong>.<\/p>\n<p style=\"text-align: justify;\"><strong>La firma<\/strong> se puede realizar en cuesti\u00f3n de <strong><span style=\"color: #0059a3;\">pocos minutos<\/span><\/strong>, de forma muy c\u00f3moda y <strong><span style=\"color: #0059a3;\">con total validez legal<\/span><\/strong>. <span style=\"color: #0059a3;\"><strong>El cliente recibir\u00e1 copia<\/strong><\/span> del contrato firmado y certificado.<\/p>\n<p style=\"text-align: justify;\">Mediante Smart Contracts implementamos soluciones integrales o parciales de los procesos de su empresa:<\/p>\n<p>[\/vc_column_text][\/vc_column_inner][\/vc_row_inner][\/vc_column][vc_column width=\u00bb1\/6&#8243;][vc_single_image image=\u00bb9881&#8243; img_size=\u00bb\u00bb alignment=\u00bbcenter\u00bb][\/vc_column][vc_column width=\u00bb1\/6&#8243;][\/vc_column][\/vc_row][vc_row row_content_width=\u00bbgrid\u00bb css=\u00bb.vc_custom_1611232095161{margin-right: 5% !important;margin-left: 5% !important;}\u00bb][vc_column][vc_column_text]<\/p>\n<ul>\n<li>Contratos electr\u00f3nicos<\/li>\n<li>Facturaci\u00f3n<\/li>\n<li>Cobros<\/li>\n<li>Pagos<\/li>\n<li>Recobro amistoso prejudicial<\/li>\n<\/ul>\n<p style=\"text-align: justify;\"><strong><span style=\"color: #0059a3;\">Full Signature<\/span><\/strong> otorga la posibilidad de enviar, entre otros, <strong>contratos electr\u00f3nicos certificados<\/strong> que conllevan consigo mismos todo el <strong><span style=\"color: #0059a3;\">circuito de cobro y recobro<\/span><\/strong>. Es decir, el contrato es un <strong>contrato electr\u00f3nico certificado<\/strong> que contiene toda la informaci\u00f3n de <strong>datos, variables y documentos necesarios<\/strong> para la formalizaci\u00f3n del contrato y la program\u00e1tica de los procesos automatizados. Por tanto, <strong><span style=\"color: #0059a3;\">conciliamos el proceso de firma electr\u00f3nica con validez legal con el de facturaci\u00f3n global<\/span><\/strong>.<\/p>\n<p>[\/vc_column_text][vc_column_text]<\/p>\n<h1 style=\"text-align: center;\"><span style=\"color: #0059a3;\">Proceso de firma de Contratos<\/span><\/h1>\n<p>[\/vc_column_text][vc_empty_space height=\u00bb10px\u00bb][vc_separator color=\u00bbcustom\u00bb style=\u00bbdotted\u00bb accent_color=\u00bb#f2006e\u00bb][vc_empty_space height=\u00bb80px\u00bb][\/vc_column][\/vc_row][vc_row css=\u00bb.vc_custom_1576056141849{margin-left: 10% !important;}\u00bb][vc_column width=\u00bb1\/2&#8243;]<div class=\"mkdf-elements-holder   mkdf-five-columns  mkdf-responsive-mode-768 mkdf-one-column-alignment-center\" ><div class=\"mkdf-eh-item iconoProceso   \"  data-item-class=\"mkdf-eh-custom-5465\">\n\t<div class=\"mkdf-eh-item-inner\">\n\t\t<div class=\"mkdf-eh-item-content mkdf-eh-custom-5465\" >\n\t\t\t[vc_single_image image=\u00bb8959&#8243; img_size=\u00bb\u00bb alignment=\u00bbcenter\u00bb][vc_column_text]<\/p>\n<p style=\"text-align: center;\"><strong><span style=\"color: #0059a3;\">Notificaci\u00f3n de acceso<br \/>\nal centro de firmas<\/span><\/strong><\/p>\n<p>[\/vc_column_text]\t\t<\/div>\n\t<\/div>\n<\/div><div class=\"mkdf-eh-item flechaProceso  mkdf-horizontal-alignment-center \"  data-item-class=\"mkdf-eh-custom-1829\">\n\t<div class=\"mkdf-eh-item-inner\">\n\t\t<div class=\"mkdf-eh-item-content mkdf-eh-custom-1829\" >\n\t\t\t[vc_icon type=\u00bbtypicons\u00bb icon_typicons=\u00bbtypcn typcn-arrow-right\u00bb color=\u00bbcustom\u00bb size=\u00bblg\u00bb align=\u00bbcenter\u00bb custom_color=\u00bb#f2106b\u00bb]\t\t<\/div>\n\t<\/div>\n<\/div><div class=\"mkdf-eh-item iconoProceso  mkdf-horizontal-alignment-center \"  data-item-class=\"mkdf-eh-custom-7785\">\n\t<div class=\"mkdf-eh-item-inner\">\n\t\t<div class=\"mkdf-eh-item-content mkdf-eh-custom-7785\" >\n\t\t\t[vc_single_image image=\u00bb8966&#8243; img_size=\u00bb\u00bb alignment=\u00bbcenter\u00bb][vc_column_text]<\/p>\n<p style=\"text-align: center;\"><strong><span style=\"color: #0059a3;\">Inserci\u00f3n de c\u00f3digo<br \/>\nsecurizado de acceso<\/span><\/strong><\/p>\n<p>[\/vc_column_text]\t\t<\/div>\n\t<\/div>\n<\/div><div class=\"mkdf-eh-item flechaProceso  mkdf-horizontal-alignment-center \"  data-item-class=\"mkdf-eh-custom-5262\">\n\t<div class=\"mkdf-eh-item-inner\">\n\t\t<div class=\"mkdf-eh-item-content mkdf-eh-custom-5262\" >\n\t\t\t[vc_icon type=\u00bbtypicons\u00bb icon_typicons=\u00bbtypcn typcn-arrow-right\u00bb color=\u00bbcustom\u00bb size=\u00bblg\u00bb align=\u00bbcenter\u00bb custom_color=\u00bb#f2106b\u00bb]\t\t<\/div>\n\t<\/div>\n<\/div><div class=\"mkdf-eh-item iconoProceso  mkdf-horizontal-alignment-center \"  data-item-class=\"mkdf-eh-custom-4070\">\n\t<div class=\"mkdf-eh-item-inner\">\n\t\t<div class=\"mkdf-eh-item-content mkdf-eh-custom-4070\" >\n\t\t\t[vc_single_image image=\u00bb8969&#8243; img_size=\u00bb\u00bb alignment=\u00bbcenter\u00bb][vc_column_text]<\/p>\n<p style=\"text-align: center;\"><strong><span style=\"color: #0059a3;\">Lectura del contrato<br \/>\ny subida de docs.<\/span><\/strong><\/p>\n<p>[\/vc_column_text]\t\t<\/div>\n\t<\/div>\n<\/div><\/div>[\/vc_column][vc_column width=\u00bb1\/2&#8243;]<div class=\"mkdf-elements-holder   mkdf-five-columns  mkdf-responsive-mode-768 mkdf-one-column-alignment-center\" ><div class=\"mkdf-eh-item flechaProceso   \"  data-item-class=\"mkdf-eh-custom-5517\">\n\t<div class=\"mkdf-eh-item-inner\">\n\t\t<div class=\"mkdf-eh-item-content mkdf-eh-custom-5517\" >\n\t\t\t[vc_icon type=\u00bbtypicons\u00bb icon_typicons=\u00bbtypcn typcn-arrow-right\u00bb color=\u00bbcustom\u00bb size=\u00bblg\u00bb align=\u00bbcenter\u00bb custom_color=\u00bb#f2106b\u00bb]\t\t<\/div>\n\t<\/div>\n<\/div><div class=\"mkdf-eh-item iconoProceso  mkdf-horizontal-alignment-center \"  data-item-class=\"mkdf-eh-custom-3578\">\n\t<div class=\"mkdf-eh-item-inner\">\n\t\t<div class=\"mkdf-eh-item-content mkdf-eh-custom-3578\" >\n\t\t\t[vc_single_image image=\u00bb8970&#8243; img_size=\u00bb\u00bb alignment=\u00bbcenter\u00bb][vc_column_text]<\/p>\n<p style=\"text-align: center;\"><strong><span style=\"color: #0059a3;\">M\u00faltiples formatos<br \/>\nde firma electr\u00f3nica<\/span><\/strong><\/p>\n<p>[\/vc_column_text]\t\t<\/div>\n\t<\/div>\n<\/div><div class=\"mkdf-eh-item flechaProceso  mkdf-horizontal-alignment-center \"  data-item-class=\"mkdf-eh-custom-7648\">\n\t<div class=\"mkdf-eh-item-inner\">\n\t\t<div class=\"mkdf-eh-item-content mkdf-eh-custom-7648\" >\n\t\t\t[vc_icon type=\u00bbtypicons\u00bb icon_typicons=\u00bbtypcn typcn-arrow-right\u00bb color=\u00bbcustom\u00bb size=\u00bblg\u00bb align=\u00bbcenter\u00bb custom_color=\u00bb#f2106b\u00bb]\t\t<\/div>\n\t<\/div>\n<\/div><div class=\"mkdf-eh-item iconoProceso  mkdf-horizontal-alignment-center \"  data-item-class=\"mkdf-eh-custom-8091\">\n\t<div class=\"mkdf-eh-item-inner\">\n\t\t<div class=\"mkdf-eh-item-content mkdf-eh-custom-8091\" >\n\t\t\t[vc_single_image image=\u00bb8674&#8243; img_size=\u00bb\u00bb alignment=\u00bbcenter\u00bb][vc_column_text]<\/p>\n<p style=\"text-align: center;\"><strong><span style=\"color: #0059a3;\">Contrato electr\u00f3nico<br \/>\ncon validez legal<\/span><\/strong><\/p>\n<p>[\/vc_column_text]\t\t<\/div>\n\t<\/div>\n<\/div><div class=\"mkdf-eh-item iconoProceso  mkdf-horizontal-alignment-center \"  data-item-class=\"mkdf-eh-custom-1148\">\n\t<div class=\"mkdf-eh-item-inner\">\n\t\t<div class=\"mkdf-eh-item-content mkdf-eh-custom-1148\" >\n\t\t\t\t\t<\/div>\n\t<\/div>\n<\/div><\/div>[\/vc_column][\/vc_row][vc_row row_content_width=\u00bbgrid\u00bb css=\u00bb.vc_custom_1611232095161{margin-right: 5% !important;margin-left: 5% !important;}\u00bb][vc_column][vc_empty_space height=\u00bb40px\u00bb][vc_column_text]<\/p>\n<h1 style=\"text-align: center;\"><span style=\"color: #0059a3;\">Beneficios<\/span><\/h1>\n<p>[\/vc_column_text][vc_empty_space height=\u00bb10px\u00bb][vc_separator color=\u00bbcustom\u00bb style=\u00bbdotted\u00bb accent_color=\u00bb#f2006e\u00bb][vc_empty_space height=\u00bb80px\u00bb][\/vc_column][\/vc_row][vc_row row_content_width=\u00bbgrid\u00bb css=\u00bb.vc_custom_1611232147149{margin-bottom: 100px !important;}\u00bb dynamic_background_color_value=\u00bb#e5eeff\u00bb][vc_column]<div class=\"mkdf-item-showcase-holder clearfix\"><div class=\"mkdf-is-item mkdf-is-left\">\n\t<div class=\"mkdf-item-inner\">\n                <div class=\"mkdf-is-content\">\n\t\t\t\t\t<h4 class=\"mkdf-is-title\" >\n\t\t\t\t\t\t\t\tVariedad de Firmas\t\t\t\t\t\t\t<\/h4>\n\t\t\t\t\t\t\t<p class=\"mkdf-is-text\" >La mayor variedad de firmas electr\u00f3nicas.<\/p>\n\t\t        <\/div>\n        \t\t\t<div class=\"mkdf-is-icon\">\n\t\t\t\t\t\t\t<img width=\"49\" height=\"49\" src=\"https:\/\/fullsignature.eu\/wp-content\/uploads\/2019\/12\/1-ic-var-firm-2.png\" class=\"attachment-full size-full\" alt=\"\" loading=\"lazy\" \/>\t\t\t\t\t\t<\/div>\n    \t<\/div>\n<\/div><div class=\"mkdf-is-item mkdf-is-left\">\n\t<div class=\"mkdf-item-inner\">\n                <div class=\"mkdf-is-content\">\n\t\t\t\t\t<h4 class=\"mkdf-is-title\" >\n\t\t\t\t\t\t\t\tContratos Electr\u00f3nicos\t\t\t\t\t\t\t<\/h4>\n\t\t\t\t\t\t\t<p class=\"mkdf-is-text\" >La mayor variedad de contratos electr\u00f3nicos<\/p>\n\t\t        <\/div>\n        \t\t\t<div class=\"mkdf-is-icon\">\n\t\t\t\t\t\t\t<img width=\"49\" height=\"49\" src=\"https:\/\/fullsignature.eu\/wp-content\/uploads\/2019\/12\/2-ic-cont-elec.png\" class=\"attachment-full size-full\" alt=\"\" loading=\"lazy\" \/>\t\t\t\t\t\t<\/div>\n    \t<\/div>\n<\/div><div class=\"mkdf-is-item mkdf-is-left\">\n\t<div class=\"mkdf-item-inner\">\n                <div class=\"mkdf-is-content\">\n\t\t\t\t\t<h4 class=\"mkdf-is-title\" >\n\t\t\t\t\t\t\t\tCertificaci\u00f3n Electr\u00f3nica\t\t\t\t\t\t\t<\/h4>\n\t\t\t\t\t\t\t<p class=\"mkdf-is-text\" >La mayor gama de servicios de certificaci\u00f3n.<\/p>\n\t\t        <\/div>\n        \t\t\t<div class=\"mkdf-is-icon\">\n\t\t\t\t\t\t\t<img width=\"49\" height=\"49\" src=\"https:\/\/fullsignature.eu\/wp-content\/uploads\/2019\/12\/5-ic-val-legal.png\" class=\"attachment-full size-full\" alt=\"\" loading=\"lazy\" \/>\t\t\t\t\t\t<\/div>\n    \t<\/div>\n<\/div><div class=\"mkdf-is-item mkdf-is-left\">\n\t<div class=\"mkdf-item-inner\">\n                <div class=\"mkdf-is-content\">\n\t\t\t\t\t<h4 class=\"mkdf-is-title\" >\n\t\t\t\t\t\t\t\tIdiomas &amp; Pa\u00edses\t\t\t\t\t\t\t<\/h4>\n\t\t\t\t\t\t\t<p class=\"mkdf-is-text\" >28 paises &amp; 26 idiomas disponibles<\/p>\n\t\t        <\/div>\n        \t\t\t<div class=\"mkdf-is-icon\">\n\t\t\t\t\t\t\t<img width=\"49\" height=\"49\" src=\"https:\/\/fullsignature.eu\/wp-content\/uploads\/2019\/12\/4-ic-idiom-pais-2.png\" class=\"attachment-full size-full\" alt=\"\" loading=\"lazy\" \/>\t\t\t\t\t\t<\/div>\n    \t<\/div>\n<\/div><div class=\"mkdf-is-item mkdf-is-right\">\n\t<div class=\"mkdf-item-inner\">\n                    <div class=\"mkdf-is-icon\">\n\t\t\t\t\t\t\t\t\t<img width=\"49\" height=\"49\" src=\"https:\/\/fullsignature.eu\/wp-content\/uploads\/2019\/12\/5-ic-val-legal-4.png\" class=\"attachment-full size-full\" alt=\"\" loading=\"lazy\" \/>\t\t\t\t            <\/div>\n                <div class=\"mkdf-is-content\">\n\t\t\t\t\t<h4 class=\"mkdf-is-title\" >\n\t\t\t\t\t\t\t\tTotal validez legal\t\t\t\t\t\t\t<\/h4>\n\t\t\t\t\t\t\t<p class=\"mkdf-is-text\" >Seguridad jur\u00eddica vs eIDAS<\/p>\n\t\t        <\/div>\n        \t<\/div>\n<\/div><div class=\"mkdf-is-item mkdf-is-right\">\n\t<div class=\"mkdf-item-inner\">\n                    <div class=\"mkdf-is-icon\">\n\t\t\t\t\t\t\t\t\t<img width=\"49\" height=\"49\" src=\"https:\/\/fullsignature.eu\/wp-content\/uploads\/2019\/12\/6-ic-rel-prec-calid.png\" class=\"attachment-full size-full\" alt=\"\" loading=\"lazy\" \/>\t\t\t\t            <\/div>\n                <div class=\"mkdf-is-content\">\n\t\t\t\t\t<h4 class=\"mkdf-is-title\" >\n\t\t\t\t\t\t\t\tRelaci\u00f3n Calidad \/ Precio\t\t\t\t\t\t\t<\/h4>\n\t\t\t\t\t\t\t<p class=\"mkdf-is-text\" >Los mejores precios vs calidad vs seguridad<\/p>\n\t\t        <\/div>\n        \t<\/div>\n<\/div><div class=\"mkdf-is-item mkdf-is-right\">\n\t<div class=\"mkdf-item-inner\">\n                    <div class=\"mkdf-is-icon\">\n\t\t\t\t\t\t\t\t\t<img width=\"49\" height=\"49\" src=\"https:\/\/fullsignature.eu\/wp-content\/uploads\/2019\/12\/7-ic-cut-doc.png\" class=\"attachment-full size-full\" alt=\"\" loading=\"lazy\" \/>\t\t\t\t            <\/div>\n                <div class=\"mkdf-is-content\">\n\t\t\t\t\t<h4 class=\"mkdf-is-title\" >\n\t\t\t\t\t\t\t\tCustodia documental\t\t\t\t\t\t\t<\/h4>\n\t\t\t\t\t\t\t<p class=\"mkdf-is-text\" >Un m\u00ednimo de 6 a\u00f1os de custodia.<\/p>\n\t\t        <\/div>\n        \t<\/div>\n<\/div><div class=\"mkdf-is-item mkdf-is-right\">\n\t<div class=\"mkdf-item-inner\">\n                    <div class=\"mkdf-is-icon\">\n\t\t\t\t\t\t\t\t\t<img width=\"49\" height=\"49\" src=\"https:\/\/fullsignature.eu\/wp-content\/uploads\/2019\/12\/8-ic-sit-crit-2.png\" class=\"attachment-full size-full\" alt=\"\" loading=\"lazy\" \/>\t\t\t\t            <\/div>\n                <div class=\"mkdf-is-content\">\n\t\t\t\t\t<h4 class=\"mkdf-is-title\" >\n\t\t\t\t\t\t\t\tEntornos cr\u00edticos\t\t\t\t\t\t\t<\/h4>\n\t\t\t\t\t\t\t<p class=\"mkdf-is-text\" >M\u00e1xima disponibilidad y rendimiento.<\/p>\n\t\t        <\/div>\n        \t<\/div>\n<\/div><div class=\"mkdf-is-image\" style=\"margin-top: 0px\"><img width=\"555\" height=\"656\" src=\"https:\/\/fullsignature.eu\/wp-content\/uploads\/2019\/12\/movil-del-centro-beneficios-7.png\" class=\"attachment-full size-full\" alt=\"\" loading=\"lazy\" srcset=\"https:\/\/fullsignature.eu\/wp-content\/uploads\/2019\/12\/movil-del-centro-beneficios-7.png 555w, https:\/\/fullsignature.eu\/wp-content\/uploads\/2019\/12\/movil-del-centro-beneficios-7-254x300.png 254w\" sizes=\"(max-width: 555px) 100vw, 555px\" \/><\/div><\/div>[vc_empty_space height=\u00bb150px\u00bb][\/vc_column][\/vc_row]<\/p>\n","protected":false},"excerpt":{"rendered":"<p>[vc_row][vc_column][rev_slider_vc alias=\u00bbfirma-contratos-inteligentes\u00bb enable_paspartu=\u00bbno\u00bb][\/vc_column][\/vc_row][vc_row css=\u00bb.vc_custom_1611243070564{margin-top: 20px !important;}\u00bb][vc_column][vc_empty_space height=\u00bb10px\u00bb][vc_separator color=\u00bbcustom\u00bb style=\u00bbdotted\u00bb accent_color=\u00bb#f2006e\u00bb][vc_empty_space height=\u00bb10px\u00bb][vc_empty_space height=\u00bb15px\u00bb][\/vc_column][\/vc_row][vc_row dynamic_background_color_value=\u00bb#ffffff\u00bb css=\u00bb.vc_custom_1611246183720{margin-top: 20px !important;}\u00bb][vc_column width=\u00bb5\/6&#8243;][vc_row_inner][vc_column_inner][vc_column_text] Smart Contracts son servicios automatizados de emisi\u00f3n de contratos y recibos que permiten controlar en tiempo real los procesos de contrataci\u00f3n &amp; afiliaci\u00f3n. [&hellip;]<\/p>\n","protected":false},"author":2,"featured_media":0,"parent":0,"menu_order":0,"comment_status":"closed","ping_status":"closed","template":"","meta":[],"_links":{"self":[{"href":"https:\/\/fullsignature.eu\/index.php\/wp-json\/wp\/v2\/pages\/8710"}],"collection":[{"href":"https:\/\/fullsignature.eu\/index.php\/wp-json\/wp\/v2\/pages"}],"about":[{"href":"https:\/\/fullsignature.eu\/index.php\/wp-json\/wp\/v2\/types\/page"}],"author":[{"embeddable":true,"href":"https:\/\/fullsignature.eu\/index.php\/wp-json\/wp\/v2\/users\/2"}],"replies":[{"embeddable":true,"href":"https:\/\/fullsignature.eu\/index.php\/wp-json\/wp\/v2\/comments?post=8710"}],"version-history":[{"count":55,"href":"https:\/\/fullsignature.eu\/index.php\/wp-json\/wp\/v2\/pages\/8710\/revisions"}],"predecessor-version":[{"id":10080,"href":"https:\/\/fullsignature.eu\/index.php\/wp-json\/wp\/v2\/pages\/8710\/revisions\/10080"}],"wp:attachment":[{"href":"https:\/\/fullsignature.eu\/index.php\/wp-json\/wp\/v2\/media?parent=8710"}],"curies":[{"name":"wp","href":"https:\/\/api.w.org\/{rel}","templated":true}]}}