{"id":8716,"date":"2019-11-28T13:20:22","date_gmt":"2019-11-28T12:20:22","guid":{"rendered":"https:\/\/fullsignature.eu\/?page_id=8716"},"modified":"2021-07-20T10:56:13","modified_gmt":"2021-07-20T08:56:13","slug":"automation-it-ws-api","status":"publish","type":"page","link":"https:\/\/fullsignature.eu\/index.php\/automation-it-ws-api\/","title":{"rendered":"Automation IT &#038; WS- API"},"content":{"rendered":"<p>[vc_row][vc_column][rev_slider_vc alias=\u00bbautomation-it-ws-api\u00bb enable_paspartu=\u00bbno\u00bb][\/vc_column][\/vc_row][vc_row css=\u00bb.vc_custom_1611312397299{margin-top: 20px !important;}\u00bb][vc_column]<div class=\"mkdf-section-title-holder  mkdf-st-standard mkdf-st-title-left mkdf-st-normal-space \" >\n\t<div class=\"mkdf-st-inner\">\n\t\t\t\t\t<h1 class=\"mkdf-st-title\" style=\"color: #0059a3\">\n\t\t\t\tAutomatizaci\u00f3n de procesos\t\t\t<\/h1>\n\t\t\t\t\t<\/div>\n<\/div>[vc_empty_space height=\u00bb10px\u00bb][vc_separator color=\u00bbcustom\u00bb style=\u00bbdotted\u00bb accent_color=\u00bb#f2006e\u00bb][vc_empty_space height=\u00bb10px\u00bb]<div class=\"mkdf-section-title-holder  mkdf-st-standard mkdf-st-title-left mkdf-st-normal-space \" >\n\t<div class=\"mkdf-st-inner\">\n\t\t\t\t\t\t\t<h3 class=\"mkdf-st-text\" style=\"color: #f2006e;margin-top: 0px\">\n\t\t\t\tTotal integraci\u00f3n WS API REST. Automatizaci\u00f3n y firma online de contratos. desarrollos IT a medida. Smartservices\t\t\t<\/h3>\n\t\t\t<\/div>\n<\/div>[vc_empty_space height=\u00bb15px\u00bb][\/vc_column][\/vc_row][vc_row css=\u00bb.vc_custom_1611312427045{margin-top: 20px !important;}\u00bb][vc_column width=\u00bb5\/6&#8243;][vc_row_inner][vc_column_inner][vc_column_text]<\/p>\n<p style=\"text-align: justify;\"><img class=\"size-medium wp-image-9906 alignleft\" src=\"https:\/\/fullsignature.eu\/wp-content\/uploads\/2021\/01\/img-lateral-izquierda-automation-500px-244x300.png\" alt=\"\" width=\"300\" srcset=\"https:\/\/fullsignature.eu\/wp-content\/uploads\/2021\/01\/img-lateral-izquierda-automation-500px-244x300.png 244w, https:\/\/fullsignature.eu\/wp-content\/uploads\/2021\/01\/img-lateral-izquierda-automation-500px.png 500w\" sizes=\"(max-width: 244px) 100vw, 244px\" \/>Dentro de nuestro \u00e1rea de <strong><span style=\"color: #0059a3;\">Smart Automation<\/span><\/strong>, <strong>automatizamos procesos de negocio que son cr\u00edticos para nuestros clientes<\/strong> como son: la firma de contratos online mediante tel\u00e9fonos m\u00f3viles, consentimientos m\u00e9dicos, todo el ciclo de <strong><span style=\"color: #0059a3;\">Smart Money<\/span><\/strong>, as\u00ed como una gran abanico de servicios y aplicaciones electr\u00f3nicas.<\/p>\n<p>Existen <strong>tres niveles de servicios<\/strong> para los <strong><span style=\"color: #0059a3;\">proyectos de integraci\u00f3n IT y automatizaci\u00f3n de procesos<\/span><\/strong>:<\/p>\n<p>1. Desarrollo de <strong><span style=\"color: #0059a3;\">proyectos IT a media<\/span><\/strong> sobre nuestros sistemas<br \/>\n2. Las <strong><span style=\"color: #0059a3;\">integraciones WS \u2013 API<\/span><\/strong>.<br \/>\n3. Servicios de <strong><span style=\"color: #0059a3;\">colocation<\/span><\/strong> o <strong><span style=\"color: #0059a3;\">Inhouse<\/span><\/strong> de aplicaciones<\/p>\n<p style=\"text-align: justify;\">Estos servicios est\u00e1n dise\u00f1ados con una total <strong>escalabilidad<\/strong> y una alta disponibilidad. Permiten las ejecuci\u00f3n de miles a millones de procesos personalizados ideales para las empresas con altos vol\u00famenes de transacciones.<\/p>\n<p style=\"text-align: left;\">Estas estrategias suponen importantes mejoras funcionales y operativas con <strong><span style=\"color: #0059a3;\">ahorros de miles de horas hombre y millones de euros anuales<\/span><\/strong>.<\/p>\n<p>[\/vc_column_text][\/vc_column_inner][\/vc_row_inner][\/vc_column][vc_column width=\u00bb1\/6&#8243; css=\u00bb.vc_custom_1576064504591{margin-left: 2% !important;}\u00bb][vc_single_image image=\u00bb9881&#8243; img_size=\u00bb\u00bb alignment=\u00bbcenter\u00bb][\/vc_column][vc_column width=\u00bb1\/6&#8243;][\/vc_column][\/vc_row][vc_row][vc_column][vc_empty_space]<div class=\"mkdf-section-title-holder  mkdf-st-standard mkdf-st-title-left mkdf-st-normal-space \" style=\"text-align: center\">\n\t<div class=\"mkdf-st-inner\">\n\t\t\t\t\t<h4 class=\"mkdf-st-title\" >\n\t\t\t\tsmartCloud: Proyectos IT y de Atomatizaci\u00f3n de Procesos\t\t\t<\/h4>\n\t\t\t\t\t<\/div>\n<\/div>[vc_empty_space height=\u00bb10px\u00bb][vc_separator color=\u00bbcustom\u00bb style=\u00bbdotted\u00bb accent_color=\u00bb#f2006e\u00bb][vc_column_text]<\/p>\n<p id=\"fancy-title-5e1d7fedeeefb\" class=\"mk-shortcode mk-fancy-title fancy-title-align-left simple-style \" style=\"text-align: center;\"><strong><span style=\"color: #f2006e;\">Nuestro IDC \u2013 Internet Data Center \u2013 cuenta con 42 servidores redundantes de alto rendimiento<br \/>\nque dan servicios a empresas e instituciones con grandes vol\u00famenes de proceso.<\/span><\/strong><\/p>\n<p>[\/vc_column_text][vc_empty_space height=\u00bb15px\u00bb][\/vc_column][\/vc_row][vc_row row_content_width=\u00bbgrid\u00bb css=\u00bb.vc_custom_1611315417000{margin-right: 5% !important;margin-bottom: 50px !important;margin-left: 5% !important;}\u00bb dynamic_background_color_value=\u00bb#e5eeff\u00bb][vc_column]<div class=\"mkdf-item-showcase-holder clearfix\"><div class=\"mkdf-is-item mkdf-is-left\">\n\t<div class=\"mkdf-item-inner\">\n                <div class=\"mkdf-is-content\">\n\t\t\t\t\t<h5 class=\"mkdf-is-title\" >\n\t\t\t\t<a href=\"#\" target=\"_self\">\t\t\t\t42 Servidores dedicados.\t\t\t\t<\/a>\t\t\t<\/h5>\n\t\t\t\t        <\/div>\n        \t\t\t<div class=\"mkdf-is-icon\">\n\t\t\t\t\t\t\t    <span class=\"mkdf-icon-shortcode mkdf-normal   mkdf-icon-medium\"  >\n                    <i class=\"mkdf-icon-dripicons dripicon  mkdf-icon-element\" style=\"\" ><\/i>            <\/span>\n\t\t\t\t\t\t<\/div>\n    \t<\/div>\n<\/div><div class=\"mkdf-is-item mkdf-is-left\">\n\t<div class=\"mkdf-item-inner\">\n                <div class=\"mkdf-is-content\">\n\t\t\t\t\t<h5 class=\"mkdf-is-title\" >\n\t\t\t\t\t\t\t\tRecovery Disaster y Full Back Ups.\t\t\t\t\t\t\t<\/h5>\n\t\t\t\t        <\/div>\n        \t\t\t<div class=\"mkdf-is-icon\">\n\t\t\t\t\t\t\t    <span class=\"mkdf-icon-shortcode mkdf-normal   mkdf-icon-medium\"  >\n                    <i class=\"mkdf-icon-dripicons dripicon  mkdf-icon-element\" style=\"\" ><\/i>            <\/span>\n\t\t\t\t\t\t<\/div>\n    \t<\/div>\n<\/div><div class=\"mkdf-is-item mkdf-is-left\">\n\t<div class=\"mkdf-item-inner\">\n                <div class=\"mkdf-is-content\">\n\t\t\t\t\t<h5 class=\"mkdf-is-title\" >\n\t\t\t\t<a href=\"#\" target=\"_self\">\t\t\t\tCustodia m\u00ednima de 5 a\u00f1os.\t\t\t\t<\/a>\t\t\t<\/h5>\n\t\t\t\t        <\/div>\n        \t\t\t<div class=\"mkdf-is-icon\">\n\t\t\t\t\t\t\t    <span class=\"mkdf-icon-shortcode mkdf-normal   mkdf-icon-medium\"  >\n                    <i class=\"mkdf-icon-dripicons dripicon  mkdf-icon-element\" style=\"\" ><\/i>            <\/span>\n\t\t\t\t\t\t<\/div>\n    \t<\/div>\n<\/div><div class=\"mkdf-is-item mkdf-is-left\">\n\t<div class=\"mkdf-item-inner\">\n                <div class=\"mkdf-is-content\">\n\t\t\t\t\t<h5 class=\"mkdf-is-title\" >\n\t\t\t\t<a href=\"#\" target=\"_self\">\t\t\t\tNiveles de reputaci\u00f3n del 99,99%.\t\t\t\t<\/a>\t\t\t<\/h5>\n\t\t\t\t        <\/div>\n        \t\t\t<div class=\"mkdf-is-icon\">\n\t\t\t\t\t\t\t    <span class=\"mkdf-icon-shortcode mkdf-normal   mkdf-icon-medium\"  >\n                    <i class=\"mkdf-icon-dripicons dripicon  mkdf-icon-element\" style=\"\" ><\/i>            <\/span>\n\t\t\t\t\t\t<\/div>\n    \t<\/div>\n<\/div><div class=\"mkdf-is-item mkdf-is-left\">\n\t<div class=\"mkdf-item-inner\">\n                <div class=\"mkdf-is-content\">\n\t\t\t\t\t<h5 class=\"mkdf-is-title\" >\n\t\t\t\t<a href=\"#\" target=\"_self\">\t\t\t\tM\u00e1xima velocidad \u2013 Full Internet 1:1\t\t\t\t<\/a>\t\t\t<\/h5>\n\t\t\t\t        <\/div>\n        \t\t\t<div class=\"mkdf-is-icon\">\n\t\t\t\t\t\t\t    <span class=\"mkdf-icon-shortcode mkdf-normal   mkdf-icon-medium\"  >\n                    <i class=\"mkdf-icon-dripicons dripicon  mkdf-icon-element\" style=\"\" ><\/i>            <\/span>\n\t\t\t\t\t\t<\/div>\n    \t<\/div>\n<\/div><div class=\"mkdf-is-item mkdf-is-left\">\n\t<div class=\"mkdf-item-inner\">\n                <div class=\"mkdf-is-content\">\n\t\t\t\t\t<h5 class=\"mkdf-is-title\" >\n\t\t\t\t<a href=\"#\" target=\"_self\">\t\t\t\tM\u00e1xima seguridad f\u00edsica y l\u00f3gica.\t\t\t\t<\/a>\t\t\t<\/h5>\n\t\t\t\t        <\/div>\n        \t\t\t<div class=\"mkdf-is-icon\">\n\t\t\t\t\t\t\t    <span class=\"mkdf-icon-shortcode mkdf-normal   mkdf-icon-medium\"  >\n                    <i class=\"mkdf-icon-dripicons dripicon  mkdf-icon-element\" style=\"\" ><\/i>            <\/span>\n\t\t\t\t\t\t<\/div>\n    \t<\/div>\n<\/div><div class=\"mkdf-is-item mkdf-is-left\">\n\t<div class=\"mkdf-item-inner\">\n                <div class=\"mkdf-is-content\">\n\t\t\t\t\t<h5 class=\"mkdf-is-title\" >\n\t\t\t\t<a href=\"#\" target=\"_self\">\t\t\t\tEscalabilidad total e incremental.\t\t\t\t<\/a>\t\t\t<\/h5>\n\t\t\t\t        <\/div>\n        \t\t\t<div class=\"mkdf-is-icon\">\n\t\t\t\t\t\t\t    <span class=\"mkdf-icon-shortcode mkdf-normal   mkdf-icon-medium\"  >\n                    <i class=\"mkdf-icon-dripicons dripicon  mkdf-icon-element\" style=\"\" ><\/i>            <\/span>\n\t\t\t\t\t\t<\/div>\n    \t<\/div>\n<\/div><div class=\"mkdf-is-item mkdf-is-left\">\n\t<div class=\"mkdf-item-inner\">\n                <div class=\"mkdf-is-content\">\n\t\t\t\t\t<h5 class=\"mkdf-is-title\" >\n\t\t\t\t<a href=\"#\" target=\"_self\">\t\t\t\tSol de oro en servicios de mensajer\u00eda electr\u00f3nica.\t\t\t\t<\/a>\t\t\t<\/h5>\n\t\t\t\t        <\/div>\n        \t\t\t<div class=\"mkdf-is-icon\">\n\t\t\t\t\t\t\t    <span class=\"mkdf-icon-shortcode mkdf-normal   mkdf-icon-medium\"  >\n                    <i class=\"mkdf-icon-dripicons dripicon  mkdf-icon-element\" style=\"\" ><\/i>            <\/span>\n\t\t\t\t\t\t<\/div>\n    \t<\/div>\n<\/div><div class=\"mkdf-is-item mkdf-is-right\">\n\t<div class=\"mkdf-item-inner\">\n                    <div class=\"mkdf-is-icon\">\n\t\t\t\t\t\t\t\t\t    <span class=\"mkdf-icon-shortcode mkdf-normal   mkdf-icon-medium\"  >\n                    <i class=\"mkdf-icon-dripicons dripicon  mkdf-icon-element\" style=\"\" ><\/i>            <\/span>\n\t\t\t\t            <\/div>\n                <div class=\"mkdf-is-content\">\n\t\t\t\t\t<h5 class=\"mkdf-is-title\" >\n\t\t\t\t<a href=\"#\" target=\"_self\">\t\t\t\tServicios de valor a\u00f1adido.\t\t\t\t<\/a>\t\t\t<\/h5>\n\t\t\t\t        <\/div>\n        \t<\/div>\n<\/div><div class=\"mkdf-is-item mkdf-is-right\">\n\t<div class=\"mkdf-item-inner\">\n                    <div class=\"mkdf-is-icon\">\n\t\t\t\t\t\t\t\t\t    <span class=\"mkdf-icon-shortcode mkdf-normal   mkdf-icon-medium\"  >\n                    <i class=\"mkdf-icon-dripicons dripicon  mkdf-icon-element\" style=\"\" ><\/i>            <\/span>\n\t\t\t\t            <\/div>\n                <div class=\"mkdf-is-content\">\n\t\t\t\t\t<h5 class=\"mkdf-is-title\" style=\"color: #353535\">\n\t\t\t\t\t\t\t\t\u2013 Web services.\t\t\t\t\t\t\t<\/h5>\n\t\t\t\t        <\/div>\n        \t<\/div>\n<\/div><div class=\"mkdf-is-item mkdf-is-right\">\n\t<div class=\"mkdf-item-inner\">\n                    <div class=\"mkdf-is-icon\">\n\t\t\t\t\t\t\t\t\t    <span class=\"mkdf-icon-shortcode mkdf-normal   mkdf-icon-medium\"  >\n                    <i class=\"mkdf-icon-dripicons dripicon  mkdf-icon-element\" style=\"\" ><\/i>            <\/span>\n\t\t\t\t            <\/div>\n                <div class=\"mkdf-is-content\">\n\t\t\t\t\t<h5 class=\"mkdf-is-title\" style=\"color: #353535\">\n\t\t\t\t\t\t\t\t\u2013 Total personalizaci\u00f3n.\t\t\t\t\t\t\t<\/h5>\n\t\t\t\t        <\/div>\n        \t<\/div>\n<\/div><div class=\"mkdf-is-item mkdf-is-right\">\n\t<div class=\"mkdf-item-inner\">\n                    <div class=\"mkdf-is-icon\">\n\t\t\t\t\t\t\t\t\t    <span class=\"mkdf-icon-shortcode mkdf-normal   mkdf-icon-medium\"  >\n                    <i class=\"mkdf-icon-dripicons dripicon  mkdf-icon-element\" style=\"\" ><\/i>            <\/span>\n\t\t\t\t            <\/div>\n                <div class=\"mkdf-is-content\">\n\t\t\t\t\t<h5 class=\"mkdf-is-title\" style=\"color: #353535\">\n\t\t\t\t\t\t\t\t\u2013 Marketing Automation.\t\t\t\t\t\t\t<\/h5>\n\t\t\t\t        <\/div>\n        \t<\/div>\n<\/div><div class=\"mkdf-is-item mkdf-is-right\">\n\t<div class=\"mkdf-item-inner\">\n                    <div class=\"mkdf-is-icon\">\n\t\t\t\t\t\t\t\t\t    <span class=\"mkdf-icon-shortcode mkdf-normal   mkdf-icon-medium\"  >\n                    <i class=\"mkdf-icon-dripicons dripicon  mkdf-icon-element\" style=\"\" ><\/i>            <\/span>\n\t\t\t\t            <\/div>\n                <div class=\"mkdf-is-content\">\n\t\t\t\t\t<h5 class=\"mkdf-is-title\" style=\"color: #353535\">\n\t\t\t\t\t\t\t\t\u2013 Servicios inteligentes.\t\t\t\t\t\t\t<\/h5>\n\t\t\t\t        <\/div>\n        \t<\/div>\n<\/div><div class=\"mkdf-is-item mkdf-is-right\">\n\t<div class=\"mkdf-item-inner\">\n                    <div class=\"mkdf-is-icon\">\n\t\t\t\t\t\t\t\t\t    <span class=\"mkdf-icon-shortcode mkdf-normal   mkdf-icon-medium\"  >\n                    <i class=\"mkdf-icon-dripicons dripicon  mkdf-icon-element\" style=\"\" ><\/i>            <\/span>\n\t\t\t\t            <\/div>\n                <div class=\"mkdf-is-content\">\n\t\t\t\t\t<h5 class=\"mkdf-is-title\" style=\"color: #353535\">\n\t\t\t\t\t\t\t\t\u2013 smart Money.\t\t\t\t\t\t\t<\/h5>\n\t\t\t\t        <\/div>\n        \t<\/div>\n<\/div><div class=\"mkdf-is-item mkdf-is-right\">\n\t<div class=\"mkdf-item-inner\">\n                    <div class=\"mkdf-is-icon\">\n\t\t\t\t\t\t\t\t\t    <span class=\"mkdf-icon-shortcode mkdf-normal   mkdf-icon-medium\"  >\n                    <i class=\"mkdf-icon-dripicons dripicon  mkdf-icon-element\" style=\"\" ><\/i>            <\/span>\n\t\t\t\t            <\/div>\n                <div class=\"mkdf-is-content\">\n\t\t\t\t\t<h5 class=\"mkdf-is-title\" >\n\t\t\t\t<a href=\"#\" target=\"_self\">\t\t\t\tEquipo especializado.\t\t\t\t<\/a>\t\t\t<\/h5>\n\t\t\t\t        <\/div>\n        \t<\/div>\n<\/div><div class=\"mkdf-is-item mkdf-is-right\">\n\t<div class=\"mkdf-item-inner\">\n                    <div class=\"mkdf-is-icon\">\n\t\t\t\t\t\t\t\t\t    <span class=\"mkdf-icon-shortcode mkdf-normal   mkdf-icon-medium\"  >\n                    <i class=\"mkdf-icon-dripicons dripicon  mkdf-icon-element\" style=\"\" ><\/i>            <\/span>\n\t\t\t\t            <\/div>\n                <div class=\"mkdf-is-content\">\n\t\t\t\t\t<h5 class=\"mkdf-is-title\" >\n\t\t\t\t<a href=\"#\" target=\"_self\">\t\t\t\tIntegraciones m\u00faltiples: ERPs, CRMs, etc.\t\t\t\t<\/a>\t\t\t<\/h5>\n\t\t\t\t        <\/div>\n        \t<\/div>\n<\/div><div class=\"mkdf-is-item mkdf-is-right\">\n\t<div class=\"mkdf-item-inner\">\n                    <div class=\"mkdf-is-icon\">\n\t\t\t\t\t\t\t\t\t    <span class=\"mkdf-icon-shortcode mkdf-normal   mkdf-icon-medium\"  >\n                    <i class=\"mkdf-icon-dripicons dripicon  mkdf-icon-element\" style=\"\" ><\/i>            <\/span>\n\t\t\t\t            <\/div>\n                <div class=\"mkdf-is-content\">\n\t\t\t\t\t<h5 class=\"mkdf-is-title\" >\n\t\t\t\t<a href=\"#\" target=\"_self\">\t\t\t\tComunicaciones multicanal\t\t\t\t<\/a>\t\t\t<\/h5>\n\t\t\t\t        <\/div>\n        \t<\/div>\n<\/div><div class=\"mkdf-is-item mkdf-is-right\">\n\t<div class=\"mkdf-item-inner\">\n                    <div class=\"mkdf-is-icon\">\n\t\t\t\t\t\t\t\t\t    <span class=\"mkdf-icon-shortcode mkdf-normal   mkdf-icon-medium\"  >\n                    <i class=\"mkdf-icon-dripicons dripicon  mkdf-icon-element\" style=\"\" ><\/i>            <\/span>\n\t\t\t\t            <\/div>\n                <div class=\"mkdf-is-content\">\n\t\t\t\t\t<h5 class=\"mkdf-is-title\" >\n\t\t\t\t<a href=\"#\" target=\"_self\">\t\t\t\t2 Firewalls\t\t\t\t<\/a>\t\t\t<\/h5>\n\t\t\t\t        <\/div>\n        \t<\/div>\n<\/div><div class=\"mkdf-is-image\" style=\"margin-top: 40px\"><img width=\"600\" height=\"700\" src=\"https:\/\/fullsignature.eu\/wp-content\/uploads\/2020\/01\/server-smartcloud-full-signature-10.png\" class=\"attachment-full size-full\" alt=\"\" loading=\"lazy\" srcset=\"https:\/\/fullsignature.eu\/wp-content\/uploads\/2020\/01\/server-smartcloud-full-signature-10.png 600w, https:\/\/fullsignature.eu\/wp-content\/uploads\/2020\/01\/server-smartcloud-full-signature-10-257x300.png 257w\" sizes=\"(max-width: 600px) 100vw, 600px\" \/><\/div><\/div>[vc_empty_space height=\u00bb0px\u00bb][\/vc_column][\/vc_row][vc_row][vc_column][vc_empty_space]<div class=\"mkdf-section-title-holder  mkdf-st-standard mkdf-st-title-left mkdf-st-normal-space \" style=\"text-align: center\">\n\t<div class=\"mkdf-st-inner\">\n\t\t\t\t\t<h4 class=\"mkdf-st-title\" >\n\t\t\t\tIntegraci\u00f3n total de Sistemas\t\t\t<\/h4>\n\t\t\t\t\t<\/div>\n<\/div>[vc_empty_space height=\u00bb10px\u00bb][vc_separator color=\u00bbcustom\u00bb style=\u00bbdotted\u00bb accent_color=\u00bb#f2006e\u00bb][vc_empty_space height=\u00bb20px\u00bb][\/vc_column][\/vc_row][vc_row css_animation=\u00bbtop-to-bottom\u00bb css=\u00bb.vc_custom_1579005400443{margin-top: 0px !important;}\u00bb][vc_column css_animation=\u00bbnone\u00bb]<div class=\"mkdf-elements-holder   mkdf-two-columns  mkdf-responsive-mode-768 \" ><div class=\"mkdf-eh-item    \"  data-item-class=\"mkdf-eh-custom-7134\">\n\t<div class=\"mkdf-eh-item-inner\">\n\t\t<div class=\"mkdf-eh-item-content mkdf-eh-custom-7134\" >\n\t\t\t[vc_column_text]<\/p>\n<p style=\"text-align: right;\">Integraci\u00f3n de sistemas y automatizaci\u00f3n de procesos<br \/>\nGesti\u00f3n de grandes vol\u00famenes de clientes.<br \/>\nOfrecemos un <strong>Servicio de Colocation o Inhouse<\/strong><br \/>\nde aplicaciones cr\u00edticas acordes con las necesidades de cada empresa.<br \/>\n<strong>Total desarrollo 100% personalizado<\/strong><\/p>\n<p>[\/vc_column_text]\t\t<\/div>\n\t<\/div>\n<\/div><div class=\"mkdf-eh-item    \"  data-item-class=\"mkdf-eh-custom-5386\" data-1367-1600=\"0px 0px 0px 15%;\" data-1025-1366=\"0px 0px 0px 15%;\" data-769-1024=\"0px 0px 0px 15%;\" data-681-768=\"30px 0px 0px 0px;\" data-680=\"30px 0px 0px 0px;\">\n\t<div class=\"mkdf-eh-item-inner\">\n\t\t<div class=\"mkdf-eh-item-content mkdf-eh-custom-5386\" >\n\t\t\t<a itemprop=\"url\" href=\"#contacto\" target=\"_self\" style=\"color: #ffffff;background-color: #f2006e;padding: 10px 20px 10px 20px\" class=\"mkdf-btn mkdf-btn-large mkdf-btn-solid\"  >\n    <span class=\"mkdf-btn-text\">CONTRATAR AHORA<\/span>\n    <\/a>\t\t<\/div>\n\t<\/div>\n<\/div><\/div>[vc_row_inner][vc_column_inner][vc_empty_space height=\u00bb12px\u00bb][\/vc_column_inner][\/vc_row_inner][\/vc_column][\/vc_row][vc_row][vc_column][vc_empty_space height=\u00bb100px\u00bb][\/vc_column][\/vc_row]<\/p>\n","protected":false},"excerpt":{"rendered":"<p>[vc_row][vc_column][rev_slider_vc alias=\u00bbautomation-it-ws-api\u00bb enable_paspartu=\u00bbno\u00bb][\/vc_column][\/vc_row][vc_row css=\u00bb.vc_custom_1611312397299{margin-top: 20px !important;}\u00bb][vc_column][vc_empty_space height=\u00bb10px\u00bb][vc_separator color=\u00bbcustom\u00bb style=\u00bbdotted\u00bb accent_color=\u00bb#f2006e\u00bb][vc_empty_space height=\u00bb10px\u00bb][vc_empty_space height=\u00bb15px\u00bb][\/vc_column][\/vc_row][vc_row css=\u00bb.vc_custom_1611312427045{margin-top: 20px !important;}\u00bb][vc_column width=\u00bb5\/6&#8243;][vc_row_inner][vc_column_inner][vc_column_text] Dentro de nuestro \u00e1rea de Smart Automation, automatizamos procesos de negocio que son cr\u00edticos para nuestros clientes como son: la firma de contratos online [&hellip;]<\/p>\n","protected":false},"author":2,"featured_media":0,"parent":0,"menu_order":0,"comment_status":"closed","ping_status":"closed","template":"","meta":[],"_links":{"self":[{"href":"https:\/\/fullsignature.eu\/index.php\/wp-json\/wp\/v2\/pages\/8716"}],"collection":[{"href":"https:\/\/fullsignature.eu\/index.php\/wp-json\/wp\/v2\/pages"}],"about":[{"href":"https:\/\/fullsignature.eu\/index.php\/wp-json\/wp\/v2\/types\/page"}],"author":[{"embeddable":true,"href":"https:\/\/fullsignature.eu\/index.php\/wp-json\/wp\/v2\/users\/2"}],"replies":[{"embeddable":true,"href":"https:\/\/fullsignature.eu\/index.php\/wp-json\/wp\/v2\/comments?post=8716"}],"version-history":[{"count":96,"href":"https:\/\/fullsignature.eu\/index.php\/wp-json\/wp\/v2\/pages\/8716\/revisions"}],"predecessor-version":[{"id":9574,"href":"https:\/\/fullsignature.eu\/index.php\/wp-json\/wp\/v2\/pages\/8716\/revisions\/9574"}],"wp:attachment":[{"href":"https:\/\/fullsignature.eu\/index.php\/wp-json\/wp\/v2\/media?parent=8716"}],"curies":[{"name":"wp","href":"https:\/\/api.w.org\/{rel}","templated":true}]}}