{"id":9098,"date":"2019-12-04T17:38:56","date_gmt":"2019-12-04T16:38:56","guid":{"rendered":"https:\/\/fullsignature.eu\/?page_id=9098"},"modified":"2021-10-04T12:48:20","modified_gmt":"2021-10-04T10:48:20","slug":"firma-electronica-de-contratos-online","status":"publish","type":"page","link":"https:\/\/fullsignature.eu\/index.php\/firma-electronica-de-contratos-online\/","title":{"rendered":"Firma electr\u00f3nica de Contratos online"},"content":{"rendered":"<p>[vc_row][vc_column]<link href=\"https:\/\/fonts.googleapis.com\/css?family=Poppins:300%7CNunito:300%7CRoboto:500\" rel=\"stylesheet\" property=\"stylesheet\" type=\"text\/css\" media=\"all\">\n<div id=\"rev_slider_19_1_wrapper\" class=\"rev_slider_wrapper fullwidthbanner-container\" data-source=\"gallery\" style=\"margin:0px auto;background:transparent;padding:0px;margin-top:0px;margin-bottom:0px;\">\n<!-- START REVOLUTION SLIDER 5.4.8 fullwidth mode -->\n\t<div id=\"rev_slider_19_1\" class=\"rev_slider fullwidthabanner\" style=\"display:none;\" data-version=\"5.4.8\">\n<ul>\t<!-- SLIDE  -->\n\t<li data-index=\"rs-36\" data-transition=\"fade\" data-slotamount=\"default\" data-hideafterloop=\"0\" data-hideslideonmobile=\"off\"  data-easein=\"default\" data-easeout=\"default\" data-masterspeed=\"300\"  data-rotate=\"0\"  data-saveperformance=\"off\"  data-title=\"Slide\" data-param1=\"\" data-param2=\"\" data-param3=\"\" data-param4=\"\" data-param5=\"\" data-param6=\"\" data-param7=\"\" data-param8=\"\" data-param9=\"\" data-param10=\"\" data-description=\"\">\n\t\t<!-- MAIN IMAGE -->\n\t\t<img src=\"https:\/\/fullsignature.eu\/wp-content\/uploads\/2019\/12\/fondo-firm-electr-contr.png\"  alt=\"\" title=\"fondo-firm-electr-contr\"  width=\"1683\" height=\"780\" data-bgposition=\"center center\" data-bgfit=\"cover\" data-bgrepeat=\"no-repeat\" class=\"rev-slidebg\" data-no-retina>\n\t\t<!-- LAYERS -->\n\n\t\t<!-- LAYER NR. 1 -->\n\t\t<div class=\"tp-caption  \" \n\t\t\t id=\"slide-36-layer-1\" \n\t\t\t data-x=\"['center','center','center','center']\" data-hoffset=\"['-349','-315','0','-17']\" \n\t\t\t data-y=\"['middle','middle','top','top']\" data-voffset=\"['-13','-4','4','-2']\" \n\t\t\t\t\t\tdata-width=\"none\"\n\t\t\tdata-height=\"none\"\n\t\t\tdata-whitespace=\"nowrap\"\n \n\t\t\tdata-type=\"image\" \n\t\t\tdata-basealign=\"slide\" \n\t\t\tdata-responsive_offset=\"off\" \n\t\t\tdata-responsive=\"off\"\n\t\t\tdata-frames='[{\"delay\":200,\"speed\":1200,\"frame\":\"0\",\"from\":\"z:0;rX:0;rY:0;rZ:0;sX:0.9;sY:0.9;skX:0;skY:0;opacity:0;\",\"to\":\"o:1;\",\"ease\":\"Power3.easeInOut\"},{\"delay\":\"wait\",\"speed\":500,\"frame\":\"999\",\"to\":\"opacity:0;\",\"ease\":\"Power3.easeInOut\"}]'\n\t\t\tdata-textAlign=\"['inherit','inherit','inherit','inherit']\"\n\t\t\tdata-paddingtop=\"[0,0,0,0]\"\n\t\t\tdata-paddingright=\"[0,0,0,0]\"\n\t\t\tdata-paddingbottom=\"[0,0,0,0]\"\n\t\t\tdata-paddingleft=\"[0,0,0,0]\"\n\n\t\t\tstyle=\"z-index: 5;\"><img src=\"https:\/\/fullsignature.eu\/wp-content\/uploads\/2019\/11\/seccion-1-home-web-full-signature-4.png\" alt=\"\" data-ww=\"['593px','444px','359px','290px']\" data-hh=\"['496px','371px','300px','243px']\" width=\"801\" height=\"670\" data-no-retina> <\/div>\n\n\t\t<!-- LAYER NR. 2 -->\n\t\t<div class=\"tp-caption  \" \n\t\t\t id=\"slide-36-layer-6\" \n\t\t\t data-x=\"['center','center','left','center']\" data-hoffset=\"['-494','-385','75','452']\" \n\t\t\t data-y=\"['middle','middle','top','middle']\" data-voffset=\"['299','201','479','-146']\" \n\t\t\t\t\t\tdata-width=\"none\"\n\t\t\tdata-height=\"none\"\n\t\t\tdata-whitespace=\"nowrap\"\n\t\t\tdata-visibility=\"['off','off','off','off']\"\n \n\t\t\tdata-type=\"image\" \n\t\t\tdata-basealign=\"slide\" \n\t\t\tdata-responsive_offset=\"off\" \n\t\t\tdata-responsive=\"off\"\n\t\t\tdata-frames='[{\"delay\":600,\"speed\":1200,\"frame\":\"0\",\"from\":\"x:-50px;opacity:0;\",\"to\":\"o:1;\",\"ease\":\"Power3.easeInOut\"},{\"delay\":\"wait\",\"speed\":500,\"frame\":\"999\",\"to\":\"opacity:0;\",\"ease\":\"Power3.easeInOut\"}]'\n\t\t\tdata-textAlign=\"['inherit','inherit','inherit','inherit']\"\n\t\t\tdata-paddingtop=\"[0,0,0,0]\"\n\t\t\tdata-paddingright=\"[0,0,0,0]\"\n\t\t\tdata-paddingbottom=\"[0,0,0,0]\"\n\t\t\tdata-paddingleft=\"[0,0,0,0]\"\n\n\t\t\tstyle=\"z-index: 6;\"><img src=\"https:\/\/fullsignature.eu\/wp-content\/uploads\/revslider\/home-2\/home-2-rev-img-3.png\" alt=\"\" data-ww=\"['420px','273px','263px','116px']\" data-hh=\"['123px','80px','77px','34px']\" width=\"420\" height=\"123\" data-no-retina> <\/div>\n\n\t\t<!-- LAYER NR. 3 -->\n\t\t<div class=\"tp-caption  \" \n\t\t\t id=\"slide-36-layer-12\" \n\t\t\t data-x=\"['center','center','center','center']\" data-hoffset=\"['262','187','0','0']\" \n\t\t\t data-y=\"['middle','middle','middle','middle']\" data-voffset=\"['-100','-78','23','31']\" \n\t\t\t\t\t\tdata-fontsize=\"['36','30','28','18']\"\n\t\t\tdata-lineheight=\"['50','40','35','28']\"\n\t\t\tdata-width=\"['553','469','481','294']\"\n\t\t\tdata-height=\"['101','none','none','69']\"\n\t\t\tdata-whitespace=\"normal\"\n \n\t\t\tdata-type=\"text\" \n\t\t\tdata-basealign=\"slide\" \n\t\t\tdata-responsive_offset=\"off\" \n\t\t\tdata-responsive=\"off\"\n\t\t\tdata-frames='[{\"delay\":300,\"speed\":800,\"frame\":\"0\",\"from\":\"x:50px;opacity:0;\",\"to\":\"o:1;\",\"ease\":\"Power3.easeInOut\"},{\"delay\":\"wait\",\"speed\":300,\"frame\":\"999\",\"to\":\"opacity:0;\",\"ease\":\"Power3.easeInOut\"}]'\n\t\t\tdata-textAlign=\"['inherit','inherit','center','center']\"\n\t\t\tdata-paddingtop=\"[0,0,0,0]\"\n\t\t\tdata-paddingright=\"[0,0,0,0]\"\n\t\t\tdata-paddingbottom=\"[0,0,0,0]\"\n\t\t\tdata-paddingleft=\"[0,0,0,0]\"\n\n\t\t\tstyle=\"z-index: 7; min-width: 553px; max-width: 553px; max-width: 101px; max-width: 101px; white-space: normal; font-size: 36px; line-height: 50px; font-weight: 300; color: #58468c; letter-spacing: 0px;font-family:Poppins;\">Firma electr\u00f3nica de contratos con total validez legal <\/div>\n\n\t\t<!-- LAYER NR. 4 -->\n\t\t<div class=\"tp-caption  \" \n\t\t\t id=\"slide-36-layer-13\" \n\t\t\t data-x=\"['center','center','center','left']\" data-hoffset=\"['212','139','0','602']\" \n\t\t\t data-y=\"['middle','middle','middle','middle']\" data-voffset=\"['-24','-6','86','-46']\" \n\t\t\t\t\t\tdata-fontsize=\"['18','17','18','17']\"\n\t\t\tdata-lineheight=\"['33','30','30','30']\"\n\t\t\tdata-width=\"['445','371','460','254']\"\n\t\t\tdata-height=\"none\"\n\t\t\tdata-whitespace=\"normal\"\n \n\t\t\tdata-type=\"text\" \n\t\t\tdata-basealign=\"slide\" \n\t\t\tdata-responsive_offset=\"off\" \n\t\t\tdata-responsive=\"off\"\n\t\t\tdata-frames='[{\"delay\":400,\"speed\":800,\"frame\":\"0\",\"from\":\"x:50px;opacity:0;\",\"to\":\"o:1;\",\"ease\":\"Power3.easeInOut\"},{\"delay\":\"wait\",\"speed\":300,\"frame\":\"999\",\"to\":\"opacity:0;\",\"ease\":\"Power3.easeInOut\"}]'\n\t\t\tdata-textAlign=\"['inherit','inherit','center','inherit']\"\n\t\t\tdata-paddingtop=\"[0,0,0,0]\"\n\t\t\tdata-paddingright=\"[0,0,0,0]\"\n\t\t\tdata-paddingbottom=\"[0,0,0,0]\"\n\t\t\tdata-paddingleft=\"[0,0,0,0]\"\n\n\t\t\tstyle=\"z-index: 8; min-width: 445px; max-width: 445px; white-space: normal; font-size: 18px; line-height: 33px; font-weight: 300; color: #716c80; letter-spacing: 0px;font-family:Nunito;\">Mediante m\u00f3viles, tablets, PCs, webs\u2026 <\/div>\n\n\t\t<!-- LAYER NR. 5 -->\n\t\t<div class=\"tp-caption rev-btn \" \n\t\t\t id=\"slide-36-layer-16\" \n\t\t\t data-x=\"['left','left','left','center']\" data-hoffset=\"['637','501','-187','-264']\" \n\t\t\t data-y=\"['top','middle','bottom','middle']\" data-voffset=\"['252','71','119','12']\" \n\t\t\t\t\t\tdata-width=\"138\"\n\t\t\tdata-height=\"55\"\n\t\t\tdata-whitespace=\"nowrap\"\n\t\t\tdata-visibility=\"['on','on','off','off']\"\n \n\t\t\tdata-type=\"button\" \n\t\t\tdata-responsive_offset=\"on\" \n\t\t\tdata-responsive=\"off\"\n\t\t\tdata-frames='[{\"delay\":10,\"speed\":300,\"frame\":\"0\",\"from\":\"opacity:0;\",\"to\":\"o:1;\",\"ease\":\"Power3.easeInOut\"},{\"delay\":\"wait\",\"speed\":300,\"frame\":\"999\",\"ease\":\"Power3.easeInOut\"},{\"frame\":\"hover\",\"speed\":\"0\",\"ease\":\"Linear.easeNone\",\"to\":\"o:1;skX:0px;rX:0;rY:0;rZ:0;z:0;\",\"style\":\"c:rgb(255,255,255);bs:solid;bw:0 0 0 0;\"}]'\n\t\t\tdata-textAlign=\"['inherit','inherit','inherit','inherit']\"\n\t\t\tdata-paddingtop=\"[20,20,20,20]\"\n\t\t\tdata-paddingright=\"[30,30,30,30]\"\n\t\t\tdata-paddingbottom=\"[20,20,20,20]\"\n\t\t\tdata-paddingleft=\"[30,30,30,30]\"\n\n\t\t\tstyle=\"z-index: 9; min-width: 138px; max-width: 138px; max-width: 55px; max-width: 55px; white-space: nowrap; font-size: 14px; line-height: 14px; font-weight: 500; color: rgba(255,255,255,1); letter-spacing: px;font-family:Roboto;background-color:rgb(245,35,130);border-color:rgba(0,0,0,1);border-radius:30px 30px 30px 30px;outline:none;box-shadow:none;box-sizing:border-box;-moz-box-sizing:border-box;-webkit-box-sizing:border-box;cursor:pointer;\">REG\u00cdSTRESE <\/div>\n\n\t\t<!-- LAYER NR. 6 -->\n\t\t<div class=\"tp-caption rev-btn \" \n\t\t\t id=\"slide-36-layer-17\" \n\t\t\t data-x=\"['left','left','center','center']\" data-hoffset=\"['821','703','-445','-275']\" \n\t\t\t data-y=\"['top','middle','bottom','middle']\" data-voffset=\"['252','71','44','86']\" \n\t\t\t\t\t\tdata-width=\"['157','158','158','159']\"\n\t\t\tdata-height=\"['55','55','58','61']\"\n\t\t\tdata-whitespace=\"nowrap\"\n\t\t\tdata-visibility=\"['on','on','off','off']\"\n \n\t\t\tdata-type=\"button\" \n\t\t\tdata-actions='[{\"event\":\"click\",\"action\":\"simplelink\",\"target\":\"_self\",\"url\":\"#contacto\",\"delay\":\"\"}]'\n\t\t\tdata-responsive_offset=\"on\" \n\t\t\tdata-responsive=\"off\"\n\t\t\tdata-frames='[{\"delay\":10,\"speed\":300,\"frame\":\"0\",\"from\":\"opacity:0;\",\"to\":\"o:1;\",\"ease\":\"Power3.easeInOut\"},{\"delay\":\"wait\",\"speed\":300,\"frame\":\"999\",\"ease\":\"Power3.easeInOut\"},{\"frame\":\"hover\",\"speed\":\"0\",\"ease\":\"Linear.easeNone\",\"to\":\"o:1;rX:0;rY:0;rZ:0;z:0;\",\"style\":\"c:rgb(255,255,255);bs:solid;bw:0 0 0 0;\"}]'\n\t\t\tdata-textAlign=\"['inherit','inherit','inherit','inherit']\"\n\t\t\tdata-paddingtop=\"[20,20,20,20]\"\n\t\t\tdata-paddingright=\"[30,30,30,30]\"\n\t\t\tdata-paddingbottom=\"[20,20,20,20]\"\n\t\t\tdata-paddingleft=\"[30,30,30,30]\"\n\n\t\t\tstyle=\"z-index: 10; min-width: 157px; max-width: 157px; max-width: 55px; max-width: 55px; white-space: nowrap; font-size: 14px; line-height: 14px; font-weight: 500; color: rgba(255,255,255,1); letter-spacing: px;font-family:Roboto;background-color:rgb(0,89,163);border-color:rgba(0,0,0,1);border-radius:30px 30px 30px 30px;outline:none;box-shadow:none;box-sizing:border-box;-moz-box-sizing:border-box;-webkit-box-sizing:border-box;cursor:pointer;\">CONTACTANOS <\/div>\n\n\t\t<!-- LAYER NR. 7 -->\n\t\t<div class=\"tp-caption rev-btn \" \n\t\t\t id=\"slide-36-layer-18\" \n\t\t\t data-x=\"['left','left','left','center']\" data-hoffset=\"['1155','527','337','0']\" \n\t\t\t data-y=\"['top','top','bottom','middle']\" data-voffset=\"['346','454','121','157']\" \n\t\t\t\t\t\tdata-fontsize=\"['14','14','14','12']\"\n\t\t\tdata-width=\"['157','158','160','128']\"\n\t\t\tdata-height=\"['55','55','55','none']\"\n\t\t\tdata-whitespace=\"nowrap\"\n\t\t\tdata-visibility=\"['off','off','on','on']\"\n \n\t\t\tdata-type=\"button\" \n\t\t\tdata-actions='[{\"event\":\"click\",\"action\":\"simplelink\",\"target\":\"_self\",\"url\":\"#contacto\",\"delay\":\"\"}]'\n\t\t\tdata-responsive_offset=\"on\" \n\t\t\tdata-responsive=\"off\"\n\t\t\tdata-frames='[{\"delay\":10,\"speed\":300,\"frame\":\"0\",\"from\":\"opacity:0;\",\"to\":\"o:1;\",\"ease\":\"Power3.easeInOut\"},{\"delay\":\"wait\",\"speed\":300,\"frame\":\"999\",\"ease\":\"Power3.easeInOut\"},{\"frame\":\"hover\",\"speed\":\"0\",\"ease\":\"Linear.easeNone\",\"to\":\"o:1;rX:0;rY:0;rZ:0;z:0;\",\"style\":\"c:rgb(255,255,255);bs:solid;bw:0 0 0 0;\"}]'\n\t\t\tdata-textAlign=\"['inherit','inherit','inherit','inherit']\"\n\t\t\tdata-paddingtop=\"[20,20,20,10]\"\n\t\t\tdata-paddingright=\"[30,30,30,20]\"\n\t\t\tdata-paddingbottom=\"[20,20,20,10]\"\n\t\t\tdata-paddingleft=\"[30,30,30,20]\"\n\n\t\t\tstyle=\"z-index: 11; min-width: 157px; max-width: 157px; max-width: 55px; max-width: 55px; white-space: nowrap; font-size: 14px; line-height: 14px; font-weight: 500; color: rgba(255,255,255,1); letter-spacing: px;font-family:Roboto;background-color:rgb(0,89,163);border-color:rgba(0,0,0,1);border-radius:30px 30px 30px 30px;outline:none;box-shadow:none;box-sizing:border-box;-moz-box-sizing:border-box;-webkit-box-sizing:border-box;cursor:pointer;\">CONTACTANOS <\/div>\n\n\t\t<!-- LAYER NR. 8 -->\n\t\t<div class=\"tp-caption rev-btn \" \n\t\t\t id=\"slide-36-layer-19\" \n\t\t\t data-x=\"['left','left','center','center']\" data-hoffset=\"['1135','474','-130','0']\" \n\t\t\t data-y=\"['top','top','bottom','middle']\" data-voffset=\"['278','450','121','107']\" \n\t\t\t\t\t\tdata-fontsize=\"['14','14','14','12']\"\n\t\t\tdata-width=\"['138','138','142','110']\"\n\t\t\tdata-height=\"['55','55','55','35']\"\n\t\t\tdata-whitespace=\"nowrap\"\n\t\t\tdata-visibility=\"['off','off','on','on']\"\n \n\t\t\tdata-type=\"button\" \n\t\t\tdata-responsive_offset=\"on\" \n\t\t\tdata-responsive=\"off\"\n\t\t\tdata-frames='[{\"delay\":10,\"speed\":300,\"frame\":\"0\",\"from\":\"opacity:0;\",\"to\":\"o:1;\",\"ease\":\"Power3.easeInOut\"},{\"delay\":\"wait\",\"speed\":300,\"frame\":\"999\",\"ease\":\"Power3.easeInOut\"},{\"frame\":\"hover\",\"speed\":\"0\",\"ease\":\"Linear.easeNone\",\"to\":\"o:1;skX:0px;rX:0;rY:0;rZ:0;z:0;\",\"style\":\"c:rgb(255,255,255);bs:solid;bw:0 0 0 0;\"}]'\n\t\t\tdata-textAlign=\"['inherit','inherit','inherit','inherit']\"\n\t\t\tdata-paddingtop=\"[20,20,20,10]\"\n\t\t\tdata-paddingright=\"[30,30,30,20]\"\n\t\t\tdata-paddingbottom=\"[20,20,20,10]\"\n\t\t\tdata-paddingleft=\"[30,30,30,20]\"\n\n\t\t\tstyle=\"z-index: 12; min-width: 138px; max-width: 138px; max-width: 55px; max-width: 55px; white-space: nowrap; font-size: 14px; line-height: 14px; font-weight: 500; color: rgba(255,255,255,1); letter-spacing: px;font-family:Roboto;background-color:rgb(245,35,130);border-color:rgba(0,0,0,1);border-radius:30px 30px 30px 30px;outline:none;box-shadow:none;box-sizing:border-box;-moz-box-sizing:border-box;-webkit-box-sizing:border-box;cursor:pointer;\">REG\u00cdSTRESE <\/div>\n\t<\/li>\n<\/ul>\n<div class=\"tp-bannertimer tp-bottom\" style=\"visibility: hidden !important;\"><\/div>\t<\/div>\n<script>var htmlDiv = document.getElementById(\"rs-plugin-settings-inline-css\"); var htmlDivCss=\"\";\r\n\t\t\t\tif(htmlDiv) {\r\n\t\t\t\t\thtmlDiv.innerHTML = htmlDiv.innerHTML + htmlDivCss;\r\n\t\t\t\t}else{\r\n\t\t\t\t\tvar htmlDiv = document.createElement(\"div\");\r\n\t\t\t\t\thtmlDiv.innerHTML = \"<style>\" + htmlDivCss + \"<\/style>\";\r\n\t\t\t\t\tdocument.getElementsByTagName(\"head\")[0].appendChild(htmlDiv.childNodes[0]);\r\n\t\t\t\t}\r\n\t\t\t<\/script>\n\t\t<script type=\"text\/javascript\">\r\nif (setREVStartSize!==undefined) setREVStartSize(\r\n\t{c: '#rev_slider_19_1', responsiveLevels: [1240,1024,778,480], gridwidth: [1300,1100,600,300], gridheight: [450,450,700,500], sliderLayout: 'fullwidth'});\r\n\t\t\t\r\nvar revapi19,\r\n\ttpj;\t\r\n(function() {\t\t\t\r\n\tif (!\/loaded|interactive|complete\/.test(document.readyState)) document.addEventListener(\"DOMContentLoaded\",onLoad); else onLoad();\t\r\n\tfunction onLoad() {\t\t\t\t\r\n\t\tif (tpj===undefined) { tpj = jQuery; if(\"off\" == \"on\") tpj.noConflict();}\r\n\tif(tpj(\"#rev_slider_19_1\").revolution == undefined){\n\t\trevslider_showDoubleJqueryError(\"#rev_slider_19_1\");\n\t}else{\n\t\trevapi19 = tpj(\"#rev_slider_19_1\").show().revolution({\n\t\t\tsliderType:\"standard\",\n\t\t\tjsFileLocation:\"\/\/fullsignature.eu\/wp-content\/plugins\/revslider\/public\/assets\/js\/\",\n\t\t\tsliderLayout:\"fullwidth\",\n\t\t\tdottedOverlay:\"none\",\n\t\t\tdelay:9000,\n\t\t\tnavigation: {\n\t\t\t\tonHoverStop:\"off\",\n\t\t\t},\n\t\t\tresponsiveLevels:[1240,1024,778,480],\n\t\t\tvisibilityLevels:[1240,1024,778,480],\n\t\t\tgridwidth:[1300,1100,600,300],\n\t\t\tgridheight:[450,450,700,500],\n\t\t\tlazyType:\"none\",\n\t\t\tshadow:0,\n\t\t\tspinner:\"off\",\n\t\t\tstopLoop:\"off\",\n\t\t\tstopAfterLoops:-1,\n\t\t\tstopAtSlide:-1,\n\t\t\tshuffle:\"off\",\n\t\t\tautoHeight:\"off\",\n\t\t\tdisableProgressBar:\"on\",\n\t\t\thideThumbsOnMobile:\"off\",\n\t\t\thideSliderAtLimit:0,\n\t\t\thideCaptionAtLimit:0,\n\t\t\thideAllCaptionAtLilmit:0,\n\t\t\tdebugMode:false,\n\t\t\tfallbacks: {\n\t\t\t\tsimplifyAll:\"off\",\n\t\t\t\tnextSlideOnWindowFocus:\"off\",\n\t\t\t\tdisableFocusListener:false,\n\t\t\t}\n\t\t});\n\t}; \/* END OF revapi call *\/\n\t\n }; \/* END OF ON LOAD FUNCTION *\/\r\n}()); \/* END OF WRAPPING FUNCTION *\/\r\n<\/script>\r\n\t\t<\/div><!-- END REVOLUTION SLIDER -->[\/vc_column][\/vc_row][vc_row css=\u00bb.vc_custom_1611593937492{margin-top: 20px !important;}\u00bb][vc_column]<div class=\"mkdf-section-title-holder  mkdf-st-standard mkdf-st-title-left mkdf-st-normal-space \" >\n\t<div class=\"mkdf-st-inner\">\n\t\t\t\t\t<h1 class=\"mkdf-st-title\" style=\"color: #0059a3\">\n\t\t\t\tAutomatizaci\u00f3n y firma de Contratos Online\t\t\t<\/h1>\n\t\t\t\t\t<\/div>\n<\/div>[vc_empty_space height=\u00bb10px\u00bb][vc_separator color=\u00bbcustom\u00bb style=\u00bbdotted\u00bb accent_color=\u00bb#f2006e\u00bb][vc_empty_space height=\u00bb10px\u00bb]<div class=\"mkdf-section-title-holder  mkdf-st-standard mkdf-st-title-left mkdf-st-normal-space \" >\n\t<div class=\"mkdf-st-inner\">\n\t\t\t\t\t\t\t<h4 class=\"mkdf-st-text\" style=\"color: #f2006e;margin-top: 0px\">\n\t\t\t\tContratos Online Automatizados desde de portales y Web\t\t\t<\/h4>\n\t\t\t<\/div>\n<\/div>[vc_empty_space height=\u00bb10px\u00bb][vc_column_text]<em><span style=\"color: #0059a3; font-size: 18px;\">Empresas el\u00e9ctricas, inmobiliarias, de seguros, financieras, despachos profesionales, etc. Automatice sus procesos de contrataci\u00f3n y cobro automatizados desde Webs, Portales, IntraNets o ExtraNets.<\/span><\/em>[\/vc_column_text][\/vc_column][\/vc_row][vc_row css=\u00bb.vc_custom_1611595220638{margin-top: 20px !important;}\u00bb][vc_column width=\u00bb5\/6&#8243; css=\u00bb.vc_custom_1575975512726{margin-right: 2% !important;}\u00bb][vc_column_text]<img loading=\"lazy\" class=\"size-medium wp-image-9942 alignleft\" src=\"https:\/\/fullsignature.eu\/wp-content\/uploads\/2019\/12\/img-lateral-contratos-inteligentes-5.png\" alt=\"\" width=\"300\" height=\"293\" \/><\/p>\n<p style=\"text-align: justify;\">Con <strong>Full Signature &amp; Avisos Certificados<\/strong>, <strong><span style=\"color: #0059a3;\">Tercero de Confianza Europeo<\/span><\/strong>, podr\u00e1 realizar <strong><span style=\"color: #0059a3;\">todo tipo de proyectos de automatizaci\u00f3n y firma de contratos online con total validez legal<\/span><\/strong>. Desde proyectos complejos hasta un solo formulario online que le permita a sus clientes <strong><span style=\"color: #0059a3;\">contratar sus servicios desde formularios webs con la creaci\u00f3n de contratos electr\u00f3nicos y firma online<\/span><\/strong> de los mismos.<\/p>\n<p style=\"text-align: justify;\">Si adem\u00e1s unimos <strong>Smart Money<\/strong> al proceso de firma electr\u00f3nica de contratos <strong>podr\u00e1 cobrar, facturar y recobrar<\/strong>, conforme a las variables inteligentes del contrato emitido,<strong><span style=\"color: #0059a3;\"> las cuotas, cantidades a cuenta, etc, definidas en su contrato electr\u00f3nico o<\/span><\/strong> <strong>Smart Contract<\/strong>. Es decir, a trav\u00e9s de dicho servicio podr\u00e1 enlazar la firma digital de sus contratos con su sistema bancario y\/o con otros sistemas de pago (por ej. tarjetas de cr\u00e9dito o debito etc..) para tener as\u00ed garantizado el pago de sus cuotas etc\u2026<\/p>\n<p><strong>Full Signature<\/strong> es uno de los mayores servicios de <strong>firma electr\u00f3nica de contratos online<\/strong> acorde con las necesidades de cada cliente y con la normativa eIDAS. De hecho, <span style=\"color: #0059a3;\"><strong>desarrolla proyectos a medida con una alta fiablidad, seguridad, escalabilidad y disponibilidad mediante estrategias de firma electr\u00f3nica de contratos estando especializada<\/strong><\/span> en la firma de <strong>contratos en dispositivos m\u00f3viles<\/strong>.[\/vc_column_text][\/vc_column][vc_column width=\u00bb1\/6&#8243;][vc_single_image image=\u00bb10211&#8243; img_size=\u00bb150&#215;165&#8243; alignment=\u00bbcenter\u00bb][\/vc_column][\/vc_row][vc_row][vc_column][vc_empty_space]<div class=\"mkdf-section-title-holder  mkdf-st-standard mkdf-st-title-left mkdf-st-normal-space \" style=\"text-align: center\">\n\t<div class=\"mkdf-st-inner\">\n\t\t\t\t\t<h4 class=\"mkdf-st-title\" >\n\t\t\t\tProceso de automatizaci\u00f3n y firma de contratos\t\t\t<\/h4>\n\t\t\t\t\t<\/div>\n<\/div>[vc_empty_space height=\u00bb10px\u00bb][vc_separator color=\u00bbcustom\u00bb style=\u00bbdotted\u00bb accent_color=\u00bb#f2006e\u00bb][vc_empty_space height=\u00bb20px\u00bb]<div class=\"mkdf-elements-holder   mkdf-five-columns  mkdf-responsive-mode-768 mkdf-one-column-alignment-center\" ><div class=\"mkdf-eh-item iconoProceso   \"  data-item-class=\"mkdf-eh-custom-4942\">\n\t<div class=\"mkdf-eh-item-inner\">\n\t\t<div class=\"mkdf-eh-item-content mkdf-eh-custom-4942\" >\n\t\t\t[vc_single_image image=\u00bb10190&#8243; img_size=\u00bb\u00bb alignment=\u00bbcenter\u00bb][vc_column_text]<\/p>\n<p style=\"text-align: center;\"><strong><span style=\"color: #0059a3;\">Tercero de Confianza Europeo, automatizaci\u00f3n y firma de contratos online con total validez legal<\/span><\/strong><\/p>\n<p>[\/vc_column_text]\t\t<\/div>\n\t<\/div>\n<\/div><div class=\"mkdf-eh-item flechaProceso   \"  data-item-class=\"mkdf-eh-custom-4957\">\n\t<div class=\"mkdf-eh-item-inner\">\n\t\t<div class=\"mkdf-eh-item-content mkdf-eh-custom-4957\" >\n\t\t\t[vc_icon type=\u00bbtypicons\u00bb icon_typicons=\u00bbtypcn typcn-arrow-right\u00bb color=\u00bbcustom\u00bb size=\u00bblg\u00bb align=\u00bbcenter\u00bb custom_color=\u00bb#f2106b\u00bb]\t\t<\/div>\n\t<\/div>\n<\/div><div class=\"mkdf-eh-item iconoProceso   \"  data-item-class=\"mkdf-eh-custom-8191\">\n\t<div class=\"mkdf-eh-item-inner\">\n\t\t<div class=\"mkdf-eh-item-content mkdf-eh-custom-8191\" >\n\t\t\t[vc_single_image image=\u00bb10191&#8243; img_size=\u00bb\u00bb alignment=\u00bbcenter\u00bb][vc_column_text]<\/p>\n<p style=\"text-align: center;\"><strong><span style=\"color: #0059a3;\">Enlace de sus contratos con su sistema bancario y\/o con otros sistemas de pago para tener el pago de sus cuotas.<\/span><\/strong><\/p>\n<p>[\/vc_column_text]\t\t<\/div>\n\t<\/div>\n<\/div><div class=\"mkdf-eh-item flechaProceso   \"  data-item-class=\"mkdf-eh-custom-3203\">\n\t<div class=\"mkdf-eh-item-inner\">\n\t\t<div class=\"mkdf-eh-item-content mkdf-eh-custom-3203\" >\n\t\t\t[vc_icon type=\u00bbtypicons\u00bb icon_typicons=\u00bbtypcn typcn-arrow-right\u00bb color=\u00bbcustom\u00bb size=\u00bblg\u00bb align=\u00bbcenter\u00bb custom_color=\u00bb#f2106b\u00bb]\t\t<\/div>\n\t<\/div>\n<\/div><div class=\"mkdf-eh-item iconoProceso   \"  data-item-class=\"mkdf-eh-custom-8838\">\n\t<div class=\"mkdf-eh-item-inner\">\n\t\t<div class=\"mkdf-eh-item-content mkdf-eh-custom-8838\" >\n\t\t\t[vc_single_image image=\u00bb10139&#8243; img_size=\u00bb\u00bb alignment=\u00bbcenter\u00bb][vc_column_text]<\/p>\n<p style=\"text-align: center;\"><strong><span style=\"color: #0059a3;\">Firma electr\u00f3nica de contratos online acorde con las necesidades de cada cliente y con la normativa eIDAS<\/span><\/strong><\/p>\n<p>[\/vc_column_text]\t\t<\/div>\n\t<\/div>\n<\/div><\/div>[\/vc_column][\/vc_row][vc_row row_content_width=\u00bbgrid\u00bb content_text_aligment=\u00bbcenter\u00bb dynamic_background_color_value=\u00bb#e5eeff\u00bb][vc_column][vc_empty_space][vc_column_text]<\/p>\n<p style=\"text-align: justify;\">Los <strong>formularios con contrataci\u00f3n online certificada<\/strong> pueden ser completados y <strong><span style=\"color: #0059a3;\">ejecutados por sus clientes, por un consultor comercial de su empresa o por su centro de atenci\u00f3n a clientes<\/span><\/strong> de forma que normaliza el proceso de contrataci\u00f3n y <strong>agiliza ahorrando de cientos a miles de horas hombre<\/strong>. Desarrolle estrategias web y online para sus productos y servicios mediante contratos online integrando la <strong><span style=\"color: #0059a3;\">contrataci\u00f3n, la firma electr\u00f3nica y el cobro de sus servicios o productos de las operaciones de su empresa<\/span><\/strong>.<\/p>\n<p style=\"text-align: justify;\">Un <strong><span style=\"color: #0059a3;\">servicio r\u00e1pido, econ\u00f3mico y ecol\u00f3gico<\/span><\/strong> a realizar desde sus portales y webs de su empresa. Adem\u00e1s ofrecemos, con todos nuestros productos, el servicio de <strong>Testimonio Notarial<\/strong> bajo demanda.<\/p>\n<p style=\"text-align: justify;\"><strong><span style=\"color: #0059a3;\">Conocemos las necesidades del sector<\/span><\/strong> y, por ello, <strong><span style=\"color: #0059a3;\">estamos en continua evoluci\u00f3n<\/span><\/strong> mediante la creaci\u00f3n de sistemas que ayudan a nuestros clientes en su negocio. <strong><span style=\"color: #0059a3;\">Nuestro objetivo es ofrecerles el mejor servicio con un precio competitivo<\/span><\/strong>. <strong>Conozca nuestras soluciones<\/strong>, le propondremos la mejor soluci\u00f3n para sus necesidades.<\/p>\n<p>[\/vc_column_text][vc_empty_space height=\u00bb100px\u00bb][\/vc_column][\/vc_row]<\/p>\n","protected":false},"excerpt":{"rendered":"<p>[vc_row][vc_column][\/vc_column][\/vc_row][vc_row css=\u00bb.vc_custom_1611593937492{margin-top: 20px !important;}\u00bb][vc_column][vc_empty_space height=\u00bb10px\u00bb][vc_separator color=\u00bbcustom\u00bb style=\u00bbdotted\u00bb accent_color=\u00bb#f2006e\u00bb][vc_empty_space height=\u00bb10px\u00bb][vc_empty_space height=\u00bb10px\u00bb][vc_column_text]Empresas el\u00e9ctricas, inmobiliarias, de seguros, financieras, despachos profesionales, etc. Automatice sus procesos de contrataci\u00f3n y cobro automatizados desde Webs, Portales, IntraNets o ExtraNets.[\/vc_column_text][\/vc_column][\/vc_row][vc_row css=\u00bb.vc_custom_1611595220638{margin-top: 20px !important;}\u00bb][vc_column width=\u00bb5\/6&#8243; css=\u00bb.vc_custom_1575975512726{margin-right: 2% !important;}\u00bb][vc_column_text] Con [&hellip;]<\/p>\n","protected":false},"author":2,"featured_media":0,"parent":0,"menu_order":0,"comment_status":"closed","ping_status":"closed","template":"","meta":[],"_links":{"self":[{"href":"https:\/\/fullsignature.eu\/index.php\/wp-json\/wp\/v2\/pages\/9098"}],"collection":[{"href":"https:\/\/fullsignature.eu\/index.php\/wp-json\/wp\/v2\/pages"}],"about":[{"href":"https:\/\/fullsignature.eu\/index.php\/wp-json\/wp\/v2\/types\/page"}],"author":[{"embeddable":true,"href":"https:\/\/fullsignature.eu\/index.php\/wp-json\/wp\/v2\/users\/2"}],"replies":[{"embeddable":true,"href":"https:\/\/fullsignature.eu\/index.php\/wp-json\/wp\/v2\/comments?post=9098"}],"version-history":[{"count":67,"href":"https:\/\/fullsignature.eu\/index.php\/wp-json\/wp\/v2\/pages\/9098\/revisions"}],"predecessor-version":[{"id":10212,"href":"https:\/\/fullsignature.eu\/index.php\/wp-json\/wp\/v2\/pages\/9098\/revisions\/10212"}],"wp:attachment":[{"href":"https:\/\/fullsignature.eu\/index.php\/wp-json\/wp\/v2\/media?parent=9098"}],"curies":[{"name":"wp","href":"https:\/\/api.w.org\/{rel}","templated":true}]}}