{"id":9106,"date":"2019-12-04T17:45:21","date_gmt":"2019-12-04T16:45:21","guid":{"rendered":"https:\/\/fullsignature.eu\/?page_id=9106"},"modified":"2021-07-16T14:55:24","modified_gmt":"2021-07-16T12:55:24","slug":"firma-de-contratos-de-voz","status":"publish","type":"page","link":"https:\/\/fullsignature.eu\/index.php\/firma-de-contratos-de-voz\/","title":{"rendered":"Firma de contratos de voz"},"content":{"rendered":"<p>[vc_row][vc_column][rev_slider_vc alias=\u00bbfirma-de-contratos-de-voz\u00bb enable_paspartu=\u00bbno\u00bb][\/vc_column][\/vc_row][vc_row css=\u00bb.vc_custom_1611564113940{margin-top: 20px !important;}\u00bb][vc_column]<div class=\"mkdf-section-title-holder  mkdf-st-standard mkdf-st-title-left mkdf-st-normal-space \" >\n\t<div class=\"mkdf-st-inner\">\n\t\t\t\t\t<h1 class=\"mkdf-st-title\" style=\"color: #0059a3\">\n\t\t\t\tFirma de contratos digitales de voz certificados y con la m\u00e1xima validez legal\t\t\t<\/h1>\n\t\t\t\t\t<\/div>\n<\/div>[vc_empty_space height=\u00bb10px\u00bb][vc_separator color=\u00bbcustom\u00bb style=\u00bbdotted\u00bb accent_color=\u00bb#f2006e\u00bb][vc_empty_space height=\u00bb10px\u00bb]<div class=\"mkdf-section-title-holder  mkdf-st-standard mkdf-st-title-left mkdf-st-normal-space \" >\n\t<div class=\"mkdf-st-inner\">\n\t\t\t\t\t\t\t<h3 class=\"mkdf-st-text\" style=\"color: #f2006e;margin-top: 0px\">\n\t\t\t\tGarantizamos la firma digital de su contratos enviados mediante registro de voz a cualquier persona sea f\u00edsica o jur\u00eddica\t\t\t<\/h3>\n\t\t\t<\/div>\n<\/div>[vc_empty_space height=\u00bb15px\u00bb][\/vc_column][\/vc_row][vc_row css=\u00bb.vc_custom_1611564101557{margin-top: 20px !important;}\u00bb][vc_column width=\u00bb5\/6&#8243;][vc_column_text]<\/p>\n<p style=\"text-align: justify;\"><img class=\"size-medium wp-image-9949 alignleft\" src=\"https:\/\/fullsignature.eu\/wp-content\/uploads\/2021\/01\/izq-contratos-de-voz-500px-250x300.png\" alt=\"\" width=\"300\" srcset=\"https:\/\/fullsignature.eu\/wp-content\/uploads\/2021\/01\/izq-contratos-de-voz-500px-250x300.png 250w, https:\/\/fullsignature.eu\/wp-content\/uploads\/2021\/01\/izq-contratos-de-voz-500px.png 500w\" sizes=\"(max-width: 250px) 100vw, 250px\" \/><strong>Full Signature<\/strong> le otorga la posibilidad de enviar <strong>contratos electr\u00f3nicos de Voz<\/strong>, as\u00ed que podr\u00e1 grabar el contenido se su <span style=\"color: #0059a3;\"><strong>contracto mediante m\u00f3viles, PCS o Tablets<\/strong><\/span>; el contenido mismo ser\u00e1, sucesivamente notificado al destinatario, mediante eMail o SMS, el cual escuchara la registraci\u00f3n.<\/p>\n<p style=\"text-align: justify;\">Posteriormente, la persona receptora del contrato podr\u00e1 confirmar o denegar su conformidad al contrato vocal, contestando de manera vocal a la registraci\u00f3n que le ha sido notificada (por ej. confirmando o menos su voluntad a cuanto escuchado etc\u2026).<\/p>\n<p style=\"text-align: justify;\">Este proceso, es muy \u00fatil para los <strong>contratos<\/strong> que tienen que ser <strong><span style=\"color: #0059a3;\">enviados a muchas personas<\/span><\/strong>: garantiza un notable ahorra de tiempo, dado que se prev\u00e9, incluso, el envi\u00f3 masivo. Y, adem\u00e1s, resulta ser muy apto para aquellos tipos de<strong> contratos<\/strong> en el que el destinatario tiene que aceptar o menos determinadas condiciones (por ej. la aceptaci\u00f3n de los t\u00e9rminos y condiciones contractuales etc\u2026).<\/p>\n<p style=\"text-align: justify;\">Todo ello se realiza mediante un proceso <strong><span style=\"color: #0059a3;\">certificado legalmente que garantiza la m\u00e1xima seguridad<\/span><\/strong> en el seno de los procesos de firma de los distintos documentos.<\/p>\n<p>[\/vc_column_text][\/vc_column][vc_column width=\u00bb1\/6&#8243; css=\u00bb.vc_custom_1576064504591{margin-left: 2% !important;}\u00bb][vc_single_image image=\u00bb8574&#8243; img_size=\u00bb\u00bb alignment=\u00bbcenter\u00bb][\/vc_column][\/vc_row][vc_row][vc_column][vc_empty_space height=\u00bb50px\u00bb][\/vc_column][\/vc_row]<\/p>\n","protected":false},"excerpt":{"rendered":"<p>[vc_row][vc_column][rev_slider_vc alias=\u00bbfirma-de-contratos-de-voz\u00bb enable_paspartu=\u00bbno\u00bb][\/vc_column][\/vc_row][vc_row css=\u00bb.vc_custom_1611564113940{margin-top: 20px !important;}\u00bb][vc_column][vc_empty_space height=\u00bb10px\u00bb][vc_separator color=\u00bbcustom\u00bb style=\u00bbdotted\u00bb accent_color=\u00bb#f2006e\u00bb][vc_empty_space height=\u00bb10px\u00bb][vc_empty_space height=\u00bb15px\u00bb][\/vc_column][\/vc_row][vc_row css=\u00bb.vc_custom_1611564101557{margin-top: 20px !important;}\u00bb][vc_column width=\u00bb5\/6&#8243;][vc_column_text] Full Signature le otorga la posibilidad de enviar contratos electr\u00f3nicos de Voz, as\u00ed que podr\u00e1 grabar el contenido se su contracto mediante m\u00f3viles, PCS [&hellip;]<\/p>\n","protected":false},"author":2,"featured_media":0,"parent":0,"menu_order":0,"comment_status":"closed","ping_status":"closed","template":"","meta":[],"_links":{"self":[{"href":"https:\/\/fullsignature.eu\/index.php\/wp-json\/wp\/v2\/pages\/9106"}],"collection":[{"href":"https:\/\/fullsignature.eu\/index.php\/wp-json\/wp\/v2\/pages"}],"about":[{"href":"https:\/\/fullsignature.eu\/index.php\/wp-json\/wp\/v2\/types\/page"}],"author":[{"embeddable":true,"href":"https:\/\/fullsignature.eu\/index.php\/wp-json\/wp\/v2\/users\/2"}],"replies":[{"embeddable":true,"href":"https:\/\/fullsignature.eu\/index.php\/wp-json\/wp\/v2\/comments?post=9106"}],"version-history":[{"count":15,"href":"https:\/\/fullsignature.eu\/index.php\/wp-json\/wp\/v2\/pages\/9106\/revisions"}],"predecessor-version":[{"id":10077,"href":"https:\/\/fullsignature.eu\/index.php\/wp-json\/wp\/v2\/pages\/9106\/revisions\/10077"}],"wp:attachment":[{"href":"https:\/\/fullsignature.eu\/index.php\/wp-json\/wp\/v2\/media?parent=9106"}],"curies":[{"name":"wp","href":"https:\/\/api.w.org\/{rel}","templated":true}]}}