{"id":9108,"date":"2019-12-04T17:46:09","date_gmt":"2019-12-04T16:46:09","guid":{"rendered":"https:\/\/fullsignature.eu\/?page_id=9108"},"modified":"2021-09-24T13:11:12","modified_gmt":"2021-09-24T11:11:12","slug":"firma-de-contratos-en-app","status":"publish","type":"page","link":"https:\/\/fullsignature.eu\/index.php\/firma-de-contratos-en-app\/","title":{"rendered":"Firma de contratos en App"},"content":{"rendered":"<p>[vc_row][vc_column][rev_slider_vc alias=\u00bbfirma-en-app\u00bb enable_paspartu=\u00bbno\u00bb][\/vc_column][\/vc_row][vc_row css=\u00bb.vc_custom_1611566623149{margin-top: 20px !important;}\u00bb][vc_column]<div class=\"mkdf-section-title-holder  mkdf-st-standard mkdf-st-title-left mkdf-st-normal-space \" >\n\t<div class=\"mkdf-st-inner\">\n\t\t\t\t\t<h1 class=\"mkdf-st-title\" style=\"color: #0059a3\">\n\t\t\t\tFirma electr\u00f3nica de contratos con cualquier dispositivo m\u00f3vil\t\t\t<\/h1>\n\t\t\t\t\t<\/div>\n<\/div>[vc_empty_space height=\u00bb10px\u00bb][vc_separator color=\u00bbcustom\u00bb style=\u00bbdotted\u00bb accent_color=\u00bb#f2006e\u00bb][vc_empty_space height=\u00bb10px\u00bb]<div class=\"mkdf-section-title-holder  mkdf-st-standard mkdf-st-title-left mkdf-st-normal-space \" >\n\t<div class=\"mkdf-st-inner\">\n\t\t\t\t\t\t\t<h3 class=\"mkdf-st-text\" style=\"color: #f2006e;margin-top: 0px\">\n\t\t\t\tFirma de contratos digitales con la m\u00e1ximas garant\u00edas jur\u00eddicas a trav\u00e9s de m\u00f3viles, tablets, PCs, webs\u2026\t\t\t<\/h3>\n\t\t\t<\/div>\n<\/div>[vc_empty_space height=\u00bb15px\u00bb][\/vc_column][\/vc_row][vc_row css=\u00bb.vc_custom_1611566631713{margin-top: 20px !important;}\u00bb][vc_column width=\u00bb5\/6&#8243;][vc_column_text]<\/p>\n<p style=\"text-align: justify;\"><img class=\"size-medium wp-image-9957 alignleft\" src=\"https:\/\/fullsignature.eu\/wp-content\/uploads\/2021\/01\/izquierda-contratos-en-app-500px-242x300.png\" alt=\"\" width=\"300px\" srcset=\"https:\/\/fullsignature.eu\/wp-content\/uploads\/2021\/01\/izquierda-contratos-en-app-500px-242x300.png 242w, https:\/\/fullsignature.eu\/wp-content\/uploads\/2021\/01\/izquierda-contratos-en-app-500px.png 500w\" sizes=\"(max-width: 242px) 100vw, 242px\" \/><strong><span style=\"color: #0059a3;\">Full Signature<\/span><\/strong> le ofrece la posibilidad de realizar sus <span style=\"color: #0059a3;\">firmas digitales a trav\u00e9s cualquier dispositivo m\u00f3vil y a trav\u00e9s cualquier browser<\/span> y\/o sistema operativo (Windows, iOS, Android, etc..). Por todo ello, es necesaria, solamente, una conexi\u00f3n a Internet.<\/p>\n<p style=\"text-align: justify;\">Adem\u00e1s, si el cliente lo desea, <strong><span style=\"color: #0059a3;\">Full Signature &amp; Full Certificate<\/span><\/strong> pueden crear, a medida, un App. para sus firmas. Es decir, en conformidad a las necesidades del mercado, creamos App. \u201ctailor made\u201d.<\/p>\n<p style=\"text-align: justify;\">Todo ello determina un <span style=\"color: #0059a3;\">ahorro en costes, tiempo y el aumento de la eficacia<\/span> en sus proceso de firma electr\u00f3nica. Por ultimo, con nuestro servicio puede eliminar el papel y aumentar el ROI.<\/p>\n<p>Le permitimos simplificar los procesos de firma y aumentar la productividad.<\/p>\n<p style=\"text-align: justify;\">Con el Servicio ofrecido por parte de <strong><span style=\"color: #0059a3;\">Full Signature<\/span><\/strong> tendr\u00e1s en tu mano el poder de mantener el negocio en marcha. La principal soluci\u00f3n de firma electr\u00f3nica del mundo que permite<span style=\"color: #0059a3;\"> firmar documentos desde cualquier parte con validez legal al 100%<\/span>.<\/p>\n<p style=\"text-align: justify;\">Otorgamos la <strong><span style=\"color: #0059a3;\">m\u00e1xima validez legal<\/span><\/strong> en cuanto nuestras firmas electr\u00f3nicas est\u00e1n conforme a lo establecido en el Reglamento UE 910\/2014, conocido como eIDAS. Adem\u00e1s, cumplen lo establecido en la Legislaci\u00f3n Americana (US ESIGN Act).<\/p>\n<p style=\"text-align: justify;\">Un\u00a0<span style=\"color: #0059a3;\">servicio r\u00e1pido, econ\u00f3mico y ecol\u00f3gico<\/span>\u00a0a realizar desde <strong><span style=\"color: #0059a3;\">cualquier dispositivo m\u00f3vil<\/span><\/strong>. Adem\u00e1s ofrecemos, con todos nuestros productos, el servicio de\u00a0<span style=\"color: #0059a3;\">Testimonio Notarial<\/span>\u00a0bajo demanda.<\/p>\n<p>[\/vc_column_text][\/vc_column][vc_column width=\u00bb1\/6&#8243; css=\u00bb.vc_custom_1576064504591{margin-left: 2% !important;}\u00bb][vc_single_image image=\u00bb8574&#8243; img_size=\u00bb\u00bb alignment=\u00bbcenter\u00bb][\/vc_column][\/vc_row][vc_row][vc_column][vc_empty_space height=\u00bb50px\u00bb][\/vc_column][\/vc_row]<\/p>\n","protected":false},"excerpt":{"rendered":"<p>[vc_row][vc_column][rev_slider_vc alias=\u00bbfirma-en-app\u00bb enable_paspartu=\u00bbno\u00bb][\/vc_column][\/vc_row][vc_row css=\u00bb.vc_custom_1611566623149{margin-top: 20px !important;}\u00bb][vc_column][vc_empty_space height=\u00bb10px\u00bb][vc_separator color=\u00bbcustom\u00bb style=\u00bbdotted\u00bb accent_color=\u00bb#f2006e\u00bb][vc_empty_space height=\u00bb10px\u00bb][vc_empty_space height=\u00bb15px\u00bb][\/vc_column][\/vc_row][vc_row css=\u00bb.vc_custom_1611566631713{margin-top: 20px !important;}\u00bb][vc_column width=\u00bb5\/6&#8243;][vc_column_text] Full Signature le ofrece la posibilidad de realizar sus firmas digitales a trav\u00e9s cualquier dispositivo m\u00f3vil y a trav\u00e9s cualquier browser y\/o sistema operativo [&hellip;]<\/p>\n","protected":false},"author":2,"featured_media":0,"parent":0,"menu_order":0,"comment_status":"closed","ping_status":"closed","template":"","meta":[],"_links":{"self":[{"href":"https:\/\/fullsignature.eu\/index.php\/wp-json\/wp\/v2\/pages\/9108"}],"collection":[{"href":"https:\/\/fullsignature.eu\/index.php\/wp-json\/wp\/v2\/pages"}],"about":[{"href":"https:\/\/fullsignature.eu\/index.php\/wp-json\/wp\/v2\/types\/page"}],"author":[{"embeddable":true,"href":"https:\/\/fullsignature.eu\/index.php\/wp-json\/wp\/v2\/users\/2"}],"replies":[{"embeddable":true,"href":"https:\/\/fullsignature.eu\/index.php\/wp-json\/wp\/v2\/comments?post=9108"}],"version-history":[{"count":13,"href":"https:\/\/fullsignature.eu\/index.php\/wp-json\/wp\/v2\/pages\/9108\/revisions"}],"predecessor-version":[{"id":10183,"href":"https:\/\/fullsignature.eu\/index.php\/wp-json\/wp\/v2\/pages\/9108\/revisions\/10183"}],"wp:attachment":[{"href":"https:\/\/fullsignature.eu\/index.php\/wp-json\/wp\/v2\/media?parent=9108"}],"curies":[{"name":"wp","href":"https:\/\/api.w.org\/{rel}","templated":true}]}}