{"id":9122,"date":"2019-12-04T18:03:21","date_gmt":"2019-12-04T17:03:21","guid":{"rendered":"https:\/\/fullsignature.eu\/?page_id=9122"},"modified":"2021-07-19T14:55:19","modified_gmt":"2021-07-19T12:55:19","slug":"smart-charges","status":"publish","type":"page","link":"https:\/\/fullsignature.eu\/index.php\/smart-charges\/","title":{"rendered":"Smart Charges"},"content":{"rendered":"<p>[vc_row][vc_column][rev_slider_vc alias=\u00bbsmart-charges\u00bb enable_paspartu=\u00bbno\u00bb][\/vc_column][\/vc_row][vc_row css=\u00bb.vc_custom_1611304162550{margin-top: 20px !important;}\u00bb][vc_column]<div class=\"mkdf-section-title-holder  mkdf-st-standard mkdf-st-title-left mkdf-st-normal-space \" >\n\t<div class=\"mkdf-st-inner\">\n\t\t\t\t\t<h1 class=\"mkdf-st-title\" style=\"color: #0059a3\">\n\t\t\t\tSmart Charges\u2013 Cobros y Pagos Inteligentes\t\t\t<\/h1>\n\t\t\t\t\t<\/div>\n<\/div>[vc_empty_space height=\u00bb10px\u00bb][vc_separator color=\u00bbcustom\u00bb style=\u00bbdotted\u00bb accent_color=\u00bb#f2006e\u00bb][vc_empty_space height=\u00bb10px\u00bb]<div class=\"mkdf-section-title-holder  mkdf-st-standard mkdf-st-title-left mkdf-st-normal-space \" >\n\t<div class=\"mkdf-st-inner\">\n\t\t\t\t\t\t\t<h3 class=\"mkdf-st-text\" style=\"color: #f2006e;margin-top: 0px\">\n\t\t\t\tProcesos de cobros y pagos electr\u00f3nicos con posibilidad de integraci\u00f3n con los procesos de contratos inteligentes y facturaci\u00f3n automatizada y recobro certificado\t\t\t<\/h3>\n\t\t\t<\/div>\n<\/div>[vc_empty_space height=\u00bb15px\u00bb][\/vc_column][\/vc_row][vc_row css=\u00bb.vc_custom_1611304193254{margin-top: 20px !important;}\u00bb][vc_column width=\u00bb5\/6&#8243;][vc_row_inner][vc_column_inner][vc_column_text]<\/p>\n<p style=\"text-align: justify;\"><img class=\"size-medium wp-image-9888 alignleft\" src=\"https:\/\/fullsignature.eu\/wp-content\/uploads\/2021\/01\/izq-smart-charges-500px-2.png\" alt=\"\" width=\"300\" \/><strong><span style=\"color: #0059a3;\">Smart Payments<\/span><\/strong> brinda la oportunidad de realizar <strong><span style=\"color: #0059a3;\">cobros y pagos inteligentes de manera autom\u00e1tica, masiva o puntual<\/span><\/strong>, de una forma sencilla, eficiente y r\u00e1pida.<\/p>\n<p style=\"text-align: justify;\">Son\u00a0<strong>procesos telem\u00e1ticos\u00a0de\u00a0Cobros y Pagos\u00a0SEPA,\u00a0Single Euro Payments Area<\/strong>.\u00a0Por ejemplo,\u00a0cobros y pagos\u00a0mediante\u00a0<strong>TPV<\/strong>s recurrentes\u00a0o\u00a0recibos domiciliados automatizados\u00a0mediante mandato o acuerdo electr\u00f3nico de pago y domiciliaci\u00f3n mediante el cual\u00a0el cliente final autoriza\u00a0a realizar\u00a0el cargo en una cuenta o tarjeta\u00a0que haya asignado al proceso.<\/p>\n<p style=\"text-align: justify;\">Con nuestro servicio se pueden utilizar las modalidades del tipo <strong><span style=\"color: #0059a3;\">SEPA<\/span> <\/strong>payments m\u00e1s preguntadas por el mercado, que son las siguientes:<\/p>\n<ul>\n<li>Modalidad SEPA <strong>Core<\/strong><\/li>\n<li>Modalidad SEPA <strong>B2B<\/strong><\/li>\n<\/ul>\n<p style=\"text-align: justify;\">Desarrollamos\u00a0servicios electr\u00f3nicos avanzados\u00a0que <strong><span style=\"color: #0059a3;\">aportan\u00a0grandes beneficios<\/span><\/strong>\u00a0para los profesionales, empresas y organizaciones y sus clientes.<\/p>\n<p style=\"text-align: justify;\"><strong>Smart Charges\u00a0&amp;\u00a0Full Signature<\/strong>,\u00a0\u00a0<strong><span style=\"color: #0059a3;\">Tercero de Confianza Europeo<\/span><\/strong>,\u00a0le garantiza que\u00a0sus comunicaciones y acuerdos tendr\u00e1n\u00a0<strong><span style=\"color: #0059a3;\">total validez legal<\/span><\/strong>.<\/p>\n<p>[\/vc_column_text][\/vc_column_inner][\/vc_row_inner][\/vc_column][vc_column width=\u00bb1\/6&#8243; css=\u00bb.vc_custom_1576064504591{margin-left: 2% !important;}\u00bb][vc_single_image image=\u00bb9881&#8243; img_size=\u00bb\u00bb alignment=\u00bbcenter\u00bb][\/vc_column][vc_column width=\u00bb1\/6&#8243;][\/vc_column][\/vc_row][vc_row][vc_column][vc_empty_space height=\u00bb50px\u00bb][\/vc_column][\/vc_row]<\/p>\n","protected":false},"excerpt":{"rendered":"<p>[vc_row][vc_column][rev_slider_vc alias=\u00bbsmart-charges\u00bb enable_paspartu=\u00bbno\u00bb][\/vc_column][\/vc_row][vc_row css=\u00bb.vc_custom_1611304162550{margin-top: 20px !important;}\u00bb][vc_column][vc_empty_space height=\u00bb10px\u00bb][vc_separator color=\u00bbcustom\u00bb style=\u00bbdotted\u00bb accent_color=\u00bb#f2006e\u00bb][vc_empty_space height=\u00bb10px\u00bb][vc_empty_space height=\u00bb15px\u00bb][\/vc_column][\/vc_row][vc_row css=\u00bb.vc_custom_1611304193254{margin-top: 20px !important;}\u00bb][vc_column width=\u00bb5\/6&#8243;][vc_row_inner][vc_column_inner][vc_column_text] Smart Payments brinda la oportunidad de realizar cobros y pagos inteligentes de manera autom\u00e1tica, masiva o puntual, de una forma sencilla, eficiente y r\u00e1pida. [&hellip;]<\/p>\n","protected":false},"author":2,"featured_media":0,"parent":0,"menu_order":0,"comment_status":"closed","ping_status":"closed","template":"","meta":[],"_links":{"self":[{"href":"https:\/\/fullsignature.eu\/index.php\/wp-json\/wp\/v2\/pages\/9122"}],"collection":[{"href":"https:\/\/fullsignature.eu\/index.php\/wp-json\/wp\/v2\/pages"}],"about":[{"href":"https:\/\/fullsignature.eu\/index.php\/wp-json\/wp\/v2\/types\/page"}],"author":[{"embeddable":true,"href":"https:\/\/fullsignature.eu\/index.php\/wp-json\/wp\/v2\/users\/2"}],"replies":[{"embeddable":true,"href":"https:\/\/fullsignature.eu\/index.php\/wp-json\/wp\/v2\/comments?post=9122"}],"version-history":[{"count":16,"href":"https:\/\/fullsignature.eu\/index.php\/wp-json\/wp\/v2\/pages\/9122\/revisions"}],"predecessor-version":[{"id":10091,"href":"https:\/\/fullsignature.eu\/index.php\/wp-json\/wp\/v2\/pages\/9122\/revisions\/10091"}],"wp:attachment":[{"href":"https:\/\/fullsignature.eu\/index.php\/wp-json\/wp\/v2\/media?parent=9122"}],"curies":[{"name":"wp","href":"https:\/\/api.w.org\/{rel}","templated":true}]}}