{"id":9142,"date":"2019-12-05T13:00:45","date_gmt":"2019-12-05T12:00:45","guid":{"rendered":"https:\/\/fullsignature.eu\/?page_id=9142"},"modified":"2019-12-05T13:30:16","modified_gmt":"2019-12-05T12:30:16","slug":"aviso-legal","status":"publish","type":"page","link":"https:\/\/fullsignature.eu\/index.php\/aviso-legal\/","title":{"rendered":"Aviso legal"},"content":{"rendered":"<p>[vc_row][vc_column][vc_column_text]<\/p>\n<h3>AVISO LEGAL \u2013 T\u00c9RMINOS Y CONDICIONES<\/h3>\n<h4>I.- OBJETO DEL SERVICIO<\/h4>\n<p>FULL SIGNATURE es un PRESTADOR DE SERVICIOS ELECTR\u00d3NICOS DE CONFIANZA. Su portal web www.fullsignature.eu es un Portal Online de Servicios de Certificaci\u00f3n Electr\u00f3nica cuyo objeto b\u00e1sico y principal es ofrecer una amplia gama de servicios certificados como son comunicaciones con validez legal entre USUARIOS y\/o EMPRESAS a trav\u00e9s de Burofax Online, eMail Certificado, SMS Certificado y Fax Certificado.<br \/>\nAs\u00ed como otros servicios de certificaci\u00f3n electr\u00f3nica como son: eGobierno Certificado, Voto Electr\u00f3nico Certificado, Videograbaci\u00f3n Certificada, Contratos Online Certificados, Llamadas Certificadas, Firma Online Certificada, Acuerdos Certificados, SEPA, Facturas Certificadas, Documentos certificados, Ideas Certificadas, Recobro Online Certificado etc.<\/p>\n<h4>II.- IDENTIFICACI\u00d3N<\/h4>\n<p>FULL SIGNATURE es un servicio representado por FULL CERTIFICATE SL, en adelante FULL SIGNATURE &amp; FULL CERTIFICATE, con n\u00famero de identificaci\u00f3n fiscal B87336178 y domicilio en la calle Boix y Morer, 6. Planta 9. 28003. Madrid Con n\u00famero de tel\u00e9fono: +34 91 005 26 59.<\/p>\n<h4>III.- USUARIOS Y EMPRESAS REGISTRADAS EN EL PORTAL<\/h4>\n<p>Todo USUARIO del portal se obliga a registrar sus datos personales y, en el caso de las empresas, los datos de la EMPRESA y el de la persona que la representa. Estos datos deben ser introducidos con total fiabilidad. El correo electr\u00f3nico y el m\u00f3vil son datos fundamentales para la prestaci\u00f3n del servicio y son imprescindibles para el acceso y correcto funcionamiento de la plataforma.<\/p>\n<p>El registro es gratuito y en el caso de registro mediante cuentas personales como Gmail o Facebook \u00e9ste supone un acceso r\u00e1pido y dentro del sistema, EL USUARIO, deber\u00e1 validar el email introducido que le manda el sistema a su correo electr\u00f3nico. Posteriormente en la siguiente entrada al portal deber\u00e1 completar todos sus datos correctamente. Es relevante e importante que se registre aportando datos reales y veraces dado que forma parte del registro y de los certificados emitidos.<\/p>\n<p>EL USUARIO es el \u00fanico responsable de los contenidos y sus comunicaciones. El uso del portal ha de ser correcto, veraz, diligente y l\u00edcito y, en particular, se compromete a abstenerse de:<\/p>\n<p>Utilizar los servicios con fines contrarios a las leyes y normativas vigentes<br \/>\nA acceder o intentar acceder a datos de otros usuarios.<br \/>\nA captar o registrar cualquier dato de contacto del portal para enviar, por cualquier medio, publicidad o informaci\u00f3n comercial as\u00ed como a comercializar dichos datos.<br \/>\nA introducir virus inform\u00e1ticos en el sistema o realizar acciones susceptibles de estropear, anular o bloquear los servicios prestados.<br \/>\nA copiar sin autorizaci\u00f3n o vulnerar derechos de propiedad intelectual o industrial. A copiar y\/o publicar los contenidos e im\u00e1genes del portal.<br \/>\nA suplantar la identidad de otros usuarios o EMPRESAS u organismos.<br \/>\nEL USUARIO conoce y es responsable de las posibles repercusiones que tiene realizar env\u00edos y comunicados incorporando a los mismos Datos Personales protegidos por la LOPD. En estos casos EL USUARIO exime de cualquier responsabilidad y de las posibles repercusiones legales que pudieran afectar a FULL SIGNATURE.<\/p>\n<p>En el env\u00edo de Burofaxes, FULL SIGNATURE ha creado formularios de env\u00edo con \u00abopciones especiales de selecci\u00f3n\u00bb que, en el caso de comunicados con Datos Personales, deber\u00e1n siempre ser activadas: estas opciones de activaci\u00f3n son las siguientes: \u00abSobre especial de protecci\u00f3n de datos\u00bb y \u00abAcuse de Contenido sin datos personales\u00bb. Los tiempos de entrega est\u00e1n indicados dentro de los diferentes formularios de Servicio de Burofax y pueden variar de acuerdo a cada empresa de log\u00edstica con la que se trabaje. Siempre ser\u00e1n tiempos de entrega orientativos, en jornadas laborables de lunes a viernes sin contar d\u00edas festivos y fines de semana. Las entregas de Burofaxes se har\u00e1n en el horario laboral marcado por las empresas de mensajer\u00eda y no se permite fijar horas concretas de entrega, en todo caso, si podr\u00e1 sugerir horas de entrega preferentes como petici\u00f3n especial no vinculante. En el caso de que exista alg\u00fan servicio de entrega los s\u00e1bados ser\u00e1 indicado dentro del propio sistema.<\/p>\n<p>En el caso de procesos avanzados de datos con integraci\u00f3n v\u00eda WEB SERVICES o procesos similares con bases de datos externas de clientes o usuarios, es la EMPRESA la \u00fanica responsable de dichos datos, sus comunicados, la calidad y la fiabilidad de los mismos.<\/p>\n<p>El registro en el portal de Full Signature supone la autorizaci\u00f3n plena, amplia y expresa para recibir llamadas del servicio as\u00ed como comunicados electr\u00f3nicos de informaci\u00f3n y\/o publicidad del servicio como son eMails, SMS y Fax. Asimismo las partes acuerdan autorizar a FULL SIGNATURE y en los casos de existir un registro de empresas y\/o organizaciones de poder referenciarlas en su \u00e1rea de clientes y testimonios.<\/p>\n<h4>IV.- EXCLUSI\u00d3N DE RESPONSABILIDAD<\/h4>\n<p>FULL SIGNATURE acorde con la legislaci\u00f3n vigente y como PRESTADOR DE SERVICIOS ELECTR\u00d3NICOS DE CONFIANZA ha desarrollado su servicio Certificaci\u00f3n Electr\u00f3nica Online y, en ning\u00fan caso, ser\u00e1 responsable de las posibles repercusiones legales que pudieran ocasionar respecto de los comunicados, contratos y servicios utilizados por EL USUARIO a trav\u00e9s del portal.<\/p>\n<p>Asimismo, el portal de FULL SIGNATURE ofrece servicios online con disponibilidad 24 x 7 no garantizada. Los servicios y el portal pueden ser interrumpidos de forma parcial y limitada en tiempo por m\u00faltiples causas o bien de forma total por causas mayores. Para ello, y si fuera necesario, se anunciar\u00e1 en la P\u00e1gina de Acceso al sistema y\/o se comunicar\u00e1 por cualquier otro medio. En los servicios del tipo \u00abBurofax Online\u00bb los plazos para la primera entrega ser\u00e1n acordes con el tipo de servicio contratado, mismo d\u00eda, d\u00eda siguiente y 48 horas en los burofaxes est\u00e1ndar, siempre a contar desde el d\u00eda siguiente a la solicitud, excepto el Burofax mismo d\u00eda. Para siguientes entregas el plazo m\u00e1ximo ser\u00e1 de 21 d\u00edas de gesti\u00f3n a nivel de mensajer\u00edas y siete d\u00edas adicionales para la finalizaci\u00f3n del proceso.<\/p>\n<p>FULL SIGNATURE no asumir\u00e1 responsabilidad alguna en el caso de que se produjera alg\u00fan fallo en la entrega de la documentaci\u00f3n f\u00edsica cuando tal entrega deba verificarse por medios distintos de los electr\u00f3nicos. En el caso de existir alg\u00fan tipo de incidencia, FULL SIGNATURE facilitar\u00e1, si fuera necesario, todos los datos de contacto del operador log\u00edstico designado al efecto. Se proceder\u00e1 a certificar en negativo en aquellos Burofaxes cuyos destinatarios y\/0 cualquier persona en el domicilio (Ver opciones de entrega) no est\u00e9n presentes, rechacen recoger la documentaci\u00f3n por cualquier motivo, o bien la remitan a otra direcci\u00f3n. De igual forma se proceder\u00e1 cuando la direcci\u00f3n registrada en el sistema sea err\u00f3nea o cuando el usuario recoja la documentaci\u00f3n pero los datos aportados por el mismo no sean claros, suficientes y\/o veraces. Asimismo y, dependiendo de cada caso, FULL SIGNATURE se reserva la posibilidad de anular el env\u00edo procediendo a la devoluci\u00f3n del coste del mismo y su posterior abono en saldo en la cuenta del cliente.<\/p>\n<p>Las partes acuerdan que en el caso existir un error imputable a FULL SIGNATURE se proceder\u00e1 a la devoluci\u00f3n del coste del servicio en saldo disponible dentro del sistema. En el caso de Burofaxes urgentes, del tipo \u00abmismo d\u00eda\u00bb o \u00abd\u00eda siguiente\u00bb, si la empresa de mensajer\u00eda se retrasara e iniciase el servicio un d\u00eda posterior el usuario tiene derecho a la devoluci\u00f3n de la diferencia de precio entre los dos tipos de servicios. Adem\u00e1s, tiene el derecho de solicitar la cancelaci\u00f3n del servicio realizado y la devoluci\u00f3n integra del importe del mismo en el saldo de la cuenta del cliente suponiendo adem\u00e1s, en el caso de que se haya emitido, la anulaci\u00f3n del certificado emitido incluso si hubiera sido descargado.<\/p>\n<p>En cualquier caso, FULL SIGNATURE y EL USUARIO acuerdan que la cuant\u00eda m\u00e1xima que podr\u00eda asumir FULL SIGNATURE en los casos de posibles repercusiones legales por reclamaci\u00f3n de UN USUARIO \u00e9sta quedar\u00e1 limitada al valor econ\u00f3mico del servicio prestado.<\/p>\n<h4>V.- PROTECCI\u00d3N DE DATOS PERSONALES Y GARANT\u00cdA DE CONFIDENCIALIDAD DE LOS MISMOS<\/h4>\n<p>En cumplimiento de lo dispuesto en la Ley Org\u00e1nica 15\/1999 de 13 de Diciembre, de Protecci\u00f3n de Datos de Car\u00e1cter Personal as\u00ed como el Reglamento General de Protecci\u00f3n de Datos (RGPD) \u2013 Reglamento (UE) 2016\/679 del Parlamento Europeo y del Consejo \u2013 que sustituir\u00e1 a la actual normativa vigente y que comenzar\u00e1 a aplicarse el 25 de mayo de 2018, EL USUARIO podr\u00e1 en todo momento ejercitar los derechos de acceso, rectificaci\u00f3n, cancelaci\u00f3n y oposici\u00f3n, comunic\u00e1ndolo a FULL SIGNATURE por cualquiera de los medios puestos a su disposici\u00f3n y otorgando a FULL SIGNATURE el tiempo m\u00e1ximo indicado en la normativa vigente para proceder a dicha rectificaci\u00f3n, cancelaci\u00f3n o resoluci\u00f3n. FULL SIGNATURE garantiza la confidencialidad de los datos personales del USUARIO.<\/p>\n<h4>VI.- ACEPTACI\u00d3N DE LA INFORMACI\u00d3N, LOS SERVICIOS Y LAS CONDICIONES DEL PORTAL DE AVISOS CERTIFICADOS.<\/h4>\n<p>EL USUARIO entiende que la informaci\u00f3n y este Aviso Legal contenido en el portal de FULL SIGNATURE en relaci\u00f3n a sus servicios y condiciones generales de contrataci\u00f3n son aceptadas sin limitaciones en su totalidad. EL USUARIO otorga su pleno consentimiento y aceptaci\u00f3n a FULL SIGNATURE en el momento en el que EL USUARIO complete su registro.<\/p>\n<p>FULL SIGNATURE se reserva el derecho de \u00abanular o cancelar el acceso\u00bb, de \u00abpermitir o denegar el servicio\u00bb y de \u00abrestringir o ampliar\u00bb las funcionalidades del portal. El saldo de sus compras menos sus consumos estar\u00e1 siempre disponible en la cuenta de EL USUARIO. Este saldo solamente podr\u00e1 ser devuelto en el caso de anulaci\u00f3n del acceso o denegaci\u00f3n del servicio.<\/p>\n<p>Cualquier usuario podr\u00e1 solicitar la baja del servicio de FULL SIGNATURE, lo que supondr\u00e1 que sus datos personales y\/o de empresa, los certificados emitidos, las facturas y cualquier otro datos o documento del sistema ser\u00e1n bloqueados y quedar\u00e1n dados de baja. El usuario no podr\u00e1 volver a entrar al portal. Los certificados emitidos ser\u00e1n custodiados por imperativo legal por FULL SIGNATURE durante el periodo vigente en cada momento. En el caso de que quedara saldo disponible en el momento de la baja ese saldo ser\u00e1 anulado, perdiendo el cliente el derecho a un uso posterior y no podr\u00e1 ser reclamado a futuro desde el mismo momento de la solicitud de la baja. Para comunicar la baja a FULL SIGNATURE deber\u00e1 ser realizada por EL USUARIO por escrito, de forma fehaciente y certificada, dirigida a FULL SIGNATURE.<\/p>\n<h4>VIII. RESPONSABILIDAD SOBRE LOS FICHEROS DE DATOS PERSONALES, INFORMACI\u00d3N DE LAS CONDICIONES Y MODALIDADES DE EJERCICIO DEL DERECHO DE ACCESO.<\/h4>\n<p>Conforme a lo establecido en la Ley Org\u00e1nica 15\/99, de 13 de diciembre, de Protecci\u00f3n de Datos de Car\u00e1cter Personal (LOPD), el USUARIO podr\u00e1 solicitar y obtener informaci\u00f3n de sus datos de car\u00e1cter personal incluidos en los ficheros de los cuales FULL SIGNATURE sea responsable previa solicitud por escrito y posterior comprobaci\u00f3n f\u00edsica en las oficinas centrales de la empresa.<\/p>\n<p>FULL SIGNATURE ser\u00e1 responsable del fichero que contenga datos personales de sus USUARIOS y de su confidencialidad de acuerdo a la LOPD y la LSSI.<\/p>\n<h4>IX.- COMPRA DE SALDO Y TARIFAS<\/h4>\n<p>La compra de un Pack de saldo, en la moneda local del pa\u00eds, ser\u00e1 la que cada USUARIO desee o necesite en cada momento. El USUARIO compra saldo para canjearlos por los servicios generales de FULL SIGNATURE. El sistema emitir\u00e1 la factura de cada compra, en tiempo real, incluyendo el IVA. EL USUARIO no paga cuotas mensuales y su dinero estar\u00e1 disponible para consumos presentes y futuros durante toda la vida de su cuenta. Existen servicios avanzados mediante el pago de Altas y Cuotas peri\u00f3dicas que ser\u00e1n tratados de forma personalizada con cada cliente y servicio. La informaci\u00f3n sobre su saldo, compras y consumos, est\u00e1n reflejados en \u00abMi Cuenta\/Mi saldo\u00bb.<\/p>\n<p>El saldo disponible es sin iva y podr\u00e1 ser canjeado por los servicios de FULL SIGNATURE en cualquier momento. La compra de saldo no es reembolsable. La disponibilidad de saldo es inmediata en las compras por medios electr\u00f3nicos como es el TPV virtual. Las compra de saldo mediante transferencia bancaria estar\u00e1 disponible entre 2 y 4 d\u00edas h\u00e1biles desde el d\u00eda siguiente a la emisi\u00f3n por parte de EL USUARIO de la correspondiente transferencia bancaria. FULL SIGNATURE enviar\u00e1 las especificaciones completas para la realizaci\u00f3n de la transferencia bancaria por correo electr\u00f3nico a email registrado por EL CLIENTE.<\/p>\n<p>FULL SIGNATURE aplicar\u00e1 las tarifas vigentes en cada momento a todos sus productos conforme a lo especificado en ofertas concretas o tipo de servicio que escoja EL USUARIO. Los precios indicados en la web son precios orientativos. Los servicios pueden tener diferentes opciones de configuraci\u00f3n y precio. Los servicios pueden depender de varios factores como son el n\u00famero de p\u00e1ginas, el n\u00famero de documentos y peso de los mismos, los tiempos de entrega, el tipo de servicio, la zona geogr\u00e1fica, los niveles de cada servicio, etc. El cliente conocer\u00e1 el coste final de cada servicio seleccionado antes de realizar el env\u00edo que ser\u00e1 mostrando por el sistema una vez seleccionadas las diferentes opciones que haya elegido y cargado la documentaci\u00f3n que desee. Una vez ejecutado un env\u00edo o servicio, FULL SIGNATURE emitir\u00e1 autom\u00e1ticamente una nota de gasto.<\/p>\n<p>FULL SIGNATURE se reserva de forma unilateral la modificaci\u00f3n, en cualquier momento y para cualquier pa\u00eds, de sus Tarifas que estar\u00e1n publicadas en el portal y detalladas en su parte interior. Las facturas de la compra de cada Pack de Saldo son emitidas en tiempo real y cada USUARIO podr\u00e1 descargarlas dentro de su \u00e1rea personal \u201cMi Cuenta\/ Facturas\u201d. EL USUARIO podr\u00e1 descargar una nota de consumo de cada servicio en el mismo panel de descarga de los certificados emitidos. El sistema de pago estandarizado es mediante tarjeta de cr\u00e9dito.<\/p>\n<h4>X.- PRESTADOR DE SERVICIOS ELECTR\u00d3NICOS DE CONFIANZA (TERCERO DE CONFIANZA)<\/h4>\n<p>FULL SIGNATURE a trav\u00e9s de FULL CERTIFICATE SL act\u00faa como PRESTADOR DE SERVICIOS ELECTR\u00d3NICOS DE CONFIANZA de acuerdo con la Ley de Servicios de la Sociedad de la Informaci\u00f3n y de Comercio Electr\u00f3nico y de forma general en su articulado y m\u00e1s espec\u00edficamente a trav\u00e9s del Art\u00edculo 25 de la Ley 34\/2002 de 11 de julio y del Reglamento de la Uni\u00f3n Europea N\u00ba 910\/2014 del Parlamento Europeo y del Consejo de 23 de julio de 2014.<\/p>\n<p>Le recomendamos consulte la Ley de Servicios de la Sociedad de la Informaci\u00f3n y de Comercio Electr\u00f3nico de forma \u00edntegra y su posteriores modificaciones para el impulso de la Sociedad de la Informaci\u00f3n y de las Comunicaciones Electr\u00f3nicas como es la Ley 56\/2007. As\u00ed como la Ley de Firma Electr\u00f3nica de 19 de diciembre de 2003.<\/p>\n<h4>XI.- CONFIDENCIALIDAD<\/h4>\n<p>FULL SIGNATURE garantiza la confidencialidad de los datos personales de los USUARIOS consignados en los formularios de suscripci\u00f3n. Dichos datos solamente se utilizar\u00e1n para la gesti\u00f3n, administraci\u00f3n, prestaci\u00f3n, ampliaci\u00f3n y mejora de los servicios prestados a los USUARIOS , incluyendo el env\u00edo de actualizaciones de los servicios, el env\u00edo de informaci\u00f3n y publicidad relativa a los servicios de Certificaci\u00f3n electr\u00f3nica o de cualquiera otra comunicaci\u00f3n comercial.<\/p>\n<h4>XII.- GENERALIDADES<\/h4>\n<p>En caso de existir discrepancia entre lo establecido en las opciones de cada servicio y la informaci\u00f3n p\u00fablica del portal, prevalecer\u00e1 lo dispuesto en las condiciones de cada servicio en la zona interna del portal. Las promociones tendr\u00e1n la validez que se programen en el sistema, es decir, si un cup\u00f3n promocional no esta activo en el sistema se entiende que \u00e9ste no aplica y no tiene valor alguno.<\/p>\n<h4>XII.- JURISDICCI\u00d3N<\/h4>\n<p>Las posibles relaciones entre FULL SIGNATURE, USUARIOS y EMPRESAS se regir\u00e1n por la normativa vigente, la legislaci\u00f3n aplicable y la jurisdicci\u00f3n competente.<\/p>\n<p>En los casos en los que la normativa actual prevea la posibilidad a las partes de someterse a un fuero espec\u00edfico ambas partes renuncian expresamente a cualquier fuero que pudiera corresponderles y se someten nivel judicial para resolver sus conflictos, en primera instancia, a arbitraje en la Cuidad de Madrid y posteriormente a los Juzgados y Tribunales de la Ciudad de Madrid<\/p>\n<p><em><strong>\u00a9 Copyright FULL SIGNATURE<\/strong>. Todos los derechos reservados<\/em>[\/vc_column_text][\/vc_column][\/vc_row]<\/p>\n","protected":false},"excerpt":{"rendered":"<p>[vc_row][vc_column][vc_column_text] AVISO LEGAL \u2013 T\u00c9RMINOS Y CONDICIONES I.- OBJETO DEL SERVICIO FULL SIGNATURE es un PRESTADOR DE SERVICIOS ELECTR\u00d3NICOS DE CONFIANZA. Su portal web www.fullsignature.eu es un Portal Online de Servicios de Certificaci\u00f3n Electr\u00f3nica cuyo objeto b\u00e1sico y principal es [&hellip;]<\/p>\n","protected":false},"author":2,"featured_media":0,"parent":0,"menu_order":0,"comment_status":"closed","ping_status":"closed","template":"","meta":[],"_links":{"self":[{"href":"https:\/\/fullsignature.eu\/index.php\/wp-json\/wp\/v2\/pages\/9142"}],"collection":[{"href":"https:\/\/fullsignature.eu\/index.php\/wp-json\/wp\/v2\/pages"}],"about":[{"href":"https:\/\/fullsignature.eu\/index.php\/wp-json\/wp\/v2\/types\/page"}],"author":[{"embeddable":true,"href":"https:\/\/fullsignature.eu\/index.php\/wp-json\/wp\/v2\/users\/2"}],"replies":[{"embeddable":true,"href":"https:\/\/fullsignature.eu\/index.php\/wp-json\/wp\/v2\/comments?post=9142"}],"version-history":[{"count":8,"href":"https:\/\/fullsignature.eu\/index.php\/wp-json\/wp\/v2\/pages\/9142\/revisions"}],"predecessor-version":[{"id":9155,"href":"https:\/\/fullsignature.eu\/index.php\/wp-json\/wp\/v2\/pages\/9142\/revisions\/9155"}],"wp:attachment":[{"href":"https:\/\/fullsignature.eu\/index.php\/wp-json\/wp\/v2\/media?parent=9142"}],"curies":[{"name":"wp","href":"https:\/\/api.w.org\/{rel}","templated":true}]}}