{"id":9156,"date":"2019-12-05T13:32:21","date_gmt":"2019-12-05T12:32:21","guid":{"rendered":"https:\/\/fullsignature.eu\/?page_id=9156"},"modified":"2019-12-05T13:40:28","modified_gmt":"2019-12-05T12:40:28","slug":"politica-de-privacidad","status":"publish","type":"page","link":"https:\/\/fullsignature.eu\/index.php\/politica-de-privacidad\/","title":{"rendered":"Pol\u00edtica de privacidad"},"content":{"rendered":"<p>[vc_row][vc_column][vc_column_text]<\/p>\n<h3>POL\u00cdTICA DE PRIVACIDAD<\/h3>\n<p>Full Signature les comunica el cumplimiento de lo dispuesto en la Ley Org\u00e1nica 34\/2002, de 11 de julio de servicios de la sociedad de la informaci\u00f3n y de comercio electr\u00f3nico de la contrataci\u00f3n de bienes y servicios y la Ley org\u00e1nica 15\/1999 del 13 de Diciembre de Protecci\u00f3n de Datos y Car\u00e1cter personal as\u00ed como el REGLAMENTO (UE) 2016\/679 DEL PARLAMENTO EUROPEO Y DEL CONSEJO de 27 de abril de 2016 relativo a la protecci\u00f3n de las personas f\u00edsicas en lo que respecta al tratamiento de datos personales y a la libre circulaci\u00f3n de estos datos y por el que se deroga la Directiva 95\/46\/CE (Reglamento general de protecci\u00f3n de datos). Estableciendo en su pol\u00edtica de privacidad los siguientes puntos:<\/p>\n<p>\u2013 Los datos personales recabados por www.fullsignature.eu representada por Full Certificate SL (en adelante, FULL SIGNATURE) siempre son aportados por sus clientes actuales y potenciales de forma voluntaria y expresa permitiendo a FULL SIGNATURE las comunicaciones electr\u00f3nicas y tradicionales de cualquier tipo y, de forma especial, mediante email, sms y fax. Los datos ser\u00e1n incorporados en un fichero automatizado con la finalidad de permitir la gesti\u00f3n de comunicaciones entre FULL SIGNATURE y sus clientes actuales y potenciales. El usuario podr\u00e1 gestionar los derechos de acceso, rectificaci\u00f3n, cancelaci\u00f3n y oposici\u00f3n mediante comunicaci\u00f3n por cualquiera de los canales de contacto de la empresa y de forma especial las bajas de las comunicaciones electr\u00f3nicas mediante su \u00c1rea de Cliente en la zona de Mis Datos.<\/p>\n<p>\u2013 El uso de los datos personales de nuestros ficheros ser\u00e1 los necesarios para realizar los servicios encomendados as\u00ed como para cualquier comunicaci\u00f3n comercial y publicitaria entre FULL SIGNATURE y sus clientes (usuarios) y potenciales clientes. Los datos personales recogidos NO ser\u00e1n cedidos a terceras empresas.<\/p>\n<p>\u2013 Las partes podr\u00e1n pactar que un tercero archive las declaraciones de voluntad que integran los contratos electr\u00f3nicos y que consigne la fecha y la hora en que dichas comunicaciones han tenido lugar. La intervenci\u00f3n de dichos terceros no podr\u00e1 alterar ni sustituir las funciones que corresponde realizar a las personas facultadas con arreglo a Derecho para dar fe p\u00fablica.<\/p>\n<p>\u2013 El tercero deber\u00e1 archivar en soporte inform\u00e1tico las declaraciones que hubieran tenido lugar por v\u00eda telem\u00e1tica entre las partes por el tiempo estipulado que, en ning\u00fan caso, ser\u00e1 inferior a cinco a\u00f1os.<\/p>\n<p>\u2013 Para la determinaci\u00f3n de la ley aplicable a los contratos electr\u00f3nicos se estar\u00e1 a lo dispuesto en las normas de Derecho internacional privado del ordenamiento jur\u00eddico espa\u00f1ol, debiendo tomarse en consideraci\u00f3n para su aplicaci\u00f3n lo establecido en los art\u00edculos 2 y 3 de esta Ley.<\/p>\n<p>\u2013 Los datos personales registrados en el servicio de FULL SIGNATURE ser\u00e1n proporcionado voluntariamente por el solicitante y se guardar\u00e1n en un fichero automatizado de titularidad de dicho servicio. As\u00ed, se garantiza una comunicaci\u00f3n eficaz entre los solicitantes y el servicio de FULL SIGNATURE.<\/p>\n<p>\u2013 Los datos que se registren deber\u00e1n ser verdaderos, completos y actualizados, ya que ellos mismos son los responsables en caso de cualquier perjuicio o da\u00f1o que se pudiera ocasionar como consecuencia del incumplimiento de tal obligaci\u00f3n. Si los datos que se registren son de un Tercero, dicho usuario ser\u00e1 quien se encargue de informar a ese tercero de la pol\u00edtica de privacidad de FULL SIGNATURE.<\/p>\n<p>\u2013 El usuario que se registre por primera vez en la plataforma de FULL SIGNATURE deber\u00e1 rellenar todos los campos obligatorios que se le indiquen, ya que se consideran datos imprescindibles.<\/p>\n<p>\u2013 FULL SIGNATURE ha adoptado niveles de seguridad necesarios para la protecci\u00f3n de datos de los usuarios y garantizar as\u00ed la confidencialidad de los mismos. FULL SIGNATURE ha alojado servidores para evitar la p\u00e9rdida, mal uso, acceso no autorizado o robos de datos personales. FULL SIGNATURE no se har\u00e1 responsable por los da\u00f1os o perjuicio ocasionados por alteraciones que terceros pueden causar en los sistemas electr\u00f3nicos o ficheros del usuario.<\/p>\n<p>\u2013 FULL SIGNATURE solo remitir\u00e1 informaci\u00f3n al correo electr\u00f3nico del usuario en caso de que haya solicitado recibirla, ofreciendo siempre la posibilidad de darse de baja del servicio de FULL SIGNATURE.<\/p>\n<p>\u2013 FULL SIGNATURE puede utilizar o no cookies en su web. Por favor, lea nuestra Pol\u00edtica de cookies.<\/p>\n<p>\u2013 SI desea rectificar o cancelar sus datos, puede dirigirse mediante escrito identificado con la referencia \u201cProtecci\u00f3n de Datos\u201d a la siguiente direcci\u00f3n: C\/ Boix y Morer 6, 9\u00ba Dcha. 28003. Madrid, Espa\u00f1a o, si lo desea, a trav\u00e9s de cualquier comunicado electr\u00f3nico certificado o directamente mediante el \u00e1rea de clientes de www.fullsignature.eu. Si usted no desea recibir comunicaciones electr\u00f3nicas relativas a las actividades de FULL SIGNATURE, en cualquier momento, podr\u00e1 realizar su baja en su \u00e1rea de cliente.[\/vc_column_text][\/vc_column][\/vc_row]<\/p>\n","protected":false},"excerpt":{"rendered":"<p>[vc_row][vc_column][vc_column_text] POL\u00cdTICA DE PRIVACIDAD Full Signature les comunica el cumplimiento de lo dispuesto en la Ley Org\u00e1nica 34\/2002, de 11 de julio de servicios de la sociedad de la informaci\u00f3n y de comercio electr\u00f3nico de la contrataci\u00f3n de bienes y [&hellip;]<\/p>\n","protected":false},"author":2,"featured_media":0,"parent":0,"menu_order":0,"comment_status":"closed","ping_status":"closed","template":"","meta":[],"_links":{"self":[{"href":"https:\/\/fullsignature.eu\/index.php\/wp-json\/wp\/v2\/pages\/9156"}],"collection":[{"href":"https:\/\/fullsignature.eu\/index.php\/wp-json\/wp\/v2\/pages"}],"about":[{"href":"https:\/\/fullsignature.eu\/index.php\/wp-json\/wp\/v2\/types\/page"}],"author":[{"embeddable":true,"href":"https:\/\/fullsignature.eu\/index.php\/wp-json\/wp\/v2\/users\/2"}],"replies":[{"embeddable":true,"href":"https:\/\/fullsignature.eu\/index.php\/wp-json\/wp\/v2\/comments?post=9156"}],"version-history":[{"count":3,"href":"https:\/\/fullsignature.eu\/index.php\/wp-json\/wp\/v2\/pages\/9156\/revisions"}],"predecessor-version":[{"id":9160,"href":"https:\/\/fullsignature.eu\/index.php\/wp-json\/wp\/v2\/pages\/9156\/revisions\/9160"}],"wp:attachment":[{"href":"https:\/\/fullsignature.eu\/index.php\/wp-json\/wp\/v2\/media?parent=9156"}],"curies":[{"name":"wp","href":"https:\/\/api.w.org\/{rel}","templated":true}]}}